{"id":1306,"date":"2024-08-12T15:27:45","date_gmt":"2024-08-12T15:27:45","guid":{"rendered":"https:\/\/fruit-slots.com\/?page_id=1306"},"modified":"2024-08-12T15:28:50","modified_gmt":"2024-08-12T15:28:50","slug":"about-us","status":"publish","type":"page","link":"https:\/\/fruit-slots.com\/de\/about-us\/","title":{"rendered":"\u00dcber uns"},"content":{"rendered":"<div data-elementor-type=\"wp-page\" data-elementor-id=\"1306\" class=\"elementor elementor-1306\">\n\t\t\t\t<div class=\"elementor-element elementor-element-f8639cc e-flex e-con-boxed e-con e-parent\" data-id=\"f8639cc\" data-element_type=\"container\" data-e-type=\"container\" data-settings=\"{&quot;background_background&quot;:&quot;classic&quot;}\">\n\t\t\t\t\t<div class=\"e-con-inner\">\n\t\t<div class=\"elementor-element elementor-element-aac303b e-con-full e-flex e-con e-child\" data-id=\"aac303b\" data-element_type=\"container\" data-e-type=\"container\" data-settings=\"{&quot;background_background&quot;:&quot;classic&quot;}\">\n\t\t\t\t<div class=\"elementor-element elementor-element-293f1ef elementor-widget-tablet__width-inherit elementor-widget elementor-widget-heading\" data-id=\"293f1ef\" data-element_type=\"widget\" data-e-type=\"widget\" data-widget_type=\"heading.default\">\n\t\t\t\t<div class=\"elementor-widget-container\">\n\t\t\t\t\t<h1 class=\"elementor-heading-title elementor-size-default\">\u00dcber uns<\/h1>\t\t\t\t<\/div>\n\t\t\t\t<\/div>\n\t\t\t\t<div class=\"elementor-element elementor-element-96f36a2 elementor-widget__width-initial elementor-widget-tablet__width-inherit elementor-widget elementor-widget-text-editor\" data-id=\"96f36a2\" data-element_type=\"widget\" data-e-type=\"widget\" data-widget_type=\"text-editor.default\">\n\t\t\t\t<div class=\"elementor-widget-container\">\n\t\t\t\t\t\t\t\t\t<p><span style=\"font-weight: 400;\">Willkommen bei Fruit-Slots.com, Ihrer ma\u00dfgeblichen Quelle f\u00fcr detaillierte Bewertungen und Einblicke in die Online-Slots-Landschaft. Mit \u00fcber sechs Jahren Erfahrung im Bereich der Online-Gl\u00fccksspiele haben wir es uns zur Aufgabe gemacht, Sie durch die riesige Welt der Online-Spielautomaten zu f\u00fchren und sicherzustellen, dass Sie Ihr n\u00e4chstes Lieblingsspiel mit Leichtigkeit und Spannung finden.<\/span><\/p><h2><b>\u00dcber unser Fachwissen<\/b><\/h2><p><span style=\"font-weight: 400;\">Da die Beliebtheit von Online-Slots immer weiter zunimmt, haben wir uns verpflichtet, Ihnen ma\u00dfgebliche und gr\u00fcndliche Bewertungen der besten Slot-Spiele auf dem Markt zur Verf\u00fcgung zu stellen. Bei Fruit-Slots.com konzentrieren wir uns auf die Qualit\u00e4t der Grafiken, die Benutzerfreundlichkeit, die Spielmechanik, die Bonusfunktionen und die Fairness, um Ihnen das angenehmste und sicherste Spielerlebnis zu bieten.<\/span><\/p><p><span style=\"font-weight: 400;\">Wir nehmen die weltweit verf\u00fcgbaren Spielautomaten unter die Lupe, um diejenigen zu identifizieren, die ein hohes Ma\u00df an Unterhaltung, Sicherheit und Fairness bieten. Unser Team aus enthusiastischen Gl\u00fccksspielexperten ist unerm\u00fcdlich auf der Suche nach den besten Online-Slots, um sicherzustellen, dass unsere Empfehlungen sowohl zuverl\u00e4ssig als auch aufschlussreich sind.<\/span><\/p><h2><b>Unser Auftrag<\/b><\/h2><p><span style=\"font-weight: 400;\">Fruit-Slots.com hat es sich zur Aufgabe gemacht, Ihre Erfahrungen mit Online-Spielautomaten zu verbessern. Unser Ziel ist es, eine hilfreiche und unterst\u00fctzende Ressource f\u00fcr alle Liebhaber von Spielautomaten zu sein. Sollten Sie auf unserer Seite Informationen finden, die ungenau oder veraltet sind, entschuldigen wir uns und bitten Sie, uns zu kontaktieren, damit wir sie korrigieren k\u00f6nnen. Wir stellen sicher, dass unsere Rezensionen gut recherchiert und glaubw\u00fcrdig sind und nur die sichersten und unterhaltsamsten Spielautomaten empfehlen.<\/span><\/p><p><span style=\"font-weight: 400;\">Wir legen gro\u00dfen Wert auf eine einfache Navigation und ein benutzerfreundliches Design unserer Website, damit Sie problemlos auf die notwendigen Informationen zugreifen und fundierte Entscheidungen \u00fcber neue Automatenspiele treffen k\u00f6nnen. Unsere detaillierten und ehrlichen Bewertungen sollen Ihnen alle Informationen liefern, die Sie ben\u00f6tigen, um das richtige Spiel f\u00fcr Sie auszuw\u00e4hlen.<\/span><\/p><h2><b>\u00dcber unser Team<\/b><\/h2><p><span style=\"font-weight: 400;\">Fruit-Slots.com wird von einer vielf\u00e4ltigen Gruppe sachkundiger und leidenschaftlicher Personen mit unterschiedlichem Hintergrund betrieben, die alle durch ihre Liebe zum Online-Gl\u00fccksspiel vereint sind. Wir zeichnen uns dadurch aus, dass wir die neuesten Aktionen, Angebote und Nachrichten in der Welt der Online-Spielautomaten anbieten. Was uns auszeichnet, ist unser Engagement f\u00fcr eine weitreichende Vision, die \u00fcber reine Slot-Bewertungen hinausgeht und ein breiteres Spektrum an Online-Gaming-Unterhaltung umfasst.<\/span><\/p><p><span style=\"font-weight: 400;\">Kommen Sie zu Fruit-Slots.com, um die aufregende Welt der Online-Spielautomaten zu erkunden und zu genie\u00dfen, geleitet von unserem Fachwissen und unserer Hingabe, ein sicheres, unterhaltsames und lohnendes Spielerlebnis zu gew\u00e4hrleisten.<\/span><\/p>\t\t\t\t\t\t\t\t<\/div>\n\t\t\t\t<\/div>\n\t\t\t\t<div class=\"elementor-element elementor-element-7507df9 elementor-widget elementor-widget-spacer\" data-id=\"7507df9\" data-element_type=\"widget\" data-e-type=\"widget\" data-widget_type=\"spacer.default\">\n\t\t\t\t<div class=\"elementor-widget-container\">\n\t\t\t\t\t\t\t<div class=\"elementor-spacer\">\n\t\t\t<div class=\"elementor-spacer-inner\"><\/div>\n\t\t<\/div>\n\t\t\t\t\t\t<\/div>\n\t\t\t\t<\/div>\n\t\t\t\t<\/div>\n\t\t\t\t\t<\/div>\n\t\t\t\t<\/div>\n\t\t\t\t<\/div>","protected":false},"excerpt":{"rendered":"<p>About Us Welcome to Fruit-Slots.com, your definitive source for detailed reviews and insights into the online slots landscape. With over six years of expertise in the realm of online gambling, we&#8217;re dedicated to guiding you through the vast world of online slot games, ensuring you find your next favorite game with ease and excitement. About [&hellip;]<\/p>","protected":false},"author":1,"featured_media":1159,"parent":0,"menu_order":0,"comment_status":"closed","ping_status":"closed","template":"","meta":{"footnotes":""},"class_list":["post-1306","page","type-page","status-publish","has-post-thumbnail","hentry"],"blocksy_meta":{"has_hero_section":"disabled","styles_descriptor":{"styles":{"desktop":"","tablet":"","mobile":""},"google_fonts":[],"version":6}},"yoast_head":"<!-- This site is optimized with the Yoast SEO plugin v27.5 - https:\/\/yoast.com\/product\/yoast-seo-wordpress\/ -->\n<title>About Us - Fruit-Slots<\/title>\n<meta name=\"robots\" content=\"index, follow, max-snippet:-1, max-image-preview:large, max-video-preview:-1\" \/>\n<link rel=\"canonical\" href=\"https:\/\/fruit-slots.com\/de\/about-us\/\" \/>\n<meta property=\"og:locale\" content=\"de_DE\" \/>\n<meta property=\"og:type\" content=\"article\" \/>\n<meta property=\"og:title\" content=\"About Us - Fruit-Slots\" \/>\n<meta property=\"og:description\" content=\"About Us Welcome to Fruit-Slots.com, your definitive source for detailed reviews and insights into the online slots landscape. With over six years of expertise in the realm of online gambling, we&#8217;re dedicated to guiding you through the vast world of online slot games, ensuring you find your next favorite game with ease and excitement. About [&hellip;]\" \/>\n<meta property=\"og:url\" content=\"https:\/\/fruit-slots.com\/de\/about-us\/\" \/>\n<meta property=\"og:site_name\" content=\"Fruit-Slots\" \/>\n<meta property=\"article:modified_time\" content=\"2024-08-12T15:28:50+00:00\" \/>\n<meta property=\"og:image\" content=\"https:\/\/fruit-slots.com\/wp-content\/uploads\/2024\/08\/orig-1-min.png\" \/>\n\t<meta property=\"og:image:width\" content=\"800\" \/>\n\t<meta property=\"og:image:height\" content=\"470\" \/>\n\t<meta property=\"og:image:type\" content=\"image\/png\" \/>\n<meta name=\"twitter:card\" content=\"summary_large_image\" \/>\n<meta name=\"twitter:label1\" content=\"Gesch\u00e4tzte Lesezeit\" \/>\n\t<meta name=\"twitter:data1\" content=\"2\u00a0Minuten\" \/>\n<script type=\"application\/ld+json\" class=\"yoast-schema-graph\">{\"@context\":\"https:\\\/\\\/schema.org\",\"@graph\":[{\"@type\":\"WebPage\",\"@id\":\"https:\\\/\\\/fruit-slots.com\\\/about-us\\\/\",\"url\":\"https:\\\/\\\/fruit-slots.com\\\/about-us\\\/\",\"name\":\"About Us - Fruit-Slots\",\"isPartOf\":{\"@id\":\"https:\\\/\\\/fruit-slots.com\\\/#website\"},\"primaryImageOfPage\":{\"@id\":\"https:\\\/\\\/fruit-slots.com\\\/about-us\\\/#primaryimage\"},\"image\":{\"@id\":\"https:\\\/\\\/fruit-slots.com\\\/about-us\\\/#primaryimage\"},\"thumbnailUrl\":\"https:\\\/\\\/fruit-slots.com\\\/wp-content\\\/uploads\\\/2024\\\/08\\\/orig-1-min.png\",\"datePublished\":\"2024-08-12T15:27:45+00:00\",\"dateModified\":\"2024-08-12T15:28:50+00:00\",\"breadcrumb\":{\"@id\":\"https:\\\/\\\/fruit-slots.com\\\/about-us\\\/#breadcrumb\"},\"inLanguage\":\"de\",\"potentialAction\":[{\"@type\":\"ReadAction\",\"target\":[\"https:\\\/\\\/fruit-slots.com\\\/about-us\\\/\"]}]},{\"@type\":\"ImageObject\",\"inLanguage\":\"de\",\"@id\":\"https:\\\/\\\/fruit-slots.com\\\/about-us\\\/#primaryimage\",\"url\":\"https:\\\/\\\/fruit-slots.com\\\/wp-content\\\/uploads\\\/2024\\\/08\\\/orig-1-min.png\",\"contentUrl\":\"https:\\\/\\\/fruit-slots.com\\\/wp-content\\\/uploads\\\/2024\\\/08\\\/orig-1-min.png\",\"width\":800,\"height\":470},{\"@type\":\"BreadcrumbList\",\"@id\":\"https:\\\/\\\/fruit-slots.com\\\/about-us\\\/#breadcrumb\",\"itemListElement\":[{\"@type\":\"ListItem\",\"position\":1,\"name\":\"Home\",\"item\":\"https:\\\/\\\/fruit-slots.com\\\/\"},{\"@type\":\"ListItem\",\"position\":2,\"name\":\"About Us\"}]},{\"@type\":\"WebSite\",\"@id\":\"https:\\\/\\\/fruit-slots.com\\\/#website\",\"url\":\"https:\\\/\\\/fruit-slots.com\\\/\",\"name\":\"Fruit-Slots\",\"description\":\"My WordPress Blog\",\"publisher\":{\"@id\":\"https:\\\/\\\/fruit-slots.com\\\/#organization\"},\"potentialAction\":[{\"@type\":\"SearchAction\",\"target\":{\"@type\":\"EntryPoint\",\"urlTemplate\":\"https:\\\/\\\/fruit-slots.com\\\/?s={search_term_string}\"},\"query-input\":{\"@type\":\"PropertyValueSpecification\",\"valueRequired\":true,\"valueName\":\"search_term_string\"}}],\"inLanguage\":\"de\"},{\"@type\":\"Organization\",\"@id\":\"https:\\\/\\\/fruit-slots.com\\\/#organization\",\"name\":\"Fruit-Slots\",\"url\":\"https:\\\/\\\/fruit-slots.com\\\/\",\"logo\":{\"@type\":\"ImageObject\",\"inLanguage\":\"de\",\"@id\":\"https:\\\/\\\/fruit-slots.com\\\/#\\\/schema\\\/logo\\\/image\\\/\",\"url\":\"https:\\\/\\\/fruit-slots.com\\\/wp-content\\\/uploads\\\/2024\\\/08\\\/58e0b7d4-f614-4c61-9f33-df43065133d0-min.png\",\"contentUrl\":\"https:\\\/\\\/fruit-slots.com\\\/wp-content\\\/uploads\\\/2024\\\/08\\\/58e0b7d4-f614-4c61-9f33-df43065133d0-min.png\",\"width\":994,\"height\":564,\"caption\":\"Fruit-Slots\"},\"image\":{\"@id\":\"https:\\\/\\\/fruit-slots.com\\\/#\\\/schema\\\/logo\\\/image\\\/\"}}]}<\/script>\n<!-- \/ Yoast SEO plugin. -->","yoast_head_json":{"title":"About Us - Fruit-Slots","robots":{"index":"index","follow":"follow","max-snippet":"max-snippet:-1","max-image-preview":"max-image-preview:large","max-video-preview":"max-video-preview:-1"},"canonical":"https:\/\/fruit-slots.com\/de\/about-us\/","og_locale":"de_DE","og_type":"article","og_title":"About Us - Fruit-Slots","og_description":"About Us Welcome to Fruit-Slots.com, your definitive source for detailed reviews and insights into the online slots landscape. With over six years of expertise in the realm of online gambling, we&#8217;re dedicated to guiding you through the vast world of online slot games, ensuring you find your next favorite game with ease and excitement. About [&hellip;]","og_url":"https:\/\/fruit-slots.com\/de\/about-us\/","og_site_name":"Fruit-Slots","article_modified_time":"2024-08-12T15:28:50+00:00","og_image":[{"width":800,"height":470,"url":"https:\/\/fruit-slots.com\/wp-content\/uploads\/2024\/08\/orig-1-min.png","type":"image\/png"}],"twitter_card":"summary_large_image","twitter_misc":{"Gesch\u00e4tzte Lesezeit":"2\u00a0Minuten"},"schema":{"@context":"https:\/\/schema.org","@graph":[{"@type":"WebPage","@id":"https:\/\/fruit-slots.com\/about-us\/","url":"https:\/\/fruit-slots.com\/about-us\/","name":"About Us - Fruit-Slots","isPartOf":{"@id":"https:\/\/fruit-slots.com\/#website"},"primaryImageOfPage":{"@id":"https:\/\/fruit-slots.com\/about-us\/#primaryimage"},"image":{"@id":"https:\/\/fruit-slots.com\/about-us\/#primaryimage"},"thumbnailUrl":"https:\/\/fruit-slots.com\/wp-content\/uploads\/2024\/08\/orig-1-min.png","datePublished":"2024-08-12T15:27:45+00:00","dateModified":"2024-08-12T15:28:50+00:00","breadcrumb":{"@id":"https:\/\/fruit-slots.com\/about-us\/#breadcrumb"},"inLanguage":"de","potentialAction":[{"@type":"ReadAction","target":["https:\/\/fruit-slots.com\/about-us\/"]}]},{"@type":"ImageObject","inLanguage":"de","@id":"https:\/\/fruit-slots.com\/about-us\/#primaryimage","url":"https:\/\/fruit-slots.com\/wp-content\/uploads\/2024\/08\/orig-1-min.png","contentUrl":"https:\/\/fruit-slots.com\/wp-content\/uploads\/2024\/08\/orig-1-min.png","width":800,"height":470},{"@type":"BreadcrumbList","@id":"https:\/\/fruit-slots.com\/about-us\/#breadcrumb","itemListElement":[{"@type":"ListItem","position":1,"name":"Home","item":"https:\/\/fruit-slots.com\/"},{"@type":"ListItem","position":2,"name":"About Us"}]},{"@type":"WebSite","@id":"https:\/\/fruit-slots.com\/#website","url":"https:\/\/fruit-slots.com\/","name":"Fruit-Slots","description":"My WordPress Blog","publisher":{"@id":"https:\/\/fruit-slots.com\/#organization"},"potentialAction":[{"@type":"SearchAction","target":{"@type":"EntryPoint","urlTemplate":"https:\/\/fruit-slots.com\/?s={search_term_string}"},"query-input":{"@type":"PropertyValueSpecification","valueRequired":true,"valueName":"search_term_string"}}],"inLanguage":"de"},{"@type":"Organization","@id":"https:\/\/fruit-slots.com\/#organization","name":"Fruit-Slots","url":"https:\/\/fruit-slots.com\/","logo":{"@type":"ImageObject","inLanguage":"de","@id":"https:\/\/fruit-slots.com\/#\/schema\/logo\/image\/","url":"https:\/\/fruit-slots.com\/wp-content\/uploads\/2024\/08\/58e0b7d4-f614-4c61-9f33-df43065133d0-min.png","contentUrl":"https:\/\/fruit-slots.com\/wp-content\/uploads\/2024\/08\/58e0b7d4-f614-4c61-9f33-df43065133d0-min.png","width":994,"height":564,"caption":"Fruit-Slots"},"image":{"@id":"https:\/\/fruit-slots.com\/#\/schema\/logo\/image\/"}}]}},"_links":{"self":[{"href":"https:\/\/fruit-slots.com\/de\/wp-json\/wp\/v2\/pages\/1306","targetHints":{"allow":["GET"]}}],"collection":[{"href":"https:\/\/fruit-slots.com\/de\/wp-json\/wp\/v2\/pages"}],"about":[{"href":"https:\/\/fruit-slots.com\/de\/wp-json\/wp\/v2\/types\/page"}],"author":[{"embeddable":true,"href":"https:\/\/fruit-slots.com\/de\/wp-json\/wp\/v2\/users\/1"}],"replies":[{"embeddable":true,"href":"https:\/\/fruit-slots.com\/de\/wp-json\/wp\/v2\/comments?post=1306"}],"version-history":[{"count":0,"href":"https:\/\/fruit-slots.com\/de\/wp-json\/wp\/v2\/pages\/1306\/revisions"}],"wp:featuredmedia":[{"embeddable":true,"href":"https:\/\/fruit-slots.com\/de\/wp-json\/wp\/v2\/media\/1159"}],"wp:attachment":[{"href":"https:\/\/fruit-slots.com\/de\/wp-json\/wp\/v2\/media?parent=1306"}],"curies":[{"name":"wp","href":"https:\/\/api.w.org\/{rel}","templated":true}]}}