{"id":1296,"date":"2024-08-12T15:19:36","date_gmt":"2024-08-12T15:19:36","guid":{"rendered":"https:\/\/fruit-slots.com\/?page_id=1296"},"modified":"2024-08-12T15:25:30","modified_gmt":"2024-08-12T15:25:30","slug":"privacy-policy","status":"publish","type":"page","link":"https:\/\/fruit-slots.com\/es\/privacy-policy\/","title":{"rendered":"Pol\u00edtica de privacidad"},"content":{"rendered":"<div data-elementor-type=\"wp-page\" data-elementor-id=\"1296\" class=\"elementor elementor-1296\">\n\t\t\t\t<div class=\"elementor-element elementor-element-47783f9 e-flex e-con-boxed e-con e-parent\" data-id=\"47783f9\" data-element_type=\"container\" data-e-type=\"container\" data-settings=\"{&quot;background_background&quot;:&quot;classic&quot;}\">\n\t\t\t\t\t<div class=\"e-con-inner\">\n\t\t<div class=\"elementor-element elementor-element-97eb605 e-con-full e-flex e-con e-child\" data-id=\"97eb605\" data-element_type=\"container\" data-e-type=\"container\" data-settings=\"{&quot;background_background&quot;:&quot;classic&quot;}\">\n\t\t\t\t<div class=\"elementor-element elementor-element-bd17151 elementor-widget-tablet__width-inherit elementor-widget elementor-widget-heading\" data-id=\"bd17151\" data-element_type=\"widget\" data-e-type=\"widget\" data-widget_type=\"heading.default\">\n\t\t\t\t<div class=\"elementor-widget-container\">\n\t\t\t\t\t<h1 class=\"elementor-heading-title elementor-size-default\">Pol\u00edtica de privacidad de Fruit-Slots.com<\/h1>\t\t\t\t<\/div>\n\t\t\t\t<\/div>\n\t\t\t\t<div class=\"elementor-element elementor-element-ca9971a elementor-widget__width-initial elementor-widget-tablet__width-inherit elementor-widget elementor-widget-text-editor\" data-id=\"ca9971a\" data-element_type=\"widget\" data-e-type=\"widget\" data-widget_type=\"text-editor.default\">\n\t\t\t\t<div class=\"elementor-widget-container\">\n\t\t\t\t\t\t\t\t\t<p><i><span style=\"font-weight: 400;\">\u00daltima actualizaci\u00f3n: Agosto 2024<\/span><\/i><\/p><h2><b>Introducci\u00f3n<\/b><\/h2><p><span style=\"font-weight: 400;\">Gracias por elegir formar parte de nuestra comunidad en Fruit-Slots.com. Nos comprometemos a proteger su informaci\u00f3n personal y su derecho a la privacidad. Si tiene alguna pregunta o duda sobre esta pol\u00edtica de privacidad o sobre nuestras pr\u00e1cticas con respecto a su informaci\u00f3n personal, p\u00f3ngase en contacto con nosotros en support@fruit-slots.com.<\/span><\/p><p><span style=\"font-weight: 400;\">Cuando visite nuestro sitio web<\/span><a href=\"https:\/\/fruit-slots.com\/es\/\"> <span style=\"font-weight: 400;\">https:\/\/fruit-slots.com<\/span><\/a><span style=\"font-weight: 400;\"> (el \"Sitio Web\") y utiliza nuestros servicios, nos conf\u00eda sus datos personales. Nos tomamos muy en serio su privacidad. En esta pol\u00edtica de privacidad pretendemos explicarle de la forma m\u00e1s clara posible qu\u00e9 informaci\u00f3n recogemos, c\u00f3mo la utilizamos y qu\u00e9 derechos tiene usted en relaci\u00f3n con ella. Esperamos que dedique alg\u00fan tiempo a leerla detenidamente, ya que es importante.<\/span><\/p><h2><b>Informaci\u00f3n que recopilamos<\/b><\/h2><p><span style=\"font-weight: 400;\">Como sitio web dedicado a rese\u00f1ar tragaperras de juego, recopilamos informaci\u00f3n que nos ayuda a adaptar y mejorar nuestro contenido para usted. Esto incluye:<\/span><\/p><h3><b>Informaci\u00f3n personal identificable<\/b><\/h3><ul><li style=\"font-weight: 400;\" aria-level=\"1\"><b>Datos de contacto<\/b><span style=\"font-weight: 400;\">como su direcci\u00f3n de correo electr\u00f3nico, si se suscribe a nuestro bolet\u00edn.<\/span><\/li><li style=\"font-weight: 400;\" aria-level=\"1\"><b>Opiniones y experiencias de los usuarios<\/b><span style=\"font-weight: 400;\">sus preferencias y comentarios cuando interact\u00faa con nuestros servicios.<\/span><\/li><\/ul><h3><b>Informaci\u00f3n no personal<\/b><\/h3><ul><li style=\"font-weight: 400;\" aria-level=\"1\"><b>Datos de uso<\/b><span style=\"font-weight: 400;\">informaci\u00f3n como su direcci\u00f3n de protocolo de Internet (direcci\u00f3n IP), tipo de navegador, versi\u00f3n del navegador, las p\u00e1ginas de nuestro sitio que visita, la hora y la fecha de su visita, el tiempo que pasa en esas p\u00e1ginas, identificadores \u00fanicos de dispositivo y otros datos de diagn\u00f3stico.<\/span><\/li><li style=\"font-weight: 400;\" aria-level=\"1\"><b>Tecnolog\u00edas de seguimiento y cookies<\/b><span style=\"font-weight: 400;\">: Utilizamos cookies y tecnolog\u00edas de seguimiento similares para rastrear la actividad en nuestro sitio web y almacenar cierta informaci\u00f3n. Las cookies son archivos con una peque\u00f1a cantidad de datos que pueden incluir un identificador \u00fanico an\u00f3nimo.<\/span><\/li><\/ul><h2><b>C\u00f3mo utilizamos su informaci\u00f3n<\/b><\/h2><p><span style=\"font-weight: 400;\">Utilizamos la informaci\u00f3n que recopilamos de varias formas, entre ellas para:<\/span><\/p><ul><li style=\"font-weight: 400;\" aria-level=\"1\"><b>Proporcionar, operar y mantener nuestro sitio web<\/b><span style=\"font-weight: 400;\">: Garantizar que nuestro sitio ofrezca el contenido m\u00e1s relevante para sus intereses y funcione sin problemas.<\/span><\/li><li style=\"font-weight: 400;\" aria-level=\"1\"><b>Mejorar, personalizar y ampliar nuestro sitio web<\/b><span style=\"font-weight: 400;\">: Comprender c\u00f3mo interact\u00faan nuestros usuarios con el sitio nos permite mejorar la experiencia del usuario a\u00f1adiendo caracter\u00edsticas y funcionalidades basadas en el comportamiento y las preferencias del usuario.<\/span><\/li><li style=\"font-weight: 400;\" aria-level=\"1\"><b>Comprender y analizar c\u00f3mo utiliza nuestro sitio web<\/b><span style=\"font-weight: 400;\">: Los an\u00e1lisis nos ayudan a ver qu\u00e9 art\u00edculos y rese\u00f1as son m\u00e1s \u00fatiles o populares, y orientan nuestra estrategia de contenidos.<\/span><\/li><li style=\"font-weight: 400;\" aria-level=\"1\"><b>Desarrollar nuevos productos, servicios, caracter\u00edsticas y funcionalidades<\/b><span style=\"font-weight: 400;\">: Los comentarios y patrones de uso pueden influir directamente en nuestra hoja de ruta de desarrollo.<\/span><\/li><li style=\"font-weight: 400;\" aria-level=\"1\"><b>Comunicarnos con usted, ya sea directamente o a trav\u00e9s de uno de nuestros socios.<\/b><span style=\"font-weight: 400;\">: Para el servicio de atenci\u00f3n al cliente, para proporcionarle actualizaciones y otra informaci\u00f3n relacionada con el sitio web, y con fines de marketing y promoci\u00f3n.<\/span><\/li><li style=\"font-weight: 400;\" aria-level=\"1\"><b>Enviarle correos electr\u00f3nicos<\/b><span style=\"font-weight: 400;\">: Para mantenerle al d\u00eda de las nuevas rese\u00f1as y funciones, o de los cambios en nuestros t\u00e9rminos, condiciones y pol\u00edticas.<\/span><\/li><li style=\"font-weight: 400;\" aria-level=\"1\"><b>Detectar y prevenir el fraude<\/b><span style=\"font-weight: 400;\">: Para garantizar un entorno seguro para todos los usuarios.<\/span><\/li><\/ul><h2><b>Compartir su informaci\u00f3n<\/b><\/h2><p><span style=\"font-weight: 400;\">Valoramos su confianza al proporcionarnos sus datos personales, por lo que nos esforzamos por utilizar medios comercialmente aceptables para protegerlos. No obstante, estas son las condiciones en las que podemos compartir sus datos:<\/span><\/p><ul><li style=\"font-weight: 400;\" aria-level=\"1\"><b>Con los proveedores de servicios<\/b><span style=\"font-weight: 400;\">: Podemos compartir su informaci\u00f3n personal con proveedores de servicios para supervisar y analizar el uso de nuestro sitio web, para ponernos en contacto con usted.<\/span><\/li><li style=\"font-weight: 400;\" aria-level=\"1\"><b>Para transferencias de empresas<\/b><span style=\"font-weight: 400;\">: Si participamos en una fusi\u00f3n, adquisici\u00f3n o venta de activos, su Informaci\u00f3n Personal puede ser transferida.<\/span><\/li><li style=\"font-weight: 400;\" aria-level=\"1\"><b>Con los afiliados<\/b><span style=\"font-weight: 400;\">: Podemos compartir su informaci\u00f3n con nuestras filiales, en cuyo caso exigiremos a dichas filiales que respeten la presente Pol\u00edtica de Privacidad.<\/span><\/li><li style=\"font-weight: 400;\" aria-level=\"1\"><b>Con socios comerciales<\/b><span style=\"font-weight: 400;\">: Podemos compartir su informaci\u00f3n con nuestros socios comerciales para ofrecerle determinados productos, servicios o promociones.<\/span><\/li><li style=\"font-weight: 400;\" aria-level=\"1\"><b>Con otros usuarios<\/b><span style=\"font-weight: 400;\">: Si usted interact\u00faa con otros usuarios o se registra a trav\u00e9s de un Servicio de Medios Sociales de Terceros, sus contactos en el Servicio de Medios Sociales de Terceros pueden ver su nombre, perfil, fotos y descripci\u00f3n de su actividad.<\/span><\/li><li style=\"font-weight: 400;\" aria-level=\"1\"><b>Con su consentimiento<\/b><span style=\"font-weight: 400;\">: Podemos revelar su informaci\u00f3n personal para cualquier otro fin con su consentimiento.<\/span><\/li><\/ul><h2><b>Seguridad de su informaci\u00f3n<\/b><\/h2><p><span style=\"font-weight: 400;\">La seguridad de su informaci\u00f3n personal es importante para nosotros, pero recuerde que ning\u00fan m\u00e9todo de transmisi\u00f3n por Internet, o m\u00e9todo de almacenamiento electr\u00f3nico es 100% seguro. Aunque nos esforzamos por utilizar medios comercialmente aceptables para proteger su informaci\u00f3n personal, no podemos garantizar su seguridad absoluta.<\/span><\/p><h2><b>Sus derechos de privacidad<\/b><\/h2><p><span style=\"font-weight: 400;\">Dependiendo de su ubicaci\u00f3n (especialmente si reside en el Espacio Econ\u00f3mico Europeo (EEE)), usted tiene ciertos derechos de protecci\u00f3n de datos. Fruit-Slots.com tiene como objetivo tomar medidas razonables para permitirle corregir, modificar, eliminar o limitar el uso de sus Datos Personales.<\/span><\/p><p><span style=\"font-weight: 400;\">Si desea que le informemos de qu\u00e9 Datos Personales tenemos sobre usted y si quiere que los eliminemos de nuestros sistemas, p\u00f3ngase en contacto con nosotros.<\/span><\/p><h2><b>Enlaces a otros sitios web<\/b><\/h2><p><span style=\"font-weight: 400;\">Nuestro sitio web puede contener enlaces a otros sitios web no gestionados por nosotros. Si hace clic en un enlace de terceros, ser\u00e1 dirigido al sitio de ese tercero. Le recomendamos encarecidamente que revise la Pol\u00edtica de Privacidad de cada sitio que visite.<\/span><\/p><p><span style=\"font-weight: 400;\">No tenemos ning\u00fan control ni asumimos ninguna responsabilidad por el contenido, las pol\u00edticas de privacidad o las pr\u00e1cticas de los sitios o servicios de terceros.<\/span><\/p><h2><b>Cambios en esta pol\u00edtica de privacidad<\/b><\/h2><p><span style=\"font-weight: 400;\">Es posible que actualicemos nuestra Pol\u00edtica de Privacidad de vez en cuando. Le notificaremos cualquier cambio publicando la nueva Pol\u00edtica de Privacidad en esta p\u00e1gina.<\/span><\/p><p><span style=\"font-weight: 400;\">Le informaremos por correo electr\u00f3nico y\/o mediante un aviso destacado en nuestro sitio web, antes de que el cambio entre en vigor, y actualizaremos la fecha de \"\u00daltima actualizaci\u00f3n\" en la parte superior de esta Pol\u00edtica de privacidad.<\/span><\/p><p><span style=\"font-weight: 400;\">Le aconsejamos que revise peri\u00f3dicamente esta Pol\u00edtica de Privacidad para comprobar si se han producido cambios. Las modificaciones de esta Pol\u00edtica de Privacidad entrar\u00e1n en vigor cuando se publiquen en esta p\u00e1gina.<\/span><\/p><h2><b>P\u00f3ngase en contacto con nosotros<\/b><\/h2><p><span style=\"font-weight: 400;\">Si tiene alguna pregunta o sugerencia sobre nuestra Pol\u00edtica de Privacidad, no dude en ponerse en contacto con nosotros en info@fruit-slots.com.<\/span><\/p>\t\t\t\t\t\t\t\t<\/div>\n\t\t\t\t<\/div>\n\t\t\t\t<div class=\"elementor-element elementor-element-d1747cf elementor-widget elementor-widget-spacer\" data-id=\"d1747cf\" data-element_type=\"widget\" data-e-type=\"widget\" data-widget_type=\"spacer.default\">\n\t\t\t\t<div class=\"elementor-widget-container\">\n\t\t\t\t\t\t\t<div class=\"elementor-spacer\">\n\t\t\t<div class=\"elementor-spacer-inner\"><\/div>\n\t\t<\/div>\n\t\t\t\t\t\t<\/div>\n\t\t\t\t<\/div>\n\t\t\t\t<\/div>\n\t\t\t\t\t<\/div>\n\t\t\t\t<\/div>\n\t\t\t\t<\/div>","protected":false},"excerpt":{"rendered":"<p>Privacy Policy for Fruit-Slots.com Last updated: August 2024 Introduction Thank you for choosing to be part of our community at Fruit-Slots.com. We are committed to protecting your personal information and your right to privacy. If you have any questions or concerns about this privacy policy, or our practices with regards to your personal information, please [&hellip;]<\/p>","protected":false},"author":1,"featured_media":1159,"parent":0,"menu_order":0,"comment_status":"closed","ping_status":"closed","template":"","meta":{"footnotes":""},"class_list":["post-1296","page","type-page","status-publish","has-post-thumbnail","hentry"],"blocksy_meta":{"has_hero_section":"disabled","styles_descriptor":{"styles":{"desktop":"","tablet":"","mobile":""},"google_fonts":[],"version":6},"vertical_spacing_source":"custom"},"yoast_head":"<!-- This site is optimized with the Yoast SEO plugin v27.5 - https:\/\/yoast.com\/product\/yoast-seo-wordpress\/ -->\n<title>Privacy Policy - Fruit-Slots<\/title>\n<meta name=\"robots\" content=\"index, follow, max-snippet:-1, max-image-preview:large, max-video-preview:-1\" \/>\n<link rel=\"canonical\" href=\"https:\/\/fruit-slots.com\/es\/privacy-policy\/\" \/>\n<meta property=\"og:locale\" content=\"es_ES\" \/>\n<meta property=\"og:type\" content=\"article\" \/>\n<meta property=\"og:title\" content=\"Privacy Policy - Fruit-Slots\" \/>\n<meta property=\"og:description\" content=\"Privacy Policy for Fruit-Slots.com Last updated: August 2024 Introduction Thank you for choosing to be part of our community at Fruit-Slots.com. We are committed to protecting your personal information and your right to privacy. If you have any questions or concerns about this privacy policy, or our practices with regards to your personal information, please [&hellip;]\" \/>\n<meta property=\"og:url\" content=\"https:\/\/fruit-slots.com\/es\/privacy-policy\/\" \/>\n<meta property=\"og:site_name\" content=\"Fruit-Slots\" \/>\n<meta property=\"article:modified_time\" content=\"2024-08-12T15:25:30+00:00\" \/>\n<meta property=\"og:image\" content=\"https:\/\/fruit-slots.com\/wp-content\/uploads\/2024\/08\/orig-1-min.png\" \/>\n\t<meta property=\"og:image:width\" content=\"800\" \/>\n\t<meta property=\"og:image:height\" content=\"470\" \/>\n\t<meta property=\"og:image:type\" content=\"image\/png\" \/>\n<meta name=\"twitter:card\" content=\"summary_large_image\" \/>\n<meta name=\"twitter:label1\" content=\"Tiempo de lectura\" \/>\n\t<meta name=\"twitter:data1\" content=\"5 minutos\" \/>\n<script type=\"application\/ld+json\" class=\"yoast-schema-graph\">{\"@context\":\"https:\\\/\\\/schema.org\",\"@graph\":[{\"@type\":\"WebPage\",\"@id\":\"https:\\\/\\\/fruit-slots.com\\\/privacy-policy\\\/\",\"url\":\"https:\\\/\\\/fruit-slots.com\\\/privacy-policy\\\/\",\"name\":\"Privacy Policy - Fruit-Slots\",\"isPartOf\":{\"@id\":\"https:\\\/\\\/fruit-slots.com\\\/#website\"},\"primaryImageOfPage\":{\"@id\":\"https:\\\/\\\/fruit-slots.com\\\/privacy-policy\\\/#primaryimage\"},\"image\":{\"@id\":\"https:\\\/\\\/fruit-slots.com\\\/privacy-policy\\\/#primaryimage\"},\"thumbnailUrl\":\"https:\\\/\\\/fruit-slots.com\\\/wp-content\\\/uploads\\\/2024\\\/08\\\/orig-1-min.png\",\"datePublished\":\"2024-08-12T15:19:36+00:00\",\"dateModified\":\"2024-08-12T15:25:30+00:00\",\"breadcrumb\":{\"@id\":\"https:\\\/\\\/fruit-slots.com\\\/privacy-policy\\\/#breadcrumb\"},\"inLanguage\":\"es\",\"potentialAction\":[{\"@type\":\"ReadAction\",\"target\":[\"https:\\\/\\\/fruit-slots.com\\\/privacy-policy\\\/\"]}]},{\"@type\":\"ImageObject\",\"inLanguage\":\"es\",\"@id\":\"https:\\\/\\\/fruit-slots.com\\\/privacy-policy\\\/#primaryimage\",\"url\":\"https:\\\/\\\/fruit-slots.com\\\/wp-content\\\/uploads\\\/2024\\\/08\\\/orig-1-min.png\",\"contentUrl\":\"https:\\\/\\\/fruit-slots.com\\\/wp-content\\\/uploads\\\/2024\\\/08\\\/orig-1-min.png\",\"width\":800,\"height\":470},{\"@type\":\"BreadcrumbList\",\"@id\":\"https:\\\/\\\/fruit-slots.com\\\/privacy-policy\\\/#breadcrumb\",\"itemListElement\":[{\"@type\":\"ListItem\",\"position\":1,\"name\":\"Home\",\"item\":\"https:\\\/\\\/fruit-slots.com\\\/\"},{\"@type\":\"ListItem\",\"position\":2,\"name\":\"Privacy Policy\"}]},{\"@type\":\"WebSite\",\"@id\":\"https:\\\/\\\/fruit-slots.com\\\/#website\",\"url\":\"https:\\\/\\\/fruit-slots.com\\\/\",\"name\":\"Fruit-Slots\",\"description\":\"My WordPress Blog\",\"publisher\":{\"@id\":\"https:\\\/\\\/fruit-slots.com\\\/#organization\"},\"potentialAction\":[{\"@type\":\"SearchAction\",\"target\":{\"@type\":\"EntryPoint\",\"urlTemplate\":\"https:\\\/\\\/fruit-slots.com\\\/?s={search_term_string}\"},\"query-input\":{\"@type\":\"PropertyValueSpecification\",\"valueRequired\":true,\"valueName\":\"search_term_string\"}}],\"inLanguage\":\"es\"},{\"@type\":\"Organization\",\"@id\":\"https:\\\/\\\/fruit-slots.com\\\/#organization\",\"name\":\"Fruit-Slots\",\"url\":\"https:\\\/\\\/fruit-slots.com\\\/\",\"logo\":{\"@type\":\"ImageObject\",\"inLanguage\":\"es\",\"@id\":\"https:\\\/\\\/fruit-slots.com\\\/#\\\/schema\\\/logo\\\/image\\\/\",\"url\":\"https:\\\/\\\/fruit-slots.com\\\/wp-content\\\/uploads\\\/2024\\\/08\\\/58e0b7d4-f614-4c61-9f33-df43065133d0-min.png\",\"contentUrl\":\"https:\\\/\\\/fruit-slots.com\\\/wp-content\\\/uploads\\\/2024\\\/08\\\/58e0b7d4-f614-4c61-9f33-df43065133d0-min.png\",\"width\":994,\"height\":564,\"caption\":\"Fruit-Slots\"},\"image\":{\"@id\":\"https:\\\/\\\/fruit-slots.com\\\/#\\\/schema\\\/logo\\\/image\\\/\"}}]}<\/script>\n<!-- \/ Yoast SEO plugin. -->","yoast_head_json":{"title":"Privacy Policy - Fruit-Slots","robots":{"index":"index","follow":"follow","max-snippet":"max-snippet:-1","max-image-preview":"max-image-preview:large","max-video-preview":"max-video-preview:-1"},"canonical":"https:\/\/fruit-slots.com\/es\/privacy-policy\/","og_locale":"es_ES","og_type":"article","og_title":"Privacy Policy - Fruit-Slots","og_description":"Privacy Policy for Fruit-Slots.com Last updated: August 2024 Introduction Thank you for choosing to be part of our community at Fruit-Slots.com. We are committed to protecting your personal information and your right to privacy. If you have any questions or concerns about this privacy policy, or our practices with regards to your personal information, please [&hellip;]","og_url":"https:\/\/fruit-slots.com\/es\/privacy-policy\/","og_site_name":"Fruit-Slots","article_modified_time":"2024-08-12T15:25:30+00:00","og_image":[{"width":800,"height":470,"url":"https:\/\/fruit-slots.com\/wp-content\/uploads\/2024\/08\/orig-1-min.png","type":"image\/png"}],"twitter_card":"summary_large_image","twitter_misc":{"Tiempo de lectura":"5 minutos"},"schema":{"@context":"https:\/\/schema.org","@graph":[{"@type":"WebPage","@id":"https:\/\/fruit-slots.com\/privacy-policy\/","url":"https:\/\/fruit-slots.com\/privacy-policy\/","name":"Privacy Policy - Fruit-Slots","isPartOf":{"@id":"https:\/\/fruit-slots.com\/#website"},"primaryImageOfPage":{"@id":"https:\/\/fruit-slots.com\/privacy-policy\/#primaryimage"},"image":{"@id":"https:\/\/fruit-slots.com\/privacy-policy\/#primaryimage"},"thumbnailUrl":"https:\/\/fruit-slots.com\/wp-content\/uploads\/2024\/08\/orig-1-min.png","datePublished":"2024-08-12T15:19:36+00:00","dateModified":"2024-08-12T15:25:30+00:00","breadcrumb":{"@id":"https:\/\/fruit-slots.com\/privacy-policy\/#breadcrumb"},"inLanguage":"es","potentialAction":[{"@type":"ReadAction","target":["https:\/\/fruit-slots.com\/privacy-policy\/"]}]},{"@type":"ImageObject","inLanguage":"es","@id":"https:\/\/fruit-slots.com\/privacy-policy\/#primaryimage","url":"https:\/\/fruit-slots.com\/wp-content\/uploads\/2024\/08\/orig-1-min.png","contentUrl":"https:\/\/fruit-slots.com\/wp-content\/uploads\/2024\/08\/orig-1-min.png","width":800,"height":470},{"@type":"BreadcrumbList","@id":"https:\/\/fruit-slots.com\/privacy-policy\/#breadcrumb","itemListElement":[{"@type":"ListItem","position":1,"name":"Home","item":"https:\/\/fruit-slots.com\/"},{"@type":"ListItem","position":2,"name":"Privacy Policy"}]},{"@type":"WebSite","@id":"https:\/\/fruit-slots.com\/#website","url":"https:\/\/fruit-slots.com\/","name":"Fruit-Slots","description":"My WordPress Blog","publisher":{"@id":"https:\/\/fruit-slots.com\/#organization"},"potentialAction":[{"@type":"SearchAction","target":{"@type":"EntryPoint","urlTemplate":"https:\/\/fruit-slots.com\/?s={search_term_string}"},"query-input":{"@type":"PropertyValueSpecification","valueRequired":true,"valueName":"search_term_string"}}],"inLanguage":"es"},{"@type":"Organization","@id":"https:\/\/fruit-slots.com\/#organization","name":"Fruit-Slots","url":"https:\/\/fruit-slots.com\/","logo":{"@type":"ImageObject","inLanguage":"es","@id":"https:\/\/fruit-slots.com\/#\/schema\/logo\/image\/","url":"https:\/\/fruit-slots.com\/wp-content\/uploads\/2024\/08\/58e0b7d4-f614-4c61-9f33-df43065133d0-min.png","contentUrl":"https:\/\/fruit-slots.com\/wp-content\/uploads\/2024\/08\/58e0b7d4-f614-4c61-9f33-df43065133d0-min.png","width":994,"height":564,"caption":"Fruit-Slots"},"image":{"@id":"https:\/\/fruit-slots.com\/#\/schema\/logo\/image\/"}}]}},"_links":{"self":[{"href":"https:\/\/fruit-slots.com\/es\/wp-json\/wp\/v2\/pages\/1296","targetHints":{"allow":["GET"]}}],"collection":[{"href":"https:\/\/fruit-slots.com\/es\/wp-json\/wp\/v2\/pages"}],"about":[{"href":"https:\/\/fruit-slots.com\/es\/wp-json\/wp\/v2\/types\/page"}],"author":[{"embeddable":true,"href":"https:\/\/fruit-slots.com\/es\/wp-json\/wp\/v2\/users\/1"}],"replies":[{"embeddable":true,"href":"https:\/\/fruit-slots.com\/es\/wp-json\/wp\/v2\/comments?post=1296"}],"version-history":[{"count":0,"href":"https:\/\/fruit-slots.com\/es\/wp-json\/wp\/v2\/pages\/1296\/revisions"}],"wp:featuredmedia":[{"embeddable":true,"href":"https:\/\/fruit-slots.com\/es\/wp-json\/wp\/v2\/media\/1159"}],"wp:attachment":[{"href":"https:\/\/fruit-slots.com\/es\/wp-json\/wp\/v2\/media?parent=1296"}],"curies":[{"name":"wp","href":"https:\/\/api.w.org\/{rel}","templated":true}]}}