{"id":1306,"date":"2024-08-12T15:27:45","date_gmt":"2024-08-12T15:27:45","guid":{"rendered":"https:\/\/fruit-slots.com\/?page_id=1306"},"modified":"2024-08-12T15:28:50","modified_gmt":"2024-08-12T15:28:50","slug":"about-us","status":"publish","type":"page","link":"https:\/\/fruit-slots.com\/es\/about-us\/","title":{"rendered":"Qui\u00e9nes somos"},"content":{"rendered":"<div data-elementor-type=\"wp-page\" data-elementor-id=\"1306\" class=\"elementor elementor-1306\">\n\t\t\t\t<div class=\"elementor-element elementor-element-f8639cc e-flex e-con-boxed e-con e-parent\" data-id=\"f8639cc\" data-element_type=\"container\" data-e-type=\"container\" data-settings=\"{&quot;background_background&quot;:&quot;classic&quot;}\">\n\t\t\t\t\t<div class=\"e-con-inner\">\n\t\t<div class=\"elementor-element elementor-element-aac303b e-con-full e-flex e-con e-child\" data-id=\"aac303b\" data-element_type=\"container\" data-e-type=\"container\" data-settings=\"{&quot;background_background&quot;:&quot;classic&quot;}\">\n\t\t\t\t<div class=\"elementor-element elementor-element-293f1ef elementor-widget-tablet__width-inherit elementor-widget elementor-widget-heading\" data-id=\"293f1ef\" data-element_type=\"widget\" data-e-type=\"widget\" data-widget_type=\"heading.default\">\n\t\t\t\t<div class=\"elementor-widget-container\">\n\t\t\t\t\t<h1 class=\"elementor-heading-title elementor-size-default\">Qui\u00e9nes somos<\/h1>\t\t\t\t<\/div>\n\t\t\t\t<\/div>\n\t\t\t\t<div class=\"elementor-element elementor-element-96f36a2 elementor-widget__width-initial elementor-widget-tablet__width-inherit elementor-widget elementor-widget-text-editor\" data-id=\"96f36a2\" data-element_type=\"widget\" data-e-type=\"widget\" data-widget_type=\"text-editor.default\">\n\t\t\t\t<div class=\"elementor-widget-container\">\n\t\t\t\t\t\t\t\t\t<p><span style=\"font-weight: 400;\">Bienvenido a Fruit-Slots.com, su fuente definitiva de rese\u00f1as detalladas y perspectivas sobre el panorama de las tragaperras en l\u00ednea. Con m\u00e1s de seis a\u00f1os de experiencia en el \u00e1mbito del juego online, nos dedicamos a guiarle a trav\u00e9s del vasto mundo de las tragaperras online, asegur\u00e1ndonos de que encuentre su pr\u00f3ximo juego favorito con facilidad y emoci\u00f3n.<\/span><\/p><h2><b>Nuestra experiencia<\/b><\/h2><p><span style=\"font-weight: 400;\">A medida que la popularidad de las tragaperras en l\u00ednea sigue aumentando, nos comprometemos a proporcionarle evaluaciones autorizadas y exhaustivas de los mejores juegos de tragaperras del mercado. En Fruit-Slots.com, nos centramos en la calidad de los gr\u00e1ficos, la experiencia del usuario, la mec\u00e1nica del juego, las funciones de bonificaci\u00f3n y la imparcialidad para ofrecerle las experiencias de juego m\u00e1s agradables y seguras.<\/span><\/p><p><span style=\"font-weight: 400;\">Analizamos a fondo los juegos de tragaperras disponibles en todo el mundo, con el objetivo de identificar aquellos que ofrecen un gran entretenimiento, seguridad y equidad. Nuestro equipo de entusiastas expertos en juegos busca sin descanso las mejores tragaperras online para garantizar que nuestras recomendaciones sean fiables y perspicaces.<\/span><\/p><h2><b>Nuestra misi\u00f3n<\/b><\/h2><p><span style=\"font-weight: 400;\">Fruit-Slots.com se dedica a mejorar su experiencia con las tragaperras online. Nuestro objetivo es ser un recurso \u00fatil y de apoyo para todos los entusiastas de los juegos de tragaperras. Si encuentra alguna informaci\u00f3n en nuestro sitio que le parezca inexacta o anticuada, le pedimos disculpas y le animamos a que se ponga en contacto con nosotros para corregirla. Nos aseguramos de que nuestras rese\u00f1as est\u00e9n bien documentadas y sean cre\u00edbles, promoviendo s\u00f3lo los juegos de tragaperras m\u00e1s seguros y divertidos.<\/span><\/p><p><span style=\"font-weight: 400;\">En nuestro sitio web damos prioridad a la navegaci\u00f3n sencilla y a un dise\u00f1o f\u00e1cil de usar, para que le resulte f\u00e1cil acceder a la informaci\u00f3n necesaria y tomar decisiones informadas sobre los nuevos juegos de tragaperras. Nuestras rese\u00f1as detalladas y honestas est\u00e1n dise\u00f1adas para proporcionarle toda la informaci\u00f3n que necesita para elegir el juego adecuado para usted.<\/span><\/p><h2><b>Nuestro equipo<\/b><\/h2><p><span style=\"font-weight: 400;\">Fruit-Slots.com est\u00e1 formado por un grupo diverso de personas con conocimientos y pasi\u00f3n de diferentes or\u00edgenes, todos unidos por su amor a los juegos en l\u00ednea. Destacamos por ofrecer las \u00faltimas promociones, ofertas y noticias del mundo de las tragaperras en l\u00ednea. Lo que nos distingue es nuestro compromiso con una visi\u00f3n amplia que va m\u00e1s all\u00e1 de las meras rese\u00f1as de tragaperras para abarcar una gama m\u00e1s amplia de entretenimiento de juego en l\u00ednea.<\/span><\/p><p><span style=\"font-weight: 400;\">\u00danase a nosotros en Fruit-Slots.com para explorar y disfrutar del apasionante mundo de las tragaperras en l\u00ednea, guiado por nuestra experiencia y dedicaci\u00f3n para garantizar una experiencia de juego segura, divertida y gratificante.<\/span><\/p>\t\t\t\t\t\t\t\t<\/div>\n\t\t\t\t<\/div>\n\t\t\t\t<div class=\"elementor-element elementor-element-7507df9 elementor-widget elementor-widget-spacer\" data-id=\"7507df9\" data-element_type=\"widget\" data-e-type=\"widget\" data-widget_type=\"spacer.default\">\n\t\t\t\t<div class=\"elementor-widget-container\">\n\t\t\t\t\t\t\t<div class=\"elementor-spacer\">\n\t\t\t<div class=\"elementor-spacer-inner\"><\/div>\n\t\t<\/div>\n\t\t\t\t\t\t<\/div>\n\t\t\t\t<\/div>\n\t\t\t\t<\/div>\n\t\t\t\t\t<\/div>\n\t\t\t\t<\/div>\n\t\t\t\t<\/div>","protected":false},"excerpt":{"rendered":"<p>About Us Welcome to Fruit-Slots.com, your definitive source for detailed reviews and insights into the online slots landscape. With over six years of expertise in the realm of online gambling, we&#8217;re dedicated to guiding you through the vast world of online slot games, ensuring you find your next favorite game with ease and excitement. About [&hellip;]<\/p>","protected":false},"author":1,"featured_media":1159,"parent":0,"menu_order":0,"comment_status":"closed","ping_status":"closed","template":"","meta":{"footnotes":""},"class_list":["post-1306","page","type-page","status-publish","has-post-thumbnail","hentry"],"blocksy_meta":{"has_hero_section":"disabled","styles_descriptor":{"styles":{"desktop":"","tablet":"","mobile":""},"google_fonts":[],"version":6}},"yoast_head":"<!-- This site is optimized with the Yoast SEO plugin v27.5 - https:\/\/yoast.com\/product\/yoast-seo-wordpress\/ -->\n<title>About Us - Fruit-Slots<\/title>\n<meta name=\"robots\" content=\"index, follow, max-snippet:-1, max-image-preview:large, max-video-preview:-1\" \/>\n<link rel=\"canonical\" href=\"https:\/\/fruit-slots.com\/es\/about-us\/\" \/>\n<meta property=\"og:locale\" content=\"es_ES\" \/>\n<meta property=\"og:type\" content=\"article\" \/>\n<meta property=\"og:title\" content=\"About Us - Fruit-Slots\" \/>\n<meta property=\"og:description\" content=\"About Us Welcome to Fruit-Slots.com, your definitive source for detailed reviews and insights into the online slots landscape. With over six years of expertise in the realm of online gambling, we&#8217;re dedicated to guiding you through the vast world of online slot games, ensuring you find your next favorite game with ease and excitement. About [&hellip;]\" \/>\n<meta property=\"og:url\" content=\"https:\/\/fruit-slots.com\/es\/about-us\/\" \/>\n<meta property=\"og:site_name\" content=\"Fruit-Slots\" \/>\n<meta property=\"article:modified_time\" content=\"2024-08-12T15:28:50+00:00\" \/>\n<meta property=\"og:image\" content=\"https:\/\/fruit-slots.com\/wp-content\/uploads\/2024\/08\/orig-1-min.png\" \/>\n\t<meta property=\"og:image:width\" content=\"800\" \/>\n\t<meta property=\"og:image:height\" content=\"470\" \/>\n\t<meta property=\"og:image:type\" content=\"image\/png\" \/>\n<meta name=\"twitter:card\" content=\"summary_large_image\" \/>\n<meta name=\"twitter:label1\" content=\"Tiempo de lectura\" \/>\n\t<meta name=\"twitter:data1\" content=\"2 minutos\" \/>\n<script type=\"application\/ld+json\" class=\"yoast-schema-graph\">{\"@context\":\"https:\\\/\\\/schema.org\",\"@graph\":[{\"@type\":\"WebPage\",\"@id\":\"https:\\\/\\\/fruit-slots.com\\\/about-us\\\/\",\"url\":\"https:\\\/\\\/fruit-slots.com\\\/about-us\\\/\",\"name\":\"About Us - Fruit-Slots\",\"isPartOf\":{\"@id\":\"https:\\\/\\\/fruit-slots.com\\\/#website\"},\"primaryImageOfPage\":{\"@id\":\"https:\\\/\\\/fruit-slots.com\\\/about-us\\\/#primaryimage\"},\"image\":{\"@id\":\"https:\\\/\\\/fruit-slots.com\\\/about-us\\\/#primaryimage\"},\"thumbnailUrl\":\"https:\\\/\\\/fruit-slots.com\\\/wp-content\\\/uploads\\\/2024\\\/08\\\/orig-1-min.png\",\"datePublished\":\"2024-08-12T15:27:45+00:00\",\"dateModified\":\"2024-08-12T15:28:50+00:00\",\"breadcrumb\":{\"@id\":\"https:\\\/\\\/fruit-slots.com\\\/about-us\\\/#breadcrumb\"},\"inLanguage\":\"es\",\"potentialAction\":[{\"@type\":\"ReadAction\",\"target\":[\"https:\\\/\\\/fruit-slots.com\\\/about-us\\\/\"]}]},{\"@type\":\"ImageObject\",\"inLanguage\":\"es\",\"@id\":\"https:\\\/\\\/fruit-slots.com\\\/about-us\\\/#primaryimage\",\"url\":\"https:\\\/\\\/fruit-slots.com\\\/wp-content\\\/uploads\\\/2024\\\/08\\\/orig-1-min.png\",\"contentUrl\":\"https:\\\/\\\/fruit-slots.com\\\/wp-content\\\/uploads\\\/2024\\\/08\\\/orig-1-min.png\",\"width\":800,\"height\":470},{\"@type\":\"BreadcrumbList\",\"@id\":\"https:\\\/\\\/fruit-slots.com\\\/about-us\\\/#breadcrumb\",\"itemListElement\":[{\"@type\":\"ListItem\",\"position\":1,\"name\":\"Home\",\"item\":\"https:\\\/\\\/fruit-slots.com\\\/\"},{\"@type\":\"ListItem\",\"position\":2,\"name\":\"About Us\"}]},{\"@type\":\"WebSite\",\"@id\":\"https:\\\/\\\/fruit-slots.com\\\/#website\",\"url\":\"https:\\\/\\\/fruit-slots.com\\\/\",\"name\":\"Fruit-Slots\",\"description\":\"My WordPress Blog\",\"publisher\":{\"@id\":\"https:\\\/\\\/fruit-slots.com\\\/#organization\"},\"potentialAction\":[{\"@type\":\"SearchAction\",\"target\":{\"@type\":\"EntryPoint\",\"urlTemplate\":\"https:\\\/\\\/fruit-slots.com\\\/?s={search_term_string}\"},\"query-input\":{\"@type\":\"PropertyValueSpecification\",\"valueRequired\":true,\"valueName\":\"search_term_string\"}}],\"inLanguage\":\"es\"},{\"@type\":\"Organization\",\"@id\":\"https:\\\/\\\/fruit-slots.com\\\/#organization\",\"name\":\"Fruit-Slots\",\"url\":\"https:\\\/\\\/fruit-slots.com\\\/\",\"logo\":{\"@type\":\"ImageObject\",\"inLanguage\":\"es\",\"@id\":\"https:\\\/\\\/fruit-slots.com\\\/#\\\/schema\\\/logo\\\/image\\\/\",\"url\":\"https:\\\/\\\/fruit-slots.com\\\/wp-content\\\/uploads\\\/2024\\\/08\\\/58e0b7d4-f614-4c61-9f33-df43065133d0-min.png\",\"contentUrl\":\"https:\\\/\\\/fruit-slots.com\\\/wp-content\\\/uploads\\\/2024\\\/08\\\/58e0b7d4-f614-4c61-9f33-df43065133d0-min.png\",\"width\":994,\"height\":564,\"caption\":\"Fruit-Slots\"},\"image\":{\"@id\":\"https:\\\/\\\/fruit-slots.com\\\/#\\\/schema\\\/logo\\\/image\\\/\"}}]}<\/script>\n<!-- \/ Yoast SEO plugin. -->","yoast_head_json":{"title":"About Us - Fruit-Slots","robots":{"index":"index","follow":"follow","max-snippet":"max-snippet:-1","max-image-preview":"max-image-preview:large","max-video-preview":"max-video-preview:-1"},"canonical":"https:\/\/fruit-slots.com\/es\/about-us\/","og_locale":"es_ES","og_type":"article","og_title":"About Us - Fruit-Slots","og_description":"About Us Welcome to Fruit-Slots.com, your definitive source for detailed reviews and insights into the online slots landscape. With over six years of expertise in the realm of online gambling, we&#8217;re dedicated to guiding you through the vast world of online slot games, ensuring you find your next favorite game with ease and excitement. About [&hellip;]","og_url":"https:\/\/fruit-slots.com\/es\/about-us\/","og_site_name":"Fruit-Slots","article_modified_time":"2024-08-12T15:28:50+00:00","og_image":[{"width":800,"height":470,"url":"https:\/\/fruit-slots.com\/wp-content\/uploads\/2024\/08\/orig-1-min.png","type":"image\/png"}],"twitter_card":"summary_large_image","twitter_misc":{"Tiempo de lectura":"2 minutos"},"schema":{"@context":"https:\/\/schema.org","@graph":[{"@type":"WebPage","@id":"https:\/\/fruit-slots.com\/about-us\/","url":"https:\/\/fruit-slots.com\/about-us\/","name":"About Us - Fruit-Slots","isPartOf":{"@id":"https:\/\/fruit-slots.com\/#website"},"primaryImageOfPage":{"@id":"https:\/\/fruit-slots.com\/about-us\/#primaryimage"},"image":{"@id":"https:\/\/fruit-slots.com\/about-us\/#primaryimage"},"thumbnailUrl":"https:\/\/fruit-slots.com\/wp-content\/uploads\/2024\/08\/orig-1-min.png","datePublished":"2024-08-12T15:27:45+00:00","dateModified":"2024-08-12T15:28:50+00:00","breadcrumb":{"@id":"https:\/\/fruit-slots.com\/about-us\/#breadcrumb"},"inLanguage":"es","potentialAction":[{"@type":"ReadAction","target":["https:\/\/fruit-slots.com\/about-us\/"]}]},{"@type":"ImageObject","inLanguage":"es","@id":"https:\/\/fruit-slots.com\/about-us\/#primaryimage","url":"https:\/\/fruit-slots.com\/wp-content\/uploads\/2024\/08\/orig-1-min.png","contentUrl":"https:\/\/fruit-slots.com\/wp-content\/uploads\/2024\/08\/orig-1-min.png","width":800,"height":470},{"@type":"BreadcrumbList","@id":"https:\/\/fruit-slots.com\/about-us\/#breadcrumb","itemListElement":[{"@type":"ListItem","position":1,"name":"Home","item":"https:\/\/fruit-slots.com\/"},{"@type":"ListItem","position":2,"name":"About Us"}]},{"@type":"WebSite","@id":"https:\/\/fruit-slots.com\/#website","url":"https:\/\/fruit-slots.com\/","name":"Fruit-Slots","description":"My WordPress Blog","publisher":{"@id":"https:\/\/fruit-slots.com\/#organization"},"potentialAction":[{"@type":"SearchAction","target":{"@type":"EntryPoint","urlTemplate":"https:\/\/fruit-slots.com\/?s={search_term_string}"},"query-input":{"@type":"PropertyValueSpecification","valueRequired":true,"valueName":"search_term_string"}}],"inLanguage":"es"},{"@type":"Organization","@id":"https:\/\/fruit-slots.com\/#organization","name":"Fruit-Slots","url":"https:\/\/fruit-slots.com\/","logo":{"@type":"ImageObject","inLanguage":"es","@id":"https:\/\/fruit-slots.com\/#\/schema\/logo\/image\/","url":"https:\/\/fruit-slots.com\/wp-content\/uploads\/2024\/08\/58e0b7d4-f614-4c61-9f33-df43065133d0-min.png","contentUrl":"https:\/\/fruit-slots.com\/wp-content\/uploads\/2024\/08\/58e0b7d4-f614-4c61-9f33-df43065133d0-min.png","width":994,"height":564,"caption":"Fruit-Slots"},"image":{"@id":"https:\/\/fruit-slots.com\/#\/schema\/logo\/image\/"}}]}},"_links":{"self":[{"href":"https:\/\/fruit-slots.com\/es\/wp-json\/wp\/v2\/pages\/1306","targetHints":{"allow":["GET"]}}],"collection":[{"href":"https:\/\/fruit-slots.com\/es\/wp-json\/wp\/v2\/pages"}],"about":[{"href":"https:\/\/fruit-slots.com\/es\/wp-json\/wp\/v2\/types\/page"}],"author":[{"embeddable":true,"href":"https:\/\/fruit-slots.com\/es\/wp-json\/wp\/v2\/users\/1"}],"replies":[{"embeddable":true,"href":"https:\/\/fruit-slots.com\/es\/wp-json\/wp\/v2\/comments?post=1306"}],"version-history":[{"count":0,"href":"https:\/\/fruit-slots.com\/es\/wp-json\/wp\/v2\/pages\/1306\/revisions"}],"wp:featuredmedia":[{"embeddable":true,"href":"https:\/\/fruit-slots.com\/es\/wp-json\/wp\/v2\/media\/1159"}],"wp:attachment":[{"href":"https:\/\/fruit-slots.com\/es\/wp-json\/wp\/v2\/media?parent=1306"}],"curies":[{"name":"wp","href":"https:\/\/api.w.org\/{rel}","templated":true}]}}