{"id":1296,"date":"2024-08-12T15:19:36","date_gmt":"2024-08-12T15:19:36","guid":{"rendered":"https:\/\/fruit-slots.com\/?page_id=1296"},"modified":"2024-08-12T15:25:30","modified_gmt":"2024-08-12T15:25:30","slug":"privacy-policy","status":"publish","type":"page","link":"https:\/\/fruit-slots.com\/pl\/privacy-policy\/","title":{"rendered":"Polityka prywatno\u015bci"},"content":{"rendered":"<div data-elementor-type=\"wp-page\" data-elementor-id=\"1296\" class=\"elementor elementor-1296\">\n\t\t\t\t<div class=\"elementor-element elementor-element-47783f9 e-flex e-con-boxed e-con e-parent\" data-id=\"47783f9\" data-element_type=\"container\" data-e-type=\"container\" data-settings=\"{&quot;background_background&quot;:&quot;classic&quot;}\">\n\t\t\t\t\t<div class=\"e-con-inner\">\n\t\t<div class=\"elementor-element elementor-element-97eb605 e-con-full e-flex e-con e-child\" data-id=\"97eb605\" data-element_type=\"container\" data-e-type=\"container\" data-settings=\"{&quot;background_background&quot;:&quot;classic&quot;}\">\n\t\t\t\t<div class=\"elementor-element elementor-element-bd17151 elementor-widget-tablet__width-inherit elementor-widget elementor-widget-heading\" data-id=\"bd17151\" data-element_type=\"widget\" data-e-type=\"widget\" data-widget_type=\"heading.default\">\n\t\t\t\t<div class=\"elementor-widget-container\">\n\t\t\t\t\t<h1 class=\"elementor-heading-title elementor-size-default\">Polityka prywatno\u015bci dla Fruit-Slots.com<\/h1>\t\t\t\t<\/div>\n\t\t\t\t<\/div>\n\t\t\t\t<div class=\"elementor-element elementor-element-ca9971a elementor-widget__width-initial elementor-widget-tablet__width-inherit elementor-widget elementor-widget-text-editor\" data-id=\"ca9971a\" data-element_type=\"widget\" data-e-type=\"widget\" data-widget_type=\"text-editor.default\">\n\t\t\t\t<div class=\"elementor-widget-container\">\n\t\t\t\t\t\t\t\t\t<p><i><span style=\"font-weight: 400;\">Ostatnia aktualizacja: Sierpie\u0144 2024<\/span><\/i><\/p><h2><b>Wprowadzenie<\/b><\/h2><p><span style=\"font-weight: 400;\">Dzi\u0119kujemy za do\u0142\u0105czenie do naszej spo\u0142eczno\u015bci na Fruit-Slots.com. Zobowi\u0105zujemy si\u0119 do ochrony Twoich danych osobowych i Twojego prawa do prywatno\u015bci. W przypadku jakichkolwiek pyta\u0144 lub w\u0105tpliwo\u015bci dotycz\u0105cych niniejszej polityki prywatno\u015bci lub naszych praktyk w odniesieniu do danych osobowych, prosimy o kontakt pod adresem support@fruit-slots.com.<\/span><\/p><p><span style=\"font-weight: 400;\">Kiedy odwiedzasz nasz\u0105 stron\u0119 internetow\u0105<\/span><a href=\"https:\/\/fruit-slots.com\/pl\/\"> <span style=\"font-weight: 400;\">https:\/\/fruit-slots.com<\/span><\/a><span style=\"font-weight: 400;\"> (\"Witryna\") i korzystasz z naszych us\u0142ug, powierzasz nam swoje dane osobowe. Traktujemy prywatno\u015b\u0107 u\u017cytkownik\u00f3w bardzo powa\u017cnie. W niniejszej polityce prywatno\u015bci staramy si\u0119 wyja\u015bni\u0107 w mo\u017cliwie najbardziej przejrzysty spos\u00f3b, jakie informacje gromadzimy, w jaki spos\u00f3b je wykorzystujemy i jakie prawa przys\u0142uguj\u0105 u\u017cytkownikowi w zwi\u0105zku z nimi. Mamy nadziej\u0119, \u017ce po\u015bwi\u0119cisz troch\u0119 czasu na uwa\u017cne przeczytanie tego dokumentu, poniewa\u017c jest on bardzo wa\u017cny.<\/span><\/p><h2><b>Gromadzone przez nas informacje<\/b><\/h2><p><span style=\"font-weight: 400;\">Jako witryna po\u015bwi\u0119cona recenzjom automat\u00f3w do gier hazardowych zbieramy informacje, kt\u00f3re pomagaj\u0105 nam dostosowywa\u0107 i ulepsza\u0107 nasze tre\u015bci. Obejmuje to:<\/span><\/p><h3><b>Informacje umo\u017cliwiaj\u0105ce identyfikacj\u0119 osoby<\/b><\/h3><ul><li style=\"font-weight: 400;\" aria-level=\"1\"><b>Dane kontaktowe<\/b><span style=\"font-weight: 400;\">takie jak adres e-mail, je\u015bli u\u017cytkownik zapisze si\u0119 do naszego newslettera.<\/span><\/li><li style=\"font-weight: 400;\" aria-level=\"1\"><b>Informacje zwrotne i do\u015bwiadczenia u\u017cytkownik\u00f3w<\/b><span style=\"font-weight: 400;\">: preferencje u\u017cytkownika i informacje zwrotne podczas interakcji z naszymi us\u0142ugami.<\/span><\/li><\/ul><h3><b>Informacje niepozwalaj\u0105ce na identyfikacj\u0119 osoby<\/b><\/h3><ul><li style=\"font-weight: 400;\" aria-level=\"1\"><b>Dane u\u017cytkowania<\/b><span style=\"font-weight: 400;\">: informacje takie jak adres protoko\u0142u internetowego (adres IP), typ przegl\u0105darki, wersja przegl\u0105darki, odwiedzane strony naszej witryny, godzina i data wizyty, czas sp\u0119dzony na tych stronach, unikalne identyfikatory urz\u0105dze\u0144 i inne dane diagnostyczne.<\/span><\/li><li style=\"font-weight: 400;\" aria-level=\"1\"><b>Technologie \u015bledzenia i pliki cookie<\/b><span style=\"font-weight: 400;\">: U\u017cywamy plik\u00f3w cookie i podobnych technologii \u015bledzenia w celu \u015bledzenia aktywno\u015bci w naszej Witrynie i przechowywania okre\u015blonych informacji. Pliki cookie to pliki zawieraj\u0105ce niewielk\u0105 ilo\u015b\u0107 danych, kt\u00f3re mog\u0105 zawiera\u0107 anonimowy unikatowy identyfikator.<\/span><\/li><\/ul><h2><b>Jak wykorzystujemy informacje o u\u017cytkowniku<\/b><\/h2><p><span style=\"font-weight: 400;\">Gromadzone przez nas informacje wykorzystujemy na r\u00f3\u017cne sposoby, w tym do:<\/span><\/p><ul><li style=\"font-weight: 400;\" aria-level=\"1\"><b>Zapewnienie, obs\u0142uga i utrzymanie naszej strony internetowej<\/b><span style=\"font-weight: 400;\">: Zapewnienie, \u017ce nasza witryna dostarcza tre\u015bci najbardziej odpowiadaj\u0105ce zainteresowaniom u\u017cytkownika i dzia\u0142a sprawnie.<\/span><\/li><li style=\"font-weight: 400;\" aria-level=\"1\"><b>Ulepszanie, personalizowanie i rozszerzanie naszej strony internetowej<\/b><span style=\"font-weight: 400;\">: Zrozumienie, w jaki spos\u00f3b nasi u\u017cytkownicy wchodz\u0105 w interakcj\u0119 z witryn\u0105, pozwala nam poprawi\u0107 komfort u\u017cytkowania poprzez dodanie funkcji i funkcjonalno\u015bci opartych na zachowaniu i preferencjach u\u017cytkownik\u00f3w.<\/span><\/li><li style=\"font-weight: 400;\" aria-level=\"1\"><b>Zrozumie\u0107 i przeanalizowa\u0107 spos\u00f3b, w jaki u\u017cytkownik korzysta z naszej Witryny<\/b><span style=\"font-weight: 400;\">: Analityka pomaga nam zobaczy\u0107, kt\u00f3re artyku\u0142y i recenzje s\u0105 najbardziej pomocne lub popularne, i kierowa\u0107 nasz\u0105 strategi\u0105 dotycz\u0105c\u0105 tre\u015bci.<\/span><\/li><li style=\"font-weight: 400;\" aria-level=\"1\"><b>Opracowywanie nowych produkt\u00f3w, us\u0142ug, funkcji i funkcjonalno\u015bci<\/b><span style=\"font-weight: 400;\">: Informacje zwrotne i wzorce u\u017cytkowania mog\u0105 bezpo\u015brednio wp\u0142ywa\u0107 na nasz plan rozwoju.<\/span><\/li><li style=\"font-weight: 400;\" aria-level=\"1\"><b>komunikowa\u0107 si\u0119 z u\u017cytkownikiem bezpo\u015brednio lub za po\u015brednictwem jednego z naszych partner\u00f3w<\/b><span style=\"font-weight: 400;\">: W celu obs\u0142ugi klienta, dostarczania u\u017cytkownikowi aktualizacji i innych informacji zwi\u0105zanych z witryn\u0105 oraz w celach marketingowych i promocyjnych.<\/span><\/li><li style=\"font-weight: 400;\" aria-level=\"1\"><b>Wysy\u0142anie wiadomo\u015bci e-mail<\/b><span style=\"font-weight: 400;\">: Aby na bie\u017c\u0105co informowa\u0107 o nowych recenzjach i funkcjach lub zmianach w naszych warunkach, zasadach i politykach.<\/span><\/li><li style=\"font-weight: 400;\" aria-level=\"1\"><b>Znajdowanie i zapobieganie oszustwom<\/b><span style=\"font-weight: 400;\">: Aby zapewni\u0107 bezpieczne \u015brodowisko dla wszystkich u\u017cytkownik\u00f3w.<\/span><\/li><\/ul><h2><b>Udost\u0119pnianie informacji<\/b><\/h2><p><span style=\"font-weight: 400;\">Cenimy zaufanie, jakim darzysz nas, przekazuj\u0105c nam swoje dane osobowe, dlatego staramy si\u0119 stosowa\u0107 komercyjnie akceptowalne \u015brodki ich ochrony. Poni\u017cej przedstawiamy jednak warunki, na jakich mo\u017cemy udost\u0119pnia\u0107 dane u\u017cytkownik\u00f3w:<\/span><\/p><ul><li style=\"font-weight: 400;\" aria-level=\"1\"><b>Z dostawcami us\u0142ug<\/b><span style=\"font-weight: 400;\">: Mo\u017cemy udost\u0119pnia\u0107 dane osobowe u\u017cytkownika dostawcom us\u0142ug w celu monitorowania i analizowania korzystania z naszej Witryny oraz kontaktowania si\u0119 z u\u017cytkownikiem.<\/span><\/li><li style=\"font-weight: 400;\" aria-level=\"1\"><b>Dla transfer\u00f3w biznesowych<\/b><span style=\"font-weight: 400;\">: W przypadku fuzji, przej\u0119cia lub sprzeda\u017cy aktyw\u00f3w dane osobowe u\u017cytkownika mog\u0105 zosta\u0107 przekazane.<\/span><\/li><li style=\"font-weight: 400;\" aria-level=\"1\"><b>Z podmiotami stowarzyszonymi<\/b><span style=\"font-weight: 400;\">: Mo\u017cemy udost\u0119pnia\u0107 dane u\u017cytkownika naszym podmiotom stowarzyszonym, w kt\u00f3rym to przypadku b\u0119dziemy wymaga\u0107 od tych podmiot\u00f3w przestrzegania niniejszej Polityki prywatno\u015bci.<\/span><\/li><li style=\"font-weight: 400;\" aria-level=\"1\"><b>Z partnerami biznesowymi<\/b><span style=\"font-weight: 400;\">: Mo\u017cemy udost\u0119pnia\u0107 dane u\u017cytkownika naszym partnerom biznesowym w celu oferowania okre\u015blonych produkt\u00f3w, us\u0142ug lub promocji.<\/span><\/li><li style=\"font-weight: 400;\" aria-level=\"1\"><b>Z innymi u\u017cytkownikami<\/b><span style=\"font-weight: 400;\">: Je\u015bli u\u017cytkownik wchodzi w interakcje z innymi u\u017cytkownikami lub rejestruje si\u0119 za po\u015brednictwem us\u0142ugi medi\u00f3w spo\u0142eczno\u015bciowych innej firmy, jego kontakty w us\u0142udze medi\u00f3w spo\u0142eczno\u015bciowych innej firmy mog\u0105 zobaczy\u0107 jego imi\u0119 i nazwisko, profil, zdj\u0119cia i opis aktywno\u015bci.<\/span><\/li><li style=\"font-weight: 400;\" aria-level=\"1\"><b>Za zgod\u0105 u\u017cytkownika<\/b><span style=\"font-weight: 400;\">: Mo\u017cemy ujawni\u0107 dane osobowe u\u017cytkownika w dowolnym innym celu za jego zgod\u0105.<\/span><\/li><\/ul><h2><b>Bezpiecze\u0144stwo informacji o u\u017cytkowniku<\/b><\/h2><p><span style=\"font-weight: 400;\">Bezpiecze\u0144stwo Twoich danych osobowych jest dla nas wa\u017cne, ale pami\u0119taj, \u017ce \u017cadna metoda transmisji przez Internet ani metoda elektronicznego przechowywania danych nie jest bezpieczna. Chocia\u017c staramy si\u0119 wykorzystywa\u0107 komercyjnie akceptowalne \u015brodki w celu ochrony danych osobowych u\u017cytkownik\u00f3w, nie mo\u017cemy zagwarantowa\u0107 ich ca\u0142kowitego bezpiecze\u0144stwa.<\/span><\/p><h2><b>Prawa do prywatno\u015bci<\/b><\/h2><p><span style=\"font-weight: 400;\">W zale\u017cno\u015bci od lokalizacji u\u017cytkownika (w szczeg\u00f3lno\u015bci je\u015bli jest on mieszka\u0144cem Europejskiego Obszaru Gospodarczego (EOG)), przys\u0142uguj\u0105 mu okre\u015blone prawa do ochrony danych. Fruit-Slots.com d\u0105\u017cy do podj\u0119cia uzasadnionych krok\u00f3w w celu umo\u017cliwienia u\u017cytkownikowi poprawienia, zmiany, usuni\u0119cia lub ograniczenia wykorzystania jego danych osobowych.<\/span><\/p><p><span style=\"font-weight: 400;\">Je\u015bli u\u017cytkownik chce uzyska\u0107 informacje na temat przechowywanych przez nas jego danych osobowych i chce, aby zosta\u0142y one usuni\u0119te z naszych system\u00f3w, prosimy o kontakt.<\/span><\/p><h2><b>Linki do innych stron internetowych<\/b><\/h2><p><span style=\"font-weight: 400;\">Nasza Witryna mo\u017ce zawiera\u0107 \u0142\u0105cza do innych witryn, kt\u00f3re nie s\u0105 przez nas obs\u0142ugiwane. Klikni\u0119cie \u0142\u0105cza strony trzeciej spowoduje przekierowanie do witryny tej strony trzeciej. Zdecydowanie zalecamy zapoznanie si\u0119 z Polityk\u0105 prywatno\u015bci ka\u017cdej odwiedzanej witryny.<\/span><\/p><p><span style=\"font-weight: 400;\">Nie mamy kontroli i nie ponosimy odpowiedzialno\u015bci za tre\u015bci, polityk\u0119 prywatno\u015bci lub praktyki stron lub us\u0142ug stron trzecich.<\/span><\/p><h2><b>Zmiany w niniejszej Polityce prywatno\u015bci<\/b><\/h2><p><span style=\"font-weight: 400;\">Od czasu do czasu mo\u017cemy aktualizowa\u0107 nasz\u0105 Polityk\u0119 prywatno\u015bci. Powiadomimy u\u017cytkownika o wszelkich zmianach, publikuj\u0105c now\u0105 Polityk\u0119 prywatno\u015bci na tej stronie.<\/span><\/p><p><span style=\"font-weight: 400;\">Poinformujemy u\u017cytkownika za po\u015brednictwem wiadomo\u015bci e-mail i\/lub wyra\u017anego powiadomienia na naszej stronie internetowej, zanim zmiana wejdzie w \u017cycie i zaktualizujemy dat\u0119 \"Ostatniej aktualizacji\" u g\u00f3ry niniejszej Polityki prywatno\u015bci.<\/span><\/p><p><span style=\"font-weight: 400;\">Zaleca si\u0119 okresowe sprawdzanie niniejszej Polityki prywatno\u015bci pod k\u0105tem wszelkich zmian. Zmiany w niniejszej Polityce prywatno\u015bci wchodz\u0105 w \u017cycie z chwil\u0105 ich opublikowania na tej stronie.<\/span><\/p><h2><b>Kontakt<\/b><\/h2><p><span style=\"font-weight: 400;\">W przypadku jakichkolwiek pyta\u0144 lub sugestii dotycz\u0105cych naszej Polityki prywatno\u015bci, prosimy o kontakt pod adresem info@fruit-slots.com.<\/span><\/p>\t\t\t\t\t\t\t\t<\/div>\n\t\t\t\t<\/div>\n\t\t\t\t<div class=\"elementor-element elementor-element-d1747cf elementor-widget elementor-widget-spacer\" data-id=\"d1747cf\" data-element_type=\"widget\" data-e-type=\"widget\" data-widget_type=\"spacer.default\">\n\t\t\t\t<div class=\"elementor-widget-container\">\n\t\t\t\t\t\t\t<div class=\"elementor-spacer\">\n\t\t\t<div class=\"elementor-spacer-inner\"><\/div>\n\t\t<\/div>\n\t\t\t\t\t\t<\/div>\n\t\t\t\t<\/div>\n\t\t\t\t<\/div>\n\t\t\t\t\t<\/div>\n\t\t\t\t<\/div>\n\t\t\t\t<\/div>","protected":false},"excerpt":{"rendered":"<p>Privacy Policy for Fruit-Slots.com Last updated: August 2024 Introduction Thank you for choosing to be part of our community at Fruit-Slots.com. We are committed to protecting your personal information and your right to privacy. If you have any questions or concerns about this privacy policy, or our practices with regards to your personal information, please [&hellip;]<\/p>","protected":false},"author":1,"featured_media":1159,"parent":0,"menu_order":0,"comment_status":"closed","ping_status":"closed","template":"","meta":{"footnotes":""},"class_list":["post-1296","page","type-page","status-publish","has-post-thumbnail","hentry"],"blocksy_meta":{"has_hero_section":"disabled","styles_descriptor":{"styles":{"desktop":"","tablet":"","mobile":""},"google_fonts":[],"version":6},"vertical_spacing_source":"custom"},"yoast_head":"<!-- This site is optimized with the Yoast SEO plugin v27.5 - https:\/\/yoast.com\/product\/yoast-seo-wordpress\/ -->\n<title>Privacy Policy - Fruit-Slots<\/title>\n<meta name=\"robots\" content=\"index, follow, max-snippet:-1, max-image-preview:large, max-video-preview:-1\" \/>\n<link rel=\"canonical\" href=\"https:\/\/fruit-slots.com\/pl\/privacy-policy\/\" \/>\n<meta property=\"og:locale\" content=\"pl_PL\" \/>\n<meta property=\"og:type\" content=\"article\" \/>\n<meta property=\"og:title\" content=\"Privacy Policy - Fruit-Slots\" \/>\n<meta property=\"og:description\" content=\"Privacy Policy for Fruit-Slots.com Last updated: August 2024 Introduction Thank you for choosing to be part of our community at Fruit-Slots.com. We are committed to protecting your personal information and your right to privacy. If you have any questions or concerns about this privacy policy, or our practices with regards to your personal information, please [&hellip;]\" \/>\n<meta property=\"og:url\" content=\"https:\/\/fruit-slots.com\/pl\/privacy-policy\/\" \/>\n<meta property=\"og:site_name\" content=\"Fruit-Slots\" \/>\n<meta property=\"article:modified_time\" content=\"2024-08-12T15:25:30+00:00\" \/>\n<meta property=\"og:image\" content=\"https:\/\/fruit-slots.com\/wp-content\/uploads\/2024\/08\/orig-1-min.png\" \/>\n\t<meta property=\"og:image:width\" content=\"800\" \/>\n\t<meta property=\"og:image:height\" content=\"470\" \/>\n\t<meta property=\"og:image:type\" content=\"image\/png\" \/>\n<meta name=\"twitter:card\" content=\"summary_large_image\" \/>\n<meta name=\"twitter:label1\" content=\"Szacowany czas czytania\" \/>\n\t<meta name=\"twitter:data1\" content=\"5 minut\" \/>\n<script type=\"application\/ld+json\" class=\"yoast-schema-graph\">{\"@context\":\"https:\\\/\\\/schema.org\",\"@graph\":[{\"@type\":\"WebPage\",\"@id\":\"https:\\\/\\\/fruit-slots.com\\\/privacy-policy\\\/\",\"url\":\"https:\\\/\\\/fruit-slots.com\\\/privacy-policy\\\/\",\"name\":\"Privacy Policy - Fruit-Slots\",\"isPartOf\":{\"@id\":\"https:\\\/\\\/fruit-slots.com\\\/#website\"},\"primaryImageOfPage\":{\"@id\":\"https:\\\/\\\/fruit-slots.com\\\/privacy-policy\\\/#primaryimage\"},\"image\":{\"@id\":\"https:\\\/\\\/fruit-slots.com\\\/privacy-policy\\\/#primaryimage\"},\"thumbnailUrl\":\"https:\\\/\\\/fruit-slots.com\\\/wp-content\\\/uploads\\\/2024\\\/08\\\/orig-1-min.png\",\"datePublished\":\"2024-08-12T15:19:36+00:00\",\"dateModified\":\"2024-08-12T15:25:30+00:00\",\"breadcrumb\":{\"@id\":\"https:\\\/\\\/fruit-slots.com\\\/privacy-policy\\\/#breadcrumb\"},\"inLanguage\":\"pl-PL\",\"potentialAction\":[{\"@type\":\"ReadAction\",\"target\":[\"https:\\\/\\\/fruit-slots.com\\\/privacy-policy\\\/\"]}]},{\"@type\":\"ImageObject\",\"inLanguage\":\"pl-PL\",\"@id\":\"https:\\\/\\\/fruit-slots.com\\\/privacy-policy\\\/#primaryimage\",\"url\":\"https:\\\/\\\/fruit-slots.com\\\/wp-content\\\/uploads\\\/2024\\\/08\\\/orig-1-min.png\",\"contentUrl\":\"https:\\\/\\\/fruit-slots.com\\\/wp-content\\\/uploads\\\/2024\\\/08\\\/orig-1-min.png\",\"width\":800,\"height\":470},{\"@type\":\"BreadcrumbList\",\"@id\":\"https:\\\/\\\/fruit-slots.com\\\/privacy-policy\\\/#breadcrumb\",\"itemListElement\":[{\"@type\":\"ListItem\",\"position\":1,\"name\":\"Home\",\"item\":\"https:\\\/\\\/fruit-slots.com\\\/\"},{\"@type\":\"ListItem\",\"position\":2,\"name\":\"Privacy Policy\"}]},{\"@type\":\"WebSite\",\"@id\":\"https:\\\/\\\/fruit-slots.com\\\/#website\",\"url\":\"https:\\\/\\\/fruit-slots.com\\\/\",\"name\":\"Fruit-Slots\",\"description\":\"My WordPress Blog\",\"publisher\":{\"@id\":\"https:\\\/\\\/fruit-slots.com\\\/#organization\"},\"potentialAction\":[{\"@type\":\"SearchAction\",\"target\":{\"@type\":\"EntryPoint\",\"urlTemplate\":\"https:\\\/\\\/fruit-slots.com\\\/?s={search_term_string}\"},\"query-input\":{\"@type\":\"PropertyValueSpecification\",\"valueRequired\":true,\"valueName\":\"search_term_string\"}}],\"inLanguage\":\"pl-PL\"},{\"@type\":\"Organization\",\"@id\":\"https:\\\/\\\/fruit-slots.com\\\/#organization\",\"name\":\"Fruit-Slots\",\"url\":\"https:\\\/\\\/fruit-slots.com\\\/\",\"logo\":{\"@type\":\"ImageObject\",\"inLanguage\":\"pl-PL\",\"@id\":\"https:\\\/\\\/fruit-slots.com\\\/#\\\/schema\\\/logo\\\/image\\\/\",\"url\":\"https:\\\/\\\/fruit-slots.com\\\/wp-content\\\/uploads\\\/2024\\\/08\\\/58e0b7d4-f614-4c61-9f33-df43065133d0-min.png\",\"contentUrl\":\"https:\\\/\\\/fruit-slots.com\\\/wp-content\\\/uploads\\\/2024\\\/08\\\/58e0b7d4-f614-4c61-9f33-df43065133d0-min.png\",\"width\":994,\"height\":564,\"caption\":\"Fruit-Slots\"},\"image\":{\"@id\":\"https:\\\/\\\/fruit-slots.com\\\/#\\\/schema\\\/logo\\\/image\\\/\"}}]}<\/script>\n<!-- \/ Yoast SEO plugin. -->","yoast_head_json":{"title":"Privacy Policy - Fruit-Slots","robots":{"index":"index","follow":"follow","max-snippet":"max-snippet:-1","max-image-preview":"max-image-preview:large","max-video-preview":"max-video-preview:-1"},"canonical":"https:\/\/fruit-slots.com\/pl\/privacy-policy\/","og_locale":"pl_PL","og_type":"article","og_title":"Privacy Policy - Fruit-Slots","og_description":"Privacy Policy for Fruit-Slots.com Last updated: August 2024 Introduction Thank you for choosing to be part of our community at Fruit-Slots.com. We are committed to protecting your personal information and your right to privacy. If you have any questions or concerns about this privacy policy, or our practices with regards to your personal information, please [&hellip;]","og_url":"https:\/\/fruit-slots.com\/pl\/privacy-policy\/","og_site_name":"Fruit-Slots","article_modified_time":"2024-08-12T15:25:30+00:00","og_image":[{"width":800,"height":470,"url":"https:\/\/fruit-slots.com\/wp-content\/uploads\/2024\/08\/orig-1-min.png","type":"image\/png"}],"twitter_card":"summary_large_image","twitter_misc":{"Szacowany czas czytania":"5 minut"},"schema":{"@context":"https:\/\/schema.org","@graph":[{"@type":"WebPage","@id":"https:\/\/fruit-slots.com\/privacy-policy\/","url":"https:\/\/fruit-slots.com\/privacy-policy\/","name":"Privacy Policy - Fruit-Slots","isPartOf":{"@id":"https:\/\/fruit-slots.com\/#website"},"primaryImageOfPage":{"@id":"https:\/\/fruit-slots.com\/privacy-policy\/#primaryimage"},"image":{"@id":"https:\/\/fruit-slots.com\/privacy-policy\/#primaryimage"},"thumbnailUrl":"https:\/\/fruit-slots.com\/wp-content\/uploads\/2024\/08\/orig-1-min.png","datePublished":"2024-08-12T15:19:36+00:00","dateModified":"2024-08-12T15:25:30+00:00","breadcrumb":{"@id":"https:\/\/fruit-slots.com\/privacy-policy\/#breadcrumb"},"inLanguage":"pl-PL","potentialAction":[{"@type":"ReadAction","target":["https:\/\/fruit-slots.com\/privacy-policy\/"]}]},{"@type":"ImageObject","inLanguage":"pl-PL","@id":"https:\/\/fruit-slots.com\/privacy-policy\/#primaryimage","url":"https:\/\/fruit-slots.com\/wp-content\/uploads\/2024\/08\/orig-1-min.png","contentUrl":"https:\/\/fruit-slots.com\/wp-content\/uploads\/2024\/08\/orig-1-min.png","width":800,"height":470},{"@type":"BreadcrumbList","@id":"https:\/\/fruit-slots.com\/privacy-policy\/#breadcrumb","itemListElement":[{"@type":"ListItem","position":1,"name":"Home","item":"https:\/\/fruit-slots.com\/"},{"@type":"ListItem","position":2,"name":"Privacy Policy"}]},{"@type":"WebSite","@id":"https:\/\/fruit-slots.com\/#website","url":"https:\/\/fruit-slots.com\/","name":"Fruit-Slots","description":"My WordPress Blog","publisher":{"@id":"https:\/\/fruit-slots.com\/#organization"},"potentialAction":[{"@type":"SearchAction","target":{"@type":"EntryPoint","urlTemplate":"https:\/\/fruit-slots.com\/?s={search_term_string}"},"query-input":{"@type":"PropertyValueSpecification","valueRequired":true,"valueName":"search_term_string"}}],"inLanguage":"pl-PL"},{"@type":"Organization","@id":"https:\/\/fruit-slots.com\/#organization","name":"Fruit-Slots","url":"https:\/\/fruit-slots.com\/","logo":{"@type":"ImageObject","inLanguage":"pl-PL","@id":"https:\/\/fruit-slots.com\/#\/schema\/logo\/image\/","url":"https:\/\/fruit-slots.com\/wp-content\/uploads\/2024\/08\/58e0b7d4-f614-4c61-9f33-df43065133d0-min.png","contentUrl":"https:\/\/fruit-slots.com\/wp-content\/uploads\/2024\/08\/58e0b7d4-f614-4c61-9f33-df43065133d0-min.png","width":994,"height":564,"caption":"Fruit-Slots"},"image":{"@id":"https:\/\/fruit-slots.com\/#\/schema\/logo\/image\/"}}]}},"_links":{"self":[{"href":"https:\/\/fruit-slots.com\/pl\/wp-json\/wp\/v2\/pages\/1296","targetHints":{"allow":["GET"]}}],"collection":[{"href":"https:\/\/fruit-slots.com\/pl\/wp-json\/wp\/v2\/pages"}],"about":[{"href":"https:\/\/fruit-slots.com\/pl\/wp-json\/wp\/v2\/types\/page"}],"author":[{"embeddable":true,"href":"https:\/\/fruit-slots.com\/pl\/wp-json\/wp\/v2\/users\/1"}],"replies":[{"embeddable":true,"href":"https:\/\/fruit-slots.com\/pl\/wp-json\/wp\/v2\/comments?post=1296"}],"version-history":[{"count":0,"href":"https:\/\/fruit-slots.com\/pl\/wp-json\/wp\/v2\/pages\/1296\/revisions"}],"wp:featuredmedia":[{"embeddable":true,"href":"https:\/\/fruit-slots.com\/pl\/wp-json\/wp\/v2\/media\/1159"}],"wp:attachment":[{"href":"https:\/\/fruit-slots.com\/pl\/wp-json\/wp\/v2\/media?parent=1296"}],"curies":[{"name":"wp","href":"https:\/\/api.w.org\/{rel}","templated":true}]}}