{"id":1306,"date":"2024-08-12T15:27:45","date_gmt":"2024-08-12T15:27:45","guid":{"rendered":"https:\/\/fruit-slots.com\/?page_id=1306"},"modified":"2024-08-12T15:28:50","modified_gmt":"2024-08-12T15:28:50","slug":"about-us","status":"publish","type":"page","link":"https:\/\/fruit-slots.com\/pl\/about-us\/","title":{"rendered":"O nas"},"content":{"rendered":"<div data-elementor-type=\"wp-page\" data-elementor-id=\"1306\" class=\"elementor elementor-1306\">\n\t\t\t\t<div class=\"elementor-element elementor-element-f8639cc e-flex e-con-boxed e-con e-parent\" data-id=\"f8639cc\" data-element_type=\"container\" data-e-type=\"container\" data-settings=\"{&quot;background_background&quot;:&quot;classic&quot;}\">\n\t\t\t\t\t<div class=\"e-con-inner\">\n\t\t<div class=\"elementor-element elementor-element-aac303b e-con-full e-flex e-con e-child\" data-id=\"aac303b\" data-element_type=\"container\" data-e-type=\"container\" data-settings=\"{&quot;background_background&quot;:&quot;classic&quot;}\">\n\t\t\t\t<div class=\"elementor-element elementor-element-293f1ef elementor-widget-tablet__width-inherit elementor-widget elementor-widget-heading\" data-id=\"293f1ef\" data-element_type=\"widget\" data-e-type=\"widget\" data-widget_type=\"heading.default\">\n\t\t\t\t<div class=\"elementor-widget-container\">\n\t\t\t\t\t<h1 class=\"elementor-heading-title elementor-size-default\">O nas<\/h1>\t\t\t\t<\/div>\n\t\t\t\t<\/div>\n\t\t\t\t<div class=\"elementor-element elementor-element-96f36a2 elementor-widget__width-initial elementor-widget-tablet__width-inherit elementor-widget elementor-widget-text-editor\" data-id=\"96f36a2\" data-element_type=\"widget\" data-e-type=\"widget\" data-widget_type=\"text-editor.default\">\n\t\t\t\t<div class=\"elementor-widget-container\">\n\t\t\t\t\t\t\t\t\t<p><span style=\"font-weight: 400;\">Witamy na Fruit-Slots.com, ostatecznym \u017ar\u00f3dle szczeg\u00f3\u0142owych recenzji i wgl\u0105du w krajobraz automat\u00f3w online. Dzi\u0119ki ponad sze\u015bcioletniemu do\u015bwiadczeniu w dziedzinie hazardu online, jeste\u015bmy oddani prowadzeniu Ci\u0119 przez rozleg\u0142y \u015bwiat gier slotowych online, zapewniaj\u0105c, \u017ce z \u0142atwo\u015bci\u0105 i ekscytacj\u0105 znajdziesz swoj\u0105 kolejn\u0105 ulubion\u0105 gr\u0119.<\/span><\/p><h2><b>O naszej wiedzy specjalistycznej<\/b><\/h2><p><span style=\"font-weight: 400;\">Poniewa\u017c popularno\u015b\u0107 automat\u00f3w online stale ro\u015bnie, dok\u0142adamy wszelkich stara\u0144, aby dostarcza\u0107 wiarygodnych i dok\u0142adnych ocen najlepszych gier slotowych na rynku. Na Fruit-Slots.com skupiamy si\u0119 na jako\u015bci grafiki, do\u015bwiadczeniu u\u017cytkownika, mechanice gry, funkcjach bonusowych i uczciwo\u015bci, aby zapewni\u0107 ci jak najprzyjemniejsze i najbezpieczniejsze wra\u017cenia z gry.<\/span><\/p><p><span style=\"font-weight: 400;\">Analizujemy gry slotowe dost\u0119pne na ca\u0142ym \u015bwiecie, staraj\u0105c si\u0119 zidentyfikowa\u0107 te, kt\u00f3re oferuj\u0105 \u015bwietn\u0105 rozrywk\u0119, bezpiecze\u0144stwo i uczciwo\u015b\u0107. Nasz zesp\u00f3\u0142 entuzjastycznych ekspert\u00f3w od gier nieustannie poszukuje najlepszych automat\u00f3w online, aby zapewni\u0107, \u017ce nasze rekomendacje s\u0105 zar\u00f3wno wiarygodne, jak i wnikliwe.<\/span><\/p><h2><b>Nasza misja<\/b><\/h2><p><span style=\"font-weight: 400;\">Fruit-Slots.com ma na celu popraw\u0119 komfortu korzystania z automat\u00f3w online. Chcemy by\u0107 pomocnym i wspieraj\u0105cym \u017ar\u00f3d\u0142em informacji dla wszystkich entuzjast\u00f3w gier slotowych. Je\u015bli znajdziesz na naszej stronie jakiekolwiek informacje, kt\u00f3re wydaj\u0105 si\u0119 niedok\u0142adne lub nieaktualne, przepraszamy i zach\u0119camy do skontaktowania si\u0119 z nami w celu wprowadzenia poprawek. Zapewniamy, \u017ce nasze recenzje s\u0105 dobrze zbadane i wiarygodne, promuj\u0105c tylko najbezpieczniejsze i najprzyjemniejsze gry slotowe.<\/span><\/p><p><span style=\"font-weight: 400;\">Stawiamy na \u0142atw\u0105 nawigacj\u0119 i przyjazny dla u\u017cytkownika wygl\u0105d naszej strony internetowej, dzi\u0119ki czemu masz \u0142atwy dost\u0119p do niezb\u0119dnych informacji i mo\u017cesz podejmowa\u0107 \u015bwiadome decyzje dotycz\u0105ce nowych gier slotowych. Nasze szczeg\u00f3\u0142owe i uczciwe recenzje maj\u0105 na celu dostarczenie ci wszystkich informacji potrzebnych do wybrania odpowiedniej dla ciebie gry.<\/span><\/p><h2><b>O naszym zespole<\/b><\/h2><p><span style=\"font-weight: 400;\">Fruit-Slots.com jest zasilany przez zr\u00f3\u017cnicowan\u0105 grup\u0119 kompetentnych i pe\u0142nych pasji os\u00f3b z r\u00f3\u017cnych \u015brodowisk, kt\u00f3rych \u0142\u0105czy mi\u0142o\u015b\u0107 do gier online. Wyr\u00f3\u017cniamy si\u0119 w dostarczaniu najnowszych promocji, ofert i wiadomo\u015bci ze \u015bwiata gier na automatach online. To, co nas wyr\u00f3\u017cnia, to nasze zaanga\u017cowanie w szerok\u0105 wizj\u0119, kt\u00f3ra wykracza poza zwyk\u0142e recenzje automat\u00f3w do gier i obejmuje szerszy zakres rozrywki zwi\u0105zanej z grami online.<\/span><\/p><p><span style=\"font-weight: 400;\">Do\u0142\u0105cz do nas na Fruit-Slots.com, aby odkrywa\u0107 i cieszy\u0107 si\u0119 ekscytuj\u0105cym \u015bwiatem automat\u00f3w online, kieruj\u0105c si\u0119 nasz\u0105 wiedz\u0105 i zaanga\u017cowaniem w zapewnienie bezpiecznej, zabawnej i satysfakcjonuj\u0105cej rozgrywki.<\/span><\/p>\t\t\t\t\t\t\t\t<\/div>\n\t\t\t\t<\/div>\n\t\t\t\t<div class=\"elementor-element elementor-element-7507df9 elementor-widget elementor-widget-spacer\" data-id=\"7507df9\" data-element_type=\"widget\" data-e-type=\"widget\" data-widget_type=\"spacer.default\">\n\t\t\t\t<div class=\"elementor-widget-container\">\n\t\t\t\t\t\t\t<div class=\"elementor-spacer\">\n\t\t\t<div class=\"elementor-spacer-inner\"><\/div>\n\t\t<\/div>\n\t\t\t\t\t\t<\/div>\n\t\t\t\t<\/div>\n\t\t\t\t<\/div>\n\t\t\t\t\t<\/div>\n\t\t\t\t<\/div>\n\t\t\t\t<\/div>","protected":false},"excerpt":{"rendered":"<p>About Us Welcome to Fruit-Slots.com, your definitive source for detailed reviews and insights into the online slots landscape. With over six years of expertise in the realm of online gambling, we&#8217;re dedicated to guiding you through the vast world of online slot games, ensuring you find your next favorite game with ease and excitement. About [&hellip;]<\/p>","protected":false},"author":1,"featured_media":1159,"parent":0,"menu_order":0,"comment_status":"closed","ping_status":"closed","template":"","meta":{"footnotes":""},"class_list":["post-1306","page","type-page","status-publish","has-post-thumbnail","hentry"],"blocksy_meta":{"has_hero_section":"disabled","styles_descriptor":{"styles":{"desktop":"","tablet":"","mobile":""},"google_fonts":[],"version":6}},"yoast_head":"<!-- This site is optimized with the Yoast SEO plugin v27.5 - https:\/\/yoast.com\/product\/yoast-seo-wordpress\/ -->\n<title>About Us - Fruit-Slots<\/title>\n<meta name=\"robots\" content=\"index, follow, max-snippet:-1, max-image-preview:large, max-video-preview:-1\" \/>\n<link rel=\"canonical\" href=\"https:\/\/fruit-slots.com\/pl\/about-us\/\" \/>\n<meta property=\"og:locale\" content=\"pl_PL\" \/>\n<meta property=\"og:type\" content=\"article\" \/>\n<meta property=\"og:title\" content=\"About Us - Fruit-Slots\" \/>\n<meta property=\"og:description\" content=\"About Us Welcome to Fruit-Slots.com, your definitive source for detailed reviews and insights into the online slots landscape. With over six years of expertise in the realm of online gambling, we&#8217;re dedicated to guiding you through the vast world of online slot games, ensuring you find your next favorite game with ease and excitement. About [&hellip;]\" \/>\n<meta property=\"og:url\" content=\"https:\/\/fruit-slots.com\/pl\/about-us\/\" \/>\n<meta property=\"og:site_name\" content=\"Fruit-Slots\" \/>\n<meta property=\"article:modified_time\" content=\"2024-08-12T15:28:50+00:00\" \/>\n<meta property=\"og:image\" content=\"https:\/\/fruit-slots.com\/wp-content\/uploads\/2024\/08\/orig-1-min.png\" \/>\n\t<meta property=\"og:image:width\" content=\"800\" \/>\n\t<meta property=\"og:image:height\" content=\"470\" \/>\n\t<meta property=\"og:image:type\" content=\"image\/png\" \/>\n<meta name=\"twitter:card\" content=\"summary_large_image\" \/>\n<meta name=\"twitter:label1\" content=\"Szacowany czas czytania\" \/>\n\t<meta name=\"twitter:data1\" content=\"2 minuty\" \/>\n<script type=\"application\/ld+json\" class=\"yoast-schema-graph\">{\"@context\":\"https:\\\/\\\/schema.org\",\"@graph\":[{\"@type\":\"WebPage\",\"@id\":\"https:\\\/\\\/fruit-slots.com\\\/about-us\\\/\",\"url\":\"https:\\\/\\\/fruit-slots.com\\\/about-us\\\/\",\"name\":\"About Us - Fruit-Slots\",\"isPartOf\":{\"@id\":\"https:\\\/\\\/fruit-slots.com\\\/#website\"},\"primaryImageOfPage\":{\"@id\":\"https:\\\/\\\/fruit-slots.com\\\/about-us\\\/#primaryimage\"},\"image\":{\"@id\":\"https:\\\/\\\/fruit-slots.com\\\/about-us\\\/#primaryimage\"},\"thumbnailUrl\":\"https:\\\/\\\/fruit-slots.com\\\/wp-content\\\/uploads\\\/2024\\\/08\\\/orig-1-min.png\",\"datePublished\":\"2024-08-12T15:27:45+00:00\",\"dateModified\":\"2024-08-12T15:28:50+00:00\",\"breadcrumb\":{\"@id\":\"https:\\\/\\\/fruit-slots.com\\\/about-us\\\/#breadcrumb\"},\"inLanguage\":\"pl-PL\",\"potentialAction\":[{\"@type\":\"ReadAction\",\"target\":[\"https:\\\/\\\/fruit-slots.com\\\/about-us\\\/\"]}]},{\"@type\":\"ImageObject\",\"inLanguage\":\"pl-PL\",\"@id\":\"https:\\\/\\\/fruit-slots.com\\\/about-us\\\/#primaryimage\",\"url\":\"https:\\\/\\\/fruit-slots.com\\\/wp-content\\\/uploads\\\/2024\\\/08\\\/orig-1-min.png\",\"contentUrl\":\"https:\\\/\\\/fruit-slots.com\\\/wp-content\\\/uploads\\\/2024\\\/08\\\/orig-1-min.png\",\"width\":800,\"height\":470},{\"@type\":\"BreadcrumbList\",\"@id\":\"https:\\\/\\\/fruit-slots.com\\\/about-us\\\/#breadcrumb\",\"itemListElement\":[{\"@type\":\"ListItem\",\"position\":1,\"name\":\"Home\",\"item\":\"https:\\\/\\\/fruit-slots.com\\\/\"},{\"@type\":\"ListItem\",\"position\":2,\"name\":\"About Us\"}]},{\"@type\":\"WebSite\",\"@id\":\"https:\\\/\\\/fruit-slots.com\\\/#website\",\"url\":\"https:\\\/\\\/fruit-slots.com\\\/\",\"name\":\"Fruit-Slots\",\"description\":\"My WordPress Blog\",\"publisher\":{\"@id\":\"https:\\\/\\\/fruit-slots.com\\\/#organization\"},\"potentialAction\":[{\"@type\":\"SearchAction\",\"target\":{\"@type\":\"EntryPoint\",\"urlTemplate\":\"https:\\\/\\\/fruit-slots.com\\\/?s={search_term_string}\"},\"query-input\":{\"@type\":\"PropertyValueSpecification\",\"valueRequired\":true,\"valueName\":\"search_term_string\"}}],\"inLanguage\":\"pl-PL\"},{\"@type\":\"Organization\",\"@id\":\"https:\\\/\\\/fruit-slots.com\\\/#organization\",\"name\":\"Fruit-Slots\",\"url\":\"https:\\\/\\\/fruit-slots.com\\\/\",\"logo\":{\"@type\":\"ImageObject\",\"inLanguage\":\"pl-PL\",\"@id\":\"https:\\\/\\\/fruit-slots.com\\\/#\\\/schema\\\/logo\\\/image\\\/\",\"url\":\"https:\\\/\\\/fruit-slots.com\\\/wp-content\\\/uploads\\\/2024\\\/08\\\/58e0b7d4-f614-4c61-9f33-df43065133d0-min.png\",\"contentUrl\":\"https:\\\/\\\/fruit-slots.com\\\/wp-content\\\/uploads\\\/2024\\\/08\\\/58e0b7d4-f614-4c61-9f33-df43065133d0-min.png\",\"width\":994,\"height\":564,\"caption\":\"Fruit-Slots\"},\"image\":{\"@id\":\"https:\\\/\\\/fruit-slots.com\\\/#\\\/schema\\\/logo\\\/image\\\/\"}}]}<\/script>\n<!-- \/ Yoast SEO plugin. -->","yoast_head_json":{"title":"About Us - Fruit-Slots","robots":{"index":"index","follow":"follow","max-snippet":"max-snippet:-1","max-image-preview":"max-image-preview:large","max-video-preview":"max-video-preview:-1"},"canonical":"https:\/\/fruit-slots.com\/pl\/about-us\/","og_locale":"pl_PL","og_type":"article","og_title":"About Us - Fruit-Slots","og_description":"About Us Welcome to Fruit-Slots.com, your definitive source for detailed reviews and insights into the online slots landscape. With over six years of expertise in the realm of online gambling, we&#8217;re dedicated to guiding you through the vast world of online slot games, ensuring you find your next favorite game with ease and excitement. About [&hellip;]","og_url":"https:\/\/fruit-slots.com\/pl\/about-us\/","og_site_name":"Fruit-Slots","article_modified_time":"2024-08-12T15:28:50+00:00","og_image":[{"width":800,"height":470,"url":"https:\/\/fruit-slots.com\/wp-content\/uploads\/2024\/08\/orig-1-min.png","type":"image\/png"}],"twitter_card":"summary_large_image","twitter_misc":{"Szacowany czas czytania":"2 minuty"},"schema":{"@context":"https:\/\/schema.org","@graph":[{"@type":"WebPage","@id":"https:\/\/fruit-slots.com\/about-us\/","url":"https:\/\/fruit-slots.com\/about-us\/","name":"About Us - Fruit-Slots","isPartOf":{"@id":"https:\/\/fruit-slots.com\/#website"},"primaryImageOfPage":{"@id":"https:\/\/fruit-slots.com\/about-us\/#primaryimage"},"image":{"@id":"https:\/\/fruit-slots.com\/about-us\/#primaryimage"},"thumbnailUrl":"https:\/\/fruit-slots.com\/wp-content\/uploads\/2024\/08\/orig-1-min.png","datePublished":"2024-08-12T15:27:45+00:00","dateModified":"2024-08-12T15:28:50+00:00","breadcrumb":{"@id":"https:\/\/fruit-slots.com\/about-us\/#breadcrumb"},"inLanguage":"pl-PL","potentialAction":[{"@type":"ReadAction","target":["https:\/\/fruit-slots.com\/about-us\/"]}]},{"@type":"ImageObject","inLanguage":"pl-PL","@id":"https:\/\/fruit-slots.com\/about-us\/#primaryimage","url":"https:\/\/fruit-slots.com\/wp-content\/uploads\/2024\/08\/orig-1-min.png","contentUrl":"https:\/\/fruit-slots.com\/wp-content\/uploads\/2024\/08\/orig-1-min.png","width":800,"height":470},{"@type":"BreadcrumbList","@id":"https:\/\/fruit-slots.com\/about-us\/#breadcrumb","itemListElement":[{"@type":"ListItem","position":1,"name":"Home","item":"https:\/\/fruit-slots.com\/"},{"@type":"ListItem","position":2,"name":"About Us"}]},{"@type":"WebSite","@id":"https:\/\/fruit-slots.com\/#website","url":"https:\/\/fruit-slots.com\/","name":"Fruit-Slots","description":"My WordPress Blog","publisher":{"@id":"https:\/\/fruit-slots.com\/#organization"},"potentialAction":[{"@type":"SearchAction","target":{"@type":"EntryPoint","urlTemplate":"https:\/\/fruit-slots.com\/?s={search_term_string}"},"query-input":{"@type":"PropertyValueSpecification","valueRequired":true,"valueName":"search_term_string"}}],"inLanguage":"pl-PL"},{"@type":"Organization","@id":"https:\/\/fruit-slots.com\/#organization","name":"Fruit-Slots","url":"https:\/\/fruit-slots.com\/","logo":{"@type":"ImageObject","inLanguage":"pl-PL","@id":"https:\/\/fruit-slots.com\/#\/schema\/logo\/image\/","url":"https:\/\/fruit-slots.com\/wp-content\/uploads\/2024\/08\/58e0b7d4-f614-4c61-9f33-df43065133d0-min.png","contentUrl":"https:\/\/fruit-slots.com\/wp-content\/uploads\/2024\/08\/58e0b7d4-f614-4c61-9f33-df43065133d0-min.png","width":994,"height":564,"caption":"Fruit-Slots"},"image":{"@id":"https:\/\/fruit-slots.com\/#\/schema\/logo\/image\/"}}]}},"_links":{"self":[{"href":"https:\/\/fruit-slots.com\/pl\/wp-json\/wp\/v2\/pages\/1306","targetHints":{"allow":["GET"]}}],"collection":[{"href":"https:\/\/fruit-slots.com\/pl\/wp-json\/wp\/v2\/pages"}],"about":[{"href":"https:\/\/fruit-slots.com\/pl\/wp-json\/wp\/v2\/types\/page"}],"author":[{"embeddable":true,"href":"https:\/\/fruit-slots.com\/pl\/wp-json\/wp\/v2\/users\/1"}],"replies":[{"embeddable":true,"href":"https:\/\/fruit-slots.com\/pl\/wp-json\/wp\/v2\/comments?post=1306"}],"version-history":[{"count":0,"href":"https:\/\/fruit-slots.com\/pl\/wp-json\/wp\/v2\/pages\/1306\/revisions"}],"wp:featuredmedia":[{"embeddable":true,"href":"https:\/\/fruit-slots.com\/pl\/wp-json\/wp\/v2\/media\/1159"}],"wp:attachment":[{"href":"https:\/\/fruit-slots.com\/pl\/wp-json\/wp\/v2\/media?parent=1306"}],"curies":[{"name":"wp","href":"https:\/\/api.w.org\/{rel}","templated":true}]}}