{"id":1296,"date":"2024-08-12T15:19:36","date_gmt":"2024-08-12T15:19:36","guid":{"rendered":"https:\/\/fruit-slots.com\/?page_id=1296"},"modified":"2024-08-12T15:25:30","modified_gmt":"2024-08-12T15:25:30","slug":"privacy-policy","status":"publish","type":"page","link":"https:\/\/fruit-slots.com\/pt\/privacy-policy\/","title":{"rendered":"Pol\u00edtica de privacidade"},"content":{"rendered":"<div data-elementor-type=\"wp-page\" data-elementor-id=\"1296\" class=\"elementor elementor-1296\">\n\t\t\t\t<div class=\"elementor-element elementor-element-47783f9 e-flex e-con-boxed e-con e-parent\" data-id=\"47783f9\" data-element_type=\"container\" data-e-type=\"container\" data-settings=\"{&quot;background_background&quot;:&quot;classic&quot;}\">\n\t\t\t\t\t<div class=\"e-con-inner\">\n\t\t<div class=\"elementor-element elementor-element-97eb605 e-con-full e-flex e-con e-child\" data-id=\"97eb605\" data-element_type=\"container\" data-e-type=\"container\" data-settings=\"{&quot;background_background&quot;:&quot;classic&quot;}\">\n\t\t\t\t<div class=\"elementor-element elementor-element-bd17151 elementor-widget-tablet__width-inherit elementor-widget elementor-widget-heading\" data-id=\"bd17151\" data-element_type=\"widget\" data-e-type=\"widget\" data-widget_type=\"heading.default\">\n\t\t\t\t<div class=\"elementor-widget-container\">\n\t\t\t\t\t<h1 class=\"elementor-heading-title elementor-size-default\">Pol\u00edtica de privacidade para Fruit-Slots.com<\/h1>\t\t\t\t<\/div>\n\t\t\t\t<\/div>\n\t\t\t\t<div class=\"elementor-element elementor-element-ca9971a elementor-widget__width-initial elementor-widget-tablet__width-inherit elementor-widget elementor-widget-text-editor\" data-id=\"ca9971a\" data-element_type=\"widget\" data-e-type=\"widget\" data-widget_type=\"text-editor.default\">\n\t\t\t\t<div class=\"elementor-widget-container\">\n\t\t\t\t\t\t\t\t\t<p><i><span style=\"font-weight: 400;\">\u00daltima atualiza\u00e7\u00e3o: Agosto de 2024<\/span><\/i><\/p><h2><b>Introdu\u00e7\u00e3o<\/b><\/h2><p><span style=\"font-weight: 400;\">Obrigado por escolher fazer parte de nossa comunidade no Fruit-Slots.com. Temos o compromisso de proteger suas informa\u00e7\u00f5es pessoais e seu direito \u00e0 privacidade. Se tiver alguma d\u00favida ou preocupa\u00e7\u00e3o sobre esta pol\u00edtica de privacidade ou sobre nossas pr\u00e1ticas em rela\u00e7\u00e3o \u00e0s suas informa\u00e7\u00f5es pessoais, entre em contato conosco pelo e-mail support@fruit-slots.com.<\/span><\/p><p><span style=\"font-weight: 400;\">Quando voc\u00ea visita nosso site<\/span><a href=\"https:\/\/fruit-slots.com\/pt\/\"> <span style=\"font-weight: 400;\">https:\/\/fruit-slots.com<\/span><\/a><span style=\"font-weight: 400;\"> (o \"Site\") e usar nossos servi\u00e7os, voc\u00ea nos confia suas informa\u00e7\u00f5es pessoais. Levamos sua privacidade muito a s\u00e9rio. Nesta pol\u00edtica de privacidade, procuramos explicar da maneira mais clara poss\u00edvel quais informa\u00e7\u00f5es coletamos, como as usamos e quais direitos voc\u00ea tem em rela\u00e7\u00e3o a elas. Esperamos que voc\u00ea dedique algum tempo para l\u00ea-la cuidadosamente, pois ela \u00e9 importante.<\/span><\/p><h2><b>Informa\u00e7\u00f5es que coletamos<\/b><\/h2><p><span style=\"font-weight: 400;\">Como um site dedicado \u00e0 an\u00e1lise de ca\u00e7a-n\u00edqueis, coletamos informa\u00e7\u00f5es que nos ajudam a personalizar e melhorar nosso conte\u00fado para voc\u00ea. Isso inclui:<\/span><\/p><h3><b>Informa\u00e7\u00f5es de identifica\u00e7\u00e3o pessoal<\/b><\/h3><ul><li style=\"font-weight: 400;\" aria-level=\"1\"><b>Detalhes de contato<\/b><span style=\"font-weight: 400;\">Informa\u00e7\u00f5es sobre a empresa: como seu endere\u00e7o de e-mail, se voc\u00ea se inscrever para receber nosso boletim informativo.<\/span><\/li><li style=\"font-weight: 400;\" aria-level=\"1\"><b>Feedback e experi\u00eancias do usu\u00e1rio<\/b><span style=\"font-weight: 400;\">: suas prefer\u00eancias e feedback quando voc\u00ea interage com nossos servi\u00e7os.<\/span><\/li><\/ul><h3><b>Informa\u00e7\u00f5es n\u00e3o pessoalmente identific\u00e1veis<\/b><\/h3><ul><li style=\"font-weight: 400;\" aria-level=\"1\"><b>Dados de uso<\/b><span style=\"font-weight: 400;\">Informa\u00e7\u00f5es como seu endere\u00e7o de protocolo da Internet (endere\u00e7o IP), tipo de navegador, vers\u00e3o do navegador, as p\u00e1ginas do nosso site que voc\u00ea visita, a hora e a data da sua visita, o tempo gasto nessas p\u00e1ginas, identificadores exclusivos de dispositivos e outros dados de diagn\u00f3stico.<\/span><\/li><li style=\"font-weight: 400;\" aria-level=\"1\"><b>Tecnologias de rastreamento e cookies<\/b><span style=\"font-weight: 400;\">: Usamos cookies e tecnologias de rastreamento semelhantes para rastrear a atividade em nosso site e armazenar determinadas informa\u00e7\u00f5es. Os cookies s\u00e3o arquivos com uma pequena quantidade de dados que podem incluir um identificador exclusivo an\u00f4nimo.<\/span><\/li><\/ul><h2><b>Como usamos suas informa\u00e7\u00f5es<\/b><\/h2><p><span style=\"font-weight: 400;\">Usamos as informa\u00e7\u00f5es que coletamos de v\u00e1rias maneiras, inclusive para:<\/span><\/p><ul><li style=\"font-weight: 400;\" aria-level=\"1\"><b>Fornecer, operar e manter nosso site<\/b><span style=\"font-weight: 400;\">: Garantir que nosso site forne\u00e7a o conte\u00fado mais relevante para seus interesses e funcione sem problemas.<\/span><\/li><li style=\"font-weight: 400;\" aria-level=\"1\"><b>Melhorar, personalizar e expandir nosso site<\/b><span style=\"font-weight: 400;\">: Compreender como nossos usu\u00e1rios interagem com o site nos permite aprimorar a experi\u00eancia do usu\u00e1rio, acrescentando recursos e funcionalidades com base no comportamento e nas prefer\u00eancias do usu\u00e1rio.<\/span><\/li><li style=\"font-weight: 400;\" aria-level=\"1\"><b>Entender e analisar como voc\u00ea usa nosso site<\/b><span style=\"font-weight: 400;\">: O Analytics nos ajuda a ver quais artigos e avalia\u00e7\u00f5es s\u00e3o mais \u00fateis ou populares e orienta nossa estrat\u00e9gia de conte\u00fado.<\/span><\/li><li style=\"font-weight: 400;\" aria-level=\"1\"><b>Desenvolver novos produtos, servi\u00e7os, recursos e funcionalidades<\/b><span style=\"font-weight: 400;\">: O feedback e os padr\u00f5es de uso podem influenciar diretamente nosso roteiro de desenvolvimento.<\/span><\/li><li style=\"font-weight: 400;\" aria-level=\"1\"><b>Comunicar-se com voc\u00ea, seja diretamente ou por meio de um de nossos parceiros<\/b><span style=\"font-weight: 400;\">: Para atendimento ao cliente, para lhe fornecer atualiza\u00e7\u00f5es e outras informa\u00e7\u00f5es relacionadas ao site e para fins promocionais e de marketing.<\/span><\/li><li style=\"font-weight: 400;\" aria-level=\"1\"><b>Enviar e-mails para voc\u00ea<\/b><span style=\"font-weight: 400;\">: Para mant\u00ea-lo atualizado sobre novas an\u00e1lises e recursos, ou sobre altera\u00e7\u00f5es em nossos termos, condi\u00e7\u00f5es e pol\u00edticas.<\/span><\/li><li style=\"font-weight: 400;\" aria-level=\"1\"><b>Localizar e evitar fraudes<\/b><span style=\"font-weight: 400;\">: Para garantir um ambiente seguro para todos os usu\u00e1rios.<\/span><\/li><\/ul><h2><b>Compartilhamento de suas informa\u00e7\u00f5es<\/b><\/h2><p><span style=\"font-weight: 400;\">Valorizamos sua confian\u00e7a ao nos fornecer suas Informa\u00e7\u00f5es Pessoais e, portanto, nos esfor\u00e7amos para usar meios comercialmente aceit\u00e1veis para proteg\u00ea-las. Entretanto, aqui est\u00e3o as condi\u00e7\u00f5es sob as quais podemos compartilhar seus dados:<\/span><\/p><ul><li style=\"font-weight: 400;\" aria-level=\"1\"><b>Com provedores de servi\u00e7os<\/b><span style=\"font-weight: 400;\">: Podemos compartilhar suas informa\u00e7\u00f5es pessoais com prestadores de servi\u00e7os para monitorar e analisar o uso do nosso site, para entrar em contato com voc\u00ea.<\/span><\/li><li style=\"font-weight: 400;\" aria-level=\"1\"><b>Para transfer\u00eancias de neg\u00f3cios<\/b><span style=\"font-weight: 400;\">: Se estivermos envolvidos em uma fus\u00e3o, aquisi\u00e7\u00e3o ou venda de ativos, suas informa\u00e7\u00f5es pessoais poder\u00e3o ser transferidas.<\/span><\/li><li style=\"font-weight: 400;\" aria-level=\"1\"><b>Com afiliados<\/b><span style=\"font-weight: 400;\">: Podemos compartilhar suas informa\u00e7\u00f5es com nossas afiliadas e, nesse caso, exigiremos que essas afiliadas respeitem esta Pol\u00edtica de Privacidade.<\/span><\/li><li style=\"font-weight: 400;\" aria-level=\"1\"><b>Com parceiros de neg\u00f3cios<\/b><span style=\"font-weight: 400;\">: Podemos compartilhar suas informa\u00e7\u00f5es com nossos parceiros comerciais para lhe oferecer determinados produtos, servi\u00e7os ou promo\u00e7\u00f5es.<\/span><\/li><li style=\"font-weight: 400;\" aria-level=\"1\"><b>Com outros usu\u00e1rios<\/b><span style=\"font-weight: 400;\">: Se voc\u00ea interagir com outros usu\u00e1rios ou se registrar por meio de um Servi\u00e7o de m\u00eddia social de terceiros, seus contatos no Servi\u00e7o de m\u00eddia social de terceiros poder\u00e3o ver seu nome, perfil, fotos e descri\u00e7\u00e3o de sua atividade.<\/span><\/li><li style=\"font-weight: 400;\" aria-level=\"1\"><b>Com seu consentimento<\/b><span style=\"font-weight: 400;\">: Podemos divulgar suas informa\u00e7\u00f5es pessoais para qualquer outra finalidade com o seu consentimento.<\/span><\/li><\/ul><h2><b>Seguran\u00e7a de suas informa\u00e7\u00f5es<\/b><\/h2><p><span style=\"font-weight: 400;\">A seguran\u00e7a de suas informa\u00e7\u00f5es pessoais \u00e9 importante para n\u00f3s, mas lembre-se de que nenhum m\u00e9todo de transmiss\u00e3o pela Internet ou m\u00e9todo de armazenamento eletr\u00f4nico \u00e9 100% seguro. Embora nos esforcemos para usar meios comercialmente aceit\u00e1veis para proteger suas informa\u00e7\u00f5es pessoais, n\u00e3o podemos garantir sua seguran\u00e7a absoluta.<\/span><\/p><h2><b>Seus direitos de privacidade<\/b><\/h2><p><span style=\"font-weight: 400;\">Dependendo da sua localiza\u00e7\u00e3o (especialmente se voc\u00ea for residente do Espa\u00e7o Econ\u00f4mico Europeu (EEE)), voc\u00ea tem determinados direitos de prote\u00e7\u00e3o de dados. A Fruit-Slots.com pretende tomar medidas razo\u00e1veis para permitir que voc\u00ea corrija, altere, exclua ou limite o uso dos seus Dados pessoais.<\/span><\/p><p><span style=\"font-weight: 400;\">Se quiser ser informado sobre quais dados pessoais mantemos sobre voc\u00ea e se quiser que eles sejam removidos de nossos sistemas, entre em contato conosco.<\/span><\/p><h2><b>Links para outros sites<\/b><\/h2><p><span style=\"font-weight: 400;\">Nosso site pode conter links para outros sites que n\u00e3o s\u00e3o operados por n\u00f3s. Se voc\u00ea clicar em um link de terceiros, ser\u00e1 direcionado ao site desses terceiros. Recomendamos enfaticamente que voc\u00ea analise a Pol\u00edtica de Privacidade de cada site que visitar.<\/span><\/p><p><span style=\"font-weight: 400;\">N\u00e3o temos controle e n\u00e3o assumimos nenhuma responsabilidade pelo conte\u00fado, pol\u00edticas de privacidade ou pr\u00e1ticas de sites ou servi\u00e7os de terceiros.<\/span><\/p><h2><b>Altera\u00e7\u00f5es a esta pol\u00edtica de privacidade<\/b><\/h2><p><span style=\"font-weight: 400;\">Podemos atualizar nossa Pol\u00edtica de Privacidade de tempos em tempos. Notificaremos voc\u00ea sobre quaisquer altera\u00e7\u00f5es publicando a nova Pol\u00edtica de Privacidade nesta p\u00e1gina.<\/span><\/p><p><span style=\"font-weight: 400;\">N\u00f3s o informaremos por e-mail e\/ou por meio de um aviso destacado em nosso site, antes que a altera\u00e7\u00e3o entre em vigor, e atualizaremos a data da \"\u00daltima atualiza\u00e7\u00e3o\" na parte superior desta Pol\u00edtica de Privacidade.<\/span><\/p><p><span style=\"font-weight: 400;\">Aconselhamos que voc\u00ea revise esta Pol\u00edtica de Privacidade periodicamente para verificar se houve alguma altera\u00e7\u00e3o. As altera\u00e7\u00f5es a esta Pol\u00edtica de Privacidade entrar\u00e3o em vigor quando forem publicadas nesta p\u00e1gina.<\/span><\/p><h2><b>Entre em contato conosco<\/b><\/h2><p><span style=\"font-weight: 400;\">Em caso de d\u00favidas ou sugest\u00f5es sobre nossa Pol\u00edtica de Privacidade, n\u00e3o hesite em entrar em contato conosco pelo e-mail info@fruit-slots.com.<\/span><\/p>\t\t\t\t\t\t\t\t<\/div>\n\t\t\t\t<\/div>\n\t\t\t\t<div class=\"elementor-element elementor-element-d1747cf elementor-widget elementor-widget-spacer\" data-id=\"d1747cf\" data-element_type=\"widget\" data-e-type=\"widget\" data-widget_type=\"spacer.default\">\n\t\t\t\t<div class=\"elementor-widget-container\">\n\t\t\t\t\t\t\t<div class=\"elementor-spacer\">\n\t\t\t<div class=\"elementor-spacer-inner\"><\/div>\n\t\t<\/div>\n\t\t\t\t\t\t<\/div>\n\t\t\t\t<\/div>\n\t\t\t\t<\/div>\n\t\t\t\t\t<\/div>\n\t\t\t\t<\/div>\n\t\t\t\t<\/div>","protected":false},"excerpt":{"rendered":"<p>Privacy Policy for Fruit-Slots.com Last updated: August 2024 Introduction Thank you for choosing to be part of our community at Fruit-Slots.com. We are committed to protecting your personal information and your right to privacy. If you have any questions or concerns about this privacy policy, or our practices with regards to your personal information, please [&hellip;]<\/p>","protected":false},"author":1,"featured_media":1159,"parent":0,"menu_order":0,"comment_status":"closed","ping_status":"closed","template":"","meta":{"footnotes":""},"class_list":["post-1296","page","type-page","status-publish","has-post-thumbnail","hentry"],"blocksy_meta":{"has_hero_section":"disabled","styles_descriptor":{"styles":{"desktop":"","tablet":"","mobile":""},"google_fonts":[],"version":6},"vertical_spacing_source":"custom"},"yoast_head":"<!-- This site is optimized with the Yoast SEO plugin v27.6 - https:\/\/yoast.com\/product\/yoast-seo-wordpress\/ -->\n<title>Privacy Policy - Fruit-Slots<\/title>\n<meta name=\"robots\" content=\"index, follow, max-snippet:-1, max-image-preview:large, max-video-preview:-1\" \/>\n<link rel=\"canonical\" href=\"https:\/\/fruit-slots.com\/pt\/privacy-policy\/\" \/>\n<meta property=\"og:locale\" content=\"pt_BR\" \/>\n<meta property=\"og:type\" content=\"article\" \/>\n<meta property=\"og:title\" content=\"Privacy Policy - Fruit-Slots\" \/>\n<meta property=\"og:description\" content=\"Privacy Policy for Fruit-Slots.com Last updated: August 2024 Introduction Thank you for choosing to be part of our community at Fruit-Slots.com. We are committed to protecting your personal information and your right to privacy. If you have any questions or concerns about this privacy policy, or our practices with regards to your personal information, please [&hellip;]\" \/>\n<meta property=\"og:url\" content=\"https:\/\/fruit-slots.com\/pt\/privacy-policy\/\" \/>\n<meta property=\"og:site_name\" content=\"Fruit-Slots\" \/>\n<meta property=\"article:modified_time\" content=\"2024-08-12T15:25:30+00:00\" \/>\n<meta property=\"og:image\" content=\"https:\/\/fruit-slots.com\/wp-content\/uploads\/2024\/08\/orig-1-min.png\" \/>\n\t<meta property=\"og:image:width\" content=\"800\" \/>\n\t<meta property=\"og:image:height\" content=\"470\" \/>\n\t<meta property=\"og:image:type\" content=\"image\/png\" \/>\n<meta name=\"twitter:card\" content=\"summary_large_image\" \/>\n<meta name=\"twitter:label1\" content=\"Est. tempo de leitura\" \/>\n\t<meta name=\"twitter:data1\" content=\"5 minutos\" \/>\n<script type=\"application\/ld+json\" class=\"yoast-schema-graph\">{\"@context\":\"https:\\\/\\\/schema.org\",\"@graph\":[{\"@type\":\"WebPage\",\"@id\":\"https:\\\/\\\/fruit-slots.com\\\/privacy-policy\\\/\",\"url\":\"https:\\\/\\\/fruit-slots.com\\\/privacy-policy\\\/\",\"name\":\"Privacy Policy - Fruit-Slots\",\"isPartOf\":{\"@id\":\"https:\\\/\\\/fruit-slots.com\\\/#website\"},\"primaryImageOfPage\":{\"@id\":\"https:\\\/\\\/fruit-slots.com\\\/privacy-policy\\\/#primaryimage\"},\"image\":{\"@id\":\"https:\\\/\\\/fruit-slots.com\\\/privacy-policy\\\/#primaryimage\"},\"thumbnailUrl\":\"https:\\\/\\\/fruit-slots.com\\\/wp-content\\\/uploads\\\/2024\\\/08\\\/orig-1-min.png\",\"datePublished\":\"2024-08-12T15:19:36+00:00\",\"dateModified\":\"2024-08-12T15:25:30+00:00\",\"breadcrumb\":{\"@id\":\"https:\\\/\\\/fruit-slots.com\\\/privacy-policy\\\/#breadcrumb\"},\"inLanguage\":\"pt-BR\",\"potentialAction\":[{\"@type\":\"ReadAction\",\"target\":[\"https:\\\/\\\/fruit-slots.com\\\/privacy-policy\\\/\"]}]},{\"@type\":\"ImageObject\",\"inLanguage\":\"pt-BR\",\"@id\":\"https:\\\/\\\/fruit-slots.com\\\/privacy-policy\\\/#primaryimage\",\"url\":\"https:\\\/\\\/fruit-slots.com\\\/wp-content\\\/uploads\\\/2024\\\/08\\\/orig-1-min.png\",\"contentUrl\":\"https:\\\/\\\/fruit-slots.com\\\/wp-content\\\/uploads\\\/2024\\\/08\\\/orig-1-min.png\",\"width\":800,\"height\":470},{\"@type\":\"BreadcrumbList\",\"@id\":\"https:\\\/\\\/fruit-slots.com\\\/privacy-policy\\\/#breadcrumb\",\"itemListElement\":[{\"@type\":\"ListItem\",\"position\":1,\"name\":\"Home\",\"item\":\"https:\\\/\\\/fruit-slots.com\\\/\"},{\"@type\":\"ListItem\",\"position\":2,\"name\":\"Privacy Policy\"}]},{\"@type\":\"WebSite\",\"@id\":\"https:\\\/\\\/fruit-slots.com\\\/#website\",\"url\":\"https:\\\/\\\/fruit-slots.com\\\/\",\"name\":\"Fruit-Slots\",\"description\":\"My WordPress Blog\",\"publisher\":{\"@id\":\"https:\\\/\\\/fruit-slots.com\\\/#organization\"},\"potentialAction\":[{\"@type\":\"SearchAction\",\"target\":{\"@type\":\"EntryPoint\",\"urlTemplate\":\"https:\\\/\\\/fruit-slots.com\\\/?s={search_term_string}\"},\"query-input\":{\"@type\":\"PropertyValueSpecification\",\"valueRequired\":true,\"valueName\":\"search_term_string\"}}],\"inLanguage\":\"pt-BR\"},{\"@type\":\"Organization\",\"@id\":\"https:\\\/\\\/fruit-slots.com\\\/#organization\",\"name\":\"Fruit-Slots\",\"url\":\"https:\\\/\\\/fruit-slots.com\\\/\",\"logo\":{\"@type\":\"ImageObject\",\"inLanguage\":\"pt-BR\",\"@id\":\"https:\\\/\\\/fruit-slots.com\\\/#\\\/schema\\\/logo\\\/image\\\/\",\"url\":\"https:\\\/\\\/fruit-slots.com\\\/wp-content\\\/uploads\\\/2024\\\/08\\\/58e0b7d4-f614-4c61-9f33-df43065133d0-min.png\",\"contentUrl\":\"https:\\\/\\\/fruit-slots.com\\\/wp-content\\\/uploads\\\/2024\\\/08\\\/58e0b7d4-f614-4c61-9f33-df43065133d0-min.png\",\"width\":994,\"height\":564,\"caption\":\"Fruit-Slots\"},\"image\":{\"@id\":\"https:\\\/\\\/fruit-slots.com\\\/#\\\/schema\\\/logo\\\/image\\\/\"}}]}<\/script>\n<!-- \/ Yoast SEO plugin. -->","yoast_head_json":{"title":"Privacy Policy - Fruit-Slots","robots":{"index":"index","follow":"follow","max-snippet":"max-snippet:-1","max-image-preview":"max-image-preview:large","max-video-preview":"max-video-preview:-1"},"canonical":"https:\/\/fruit-slots.com\/pt\/privacy-policy\/","og_locale":"pt_BR","og_type":"article","og_title":"Privacy Policy - Fruit-Slots","og_description":"Privacy Policy for Fruit-Slots.com Last updated: August 2024 Introduction Thank you for choosing to be part of our community at Fruit-Slots.com. We are committed to protecting your personal information and your right to privacy. If you have any questions or concerns about this privacy policy, or our practices with regards to your personal information, please [&hellip;]","og_url":"https:\/\/fruit-slots.com\/pt\/privacy-policy\/","og_site_name":"Fruit-Slots","article_modified_time":"2024-08-12T15:25:30+00:00","og_image":[{"width":800,"height":470,"url":"https:\/\/fruit-slots.com\/wp-content\/uploads\/2024\/08\/orig-1-min.png","type":"image\/png"}],"twitter_card":"summary_large_image","twitter_misc":{"Est. tempo de leitura":"5 minutos"},"schema":{"@context":"https:\/\/schema.org","@graph":[{"@type":"WebPage","@id":"https:\/\/fruit-slots.com\/privacy-policy\/","url":"https:\/\/fruit-slots.com\/privacy-policy\/","name":"Privacy Policy - Fruit-Slots","isPartOf":{"@id":"https:\/\/fruit-slots.com\/#website"},"primaryImageOfPage":{"@id":"https:\/\/fruit-slots.com\/privacy-policy\/#primaryimage"},"image":{"@id":"https:\/\/fruit-slots.com\/privacy-policy\/#primaryimage"},"thumbnailUrl":"https:\/\/fruit-slots.com\/wp-content\/uploads\/2024\/08\/orig-1-min.png","datePublished":"2024-08-12T15:19:36+00:00","dateModified":"2024-08-12T15:25:30+00:00","breadcrumb":{"@id":"https:\/\/fruit-slots.com\/privacy-policy\/#breadcrumb"},"inLanguage":"pt-BR","potentialAction":[{"@type":"ReadAction","target":["https:\/\/fruit-slots.com\/privacy-policy\/"]}]},{"@type":"ImageObject","inLanguage":"pt-BR","@id":"https:\/\/fruit-slots.com\/privacy-policy\/#primaryimage","url":"https:\/\/fruit-slots.com\/wp-content\/uploads\/2024\/08\/orig-1-min.png","contentUrl":"https:\/\/fruit-slots.com\/wp-content\/uploads\/2024\/08\/orig-1-min.png","width":800,"height":470},{"@type":"BreadcrumbList","@id":"https:\/\/fruit-slots.com\/privacy-policy\/#breadcrumb","itemListElement":[{"@type":"ListItem","position":1,"name":"Home","item":"https:\/\/fruit-slots.com\/"},{"@type":"ListItem","position":2,"name":"Privacy Policy"}]},{"@type":"WebSite","@id":"https:\/\/fruit-slots.com\/#website","url":"https:\/\/fruit-slots.com\/","name":"Fruit-Slots","description":"My WordPress Blog","publisher":{"@id":"https:\/\/fruit-slots.com\/#organization"},"potentialAction":[{"@type":"SearchAction","target":{"@type":"EntryPoint","urlTemplate":"https:\/\/fruit-slots.com\/?s={search_term_string}"},"query-input":{"@type":"PropertyValueSpecification","valueRequired":true,"valueName":"search_term_string"}}],"inLanguage":"pt-BR"},{"@type":"Organization","@id":"https:\/\/fruit-slots.com\/#organization","name":"Fruit-Slots","url":"https:\/\/fruit-slots.com\/","logo":{"@type":"ImageObject","inLanguage":"pt-BR","@id":"https:\/\/fruit-slots.com\/#\/schema\/logo\/image\/","url":"https:\/\/fruit-slots.com\/wp-content\/uploads\/2024\/08\/58e0b7d4-f614-4c61-9f33-df43065133d0-min.png","contentUrl":"https:\/\/fruit-slots.com\/wp-content\/uploads\/2024\/08\/58e0b7d4-f614-4c61-9f33-df43065133d0-min.png","width":994,"height":564,"caption":"Fruit-Slots"},"image":{"@id":"https:\/\/fruit-slots.com\/#\/schema\/logo\/image\/"}}]}},"_links":{"self":[{"href":"https:\/\/fruit-slots.com\/pt\/wp-json\/wp\/v2\/pages\/1296","targetHints":{"allow":["GET"]}}],"collection":[{"href":"https:\/\/fruit-slots.com\/pt\/wp-json\/wp\/v2\/pages"}],"about":[{"href":"https:\/\/fruit-slots.com\/pt\/wp-json\/wp\/v2\/types\/page"}],"author":[{"embeddable":true,"href":"https:\/\/fruit-slots.com\/pt\/wp-json\/wp\/v2\/users\/1"}],"replies":[{"embeddable":true,"href":"https:\/\/fruit-slots.com\/pt\/wp-json\/wp\/v2\/comments?post=1296"}],"version-history":[{"count":0,"href":"https:\/\/fruit-slots.com\/pt\/wp-json\/wp\/v2\/pages\/1296\/revisions"}],"wp:featuredmedia":[{"embeddable":true,"href":"https:\/\/fruit-slots.com\/pt\/wp-json\/wp\/v2\/media\/1159"}],"wp:attachment":[{"href":"https:\/\/fruit-slots.com\/pt\/wp-json\/wp\/v2\/media?parent=1296"}],"curies":[{"name":"wp","href":"https:\/\/api.w.org\/{rel}","templated":true}]}}