{"id":1306,"date":"2024-08-12T15:27:45","date_gmt":"2024-08-12T15:27:45","guid":{"rendered":"https:\/\/fruit-slots.com\/?page_id=1306"},"modified":"2024-08-12T15:28:50","modified_gmt":"2024-08-12T15:28:50","slug":"about-us","status":"publish","type":"page","link":"https:\/\/fruit-slots.com\/pt\/about-us\/","title":{"rendered":"Sobre n\u00f3s"},"content":{"rendered":"<div data-elementor-type=\"wp-page\" data-elementor-id=\"1306\" class=\"elementor elementor-1306\">\n\t\t\t\t<div class=\"elementor-element elementor-element-f8639cc e-flex e-con-boxed e-con e-parent\" data-id=\"f8639cc\" data-element_type=\"container\" data-e-type=\"container\" data-settings=\"{&quot;background_background&quot;:&quot;classic&quot;}\">\n\t\t\t\t\t<div class=\"e-con-inner\">\n\t\t<div class=\"elementor-element elementor-element-aac303b e-con-full e-flex e-con e-child\" data-id=\"aac303b\" data-element_type=\"container\" data-e-type=\"container\" data-settings=\"{&quot;background_background&quot;:&quot;classic&quot;}\">\n\t\t\t\t<div class=\"elementor-element elementor-element-293f1ef elementor-widget-tablet__width-inherit elementor-widget elementor-widget-heading\" data-id=\"293f1ef\" data-element_type=\"widget\" data-e-type=\"widget\" data-widget_type=\"heading.default\">\n\t\t\t\t<div class=\"elementor-widget-container\">\n\t\t\t\t\t<h1 class=\"elementor-heading-title elementor-size-default\">Sobre n\u00f3s<\/h1>\t\t\t\t<\/div>\n\t\t\t\t<\/div>\n\t\t\t\t<div class=\"elementor-element elementor-element-96f36a2 elementor-widget__width-initial elementor-widget-tablet__width-inherit elementor-widget elementor-widget-text-editor\" data-id=\"96f36a2\" data-element_type=\"widget\" data-e-type=\"widget\" data-widget_type=\"text-editor.default\">\n\t\t\t\t<div class=\"elementor-widget-container\">\n\t\t\t\t\t\t\t\t\t<p><span style=\"font-weight: 400;\">Bem-vindo ao Fruit-Slots.com, sua fonte definitiva de an\u00e1lises detalhadas e percep\u00e7\u00f5es sobre o cen\u00e1rio dos ca\u00e7a-n\u00edqueis on-line. Com mais de seis anos de experi\u00eancia na \u00e1rea de jogos de azar on-line, nos dedicamos a gui\u00e1-lo pelo vasto mundo dos jogos de ca\u00e7a-n\u00edqueis on-line, garantindo que voc\u00ea encontre seu pr\u00f3ximo jogo favorito com facilidade e emo\u00e7\u00e3o.<\/span><\/p><h2><b>Sobre nossa experi\u00eancia<\/b><\/h2><p><span style=\"font-weight: 400;\">Como a popularidade dos ca\u00e7a-n\u00edqueis on-line continua a crescer, temos o compromisso de fornecer avalia\u00e7\u00f5es confi\u00e1veis e completas dos melhores jogos de ca\u00e7a-n\u00edqueis do mercado. No Fruit-Slots.com, nos concentramos na qualidade dos gr\u00e1ficos, na experi\u00eancia do usu\u00e1rio, na mec\u00e2nica do jogo, nos recursos de b\u00f4nus e na imparcialidade para oferecer a voc\u00ea as experi\u00eancias de jogo mais agrad\u00e1veis e seguras.<\/span><\/p><p><span style=\"font-weight: 400;\">Analisamos minuciosamente os jogos de ca\u00e7a-n\u00edqueis dispon\u00edveis em todo o mundo, com o objetivo de identificar aqueles que oferecem excelente entretenimento, seguran\u00e7a e imparcialidade. Nossa equipe de especialistas em jogos busca incessantemente os melhores ca\u00e7a-n\u00edqueis on-line para garantir que nossas recomenda\u00e7\u00f5es sejam confi\u00e1veis e perspicazes.<\/span><\/p><h2><b>Nossa miss\u00e3o<\/b><\/h2><p><span style=\"font-weight: 400;\">O Fruit-Slots.com dedica-se a melhorar sua experi\u00eancia com ca\u00e7a-n\u00edqueis on-line. Nosso objetivo \u00e9 ser um recurso \u00fatil e de apoio para todos os entusiastas de jogos de ca\u00e7a-n\u00edqueis. Caso encontre alguma informa\u00e7\u00e3o em nosso site que pare\u00e7a imprecisa ou desatualizada, pedimos desculpas e recomendamos que entre em contato conosco para fazer corre\u00e7\u00f5es. Garantimos que nossas an\u00e1lises sejam bem pesquisadas e confi\u00e1veis, promovendo apenas os jogos de ca\u00e7a-n\u00edqueis mais seguros e agrad\u00e1veis.<\/span><\/p><p><span style=\"font-weight: 400;\">Priorizamos a navega\u00e7\u00e3o f\u00e1cil e um design amig\u00e1vel em nosso site, simplificando o acesso \u00e0s informa\u00e7\u00f5es necess\u00e1rias e a tomada de decis\u00f5es informadas sobre novos jogos de ca\u00e7a-n\u00edqueis. Nossas an\u00e1lises detalhadas e honestas foram criadas para fornecer todas as informa\u00e7\u00f5es necess\u00e1rias para que voc\u00ea escolha o jogo certo para voc\u00ea.<\/span><\/p><h2><b>Sobre nossa equipe<\/b><\/h2><p><span style=\"font-weight: 400;\">O Fruit-Slots.com \u00e9 alimentado por um grupo diversificado de indiv\u00edduos experientes e apaixonados de diferentes origens, todos unidos por seu amor pelos jogos on-line. Somos excelentes em fornecer as \u00faltimas promo\u00e7\u00f5es, ofertas e not\u00edcias do mundo dos jogos de ca\u00e7a-n\u00edqueis on-line. O que nos diferencia \u00e9 o nosso compromisso com uma vis\u00e3o ampla que vai al\u00e9m das simples an\u00e1lises de ca\u00e7a-n\u00edqueis e abrange uma gama mais ampla de entretenimento de jogos on-line.<\/span><\/p><p><span style=\"font-weight: 400;\">Junte-se a n\u00f3s no Fruit-Slots.com para explorar e aproveitar o emocionante mundo dos ca\u00e7a-n\u00edqueis on-line, guiado por nossa experi\u00eancia e dedica\u00e7\u00e3o para garantir uma experi\u00eancia de jogo segura, divertida e gratificante.<\/span><\/p>\t\t\t\t\t\t\t\t<\/div>\n\t\t\t\t<\/div>\n\t\t\t\t<div class=\"elementor-element elementor-element-7507df9 elementor-widget elementor-widget-spacer\" data-id=\"7507df9\" data-element_type=\"widget\" data-e-type=\"widget\" data-widget_type=\"spacer.default\">\n\t\t\t\t<div class=\"elementor-widget-container\">\n\t\t\t\t\t\t\t<div class=\"elementor-spacer\">\n\t\t\t<div class=\"elementor-spacer-inner\"><\/div>\n\t\t<\/div>\n\t\t\t\t\t\t<\/div>\n\t\t\t\t<\/div>\n\t\t\t\t<\/div>\n\t\t\t\t\t<\/div>\n\t\t\t\t<\/div>\n\t\t\t\t<\/div>","protected":false},"excerpt":{"rendered":"<p>About Us Welcome to Fruit-Slots.com, your definitive source for detailed reviews and insights into the online slots landscape. With over six years of expertise in the realm of online gambling, we&#8217;re dedicated to guiding you through the vast world of online slot games, ensuring you find your next favorite game with ease and excitement. About [&hellip;]<\/p>","protected":false},"author":1,"featured_media":1159,"parent":0,"menu_order":0,"comment_status":"closed","ping_status":"closed","template":"","meta":{"footnotes":""},"class_list":["post-1306","page","type-page","status-publish","has-post-thumbnail","hentry"],"blocksy_meta":{"has_hero_section":"disabled","styles_descriptor":{"styles":{"desktop":"","tablet":"","mobile":""},"google_fonts":[],"version":6}},"yoast_head":"<!-- This site is optimized with the Yoast SEO plugin v27.5 - https:\/\/yoast.com\/product\/yoast-seo-wordpress\/ -->\n<title>About Us - Fruit-Slots<\/title>\n<meta name=\"robots\" content=\"index, follow, max-snippet:-1, max-image-preview:large, max-video-preview:-1\" \/>\n<link rel=\"canonical\" href=\"https:\/\/fruit-slots.com\/pt\/about-us\/\" \/>\n<meta property=\"og:locale\" content=\"pt_BR\" \/>\n<meta property=\"og:type\" content=\"article\" \/>\n<meta property=\"og:title\" content=\"About Us - Fruit-Slots\" \/>\n<meta property=\"og:description\" content=\"About Us Welcome to Fruit-Slots.com, your definitive source for detailed reviews and insights into the online slots landscape. With over six years of expertise in the realm of online gambling, we&#8217;re dedicated to guiding you through the vast world of online slot games, ensuring you find your next favorite game with ease and excitement. About [&hellip;]\" \/>\n<meta property=\"og:url\" content=\"https:\/\/fruit-slots.com\/pt\/about-us\/\" \/>\n<meta property=\"og:site_name\" content=\"Fruit-Slots\" \/>\n<meta property=\"article:modified_time\" content=\"2024-08-12T15:28:50+00:00\" \/>\n<meta property=\"og:image\" content=\"https:\/\/fruit-slots.com\/wp-content\/uploads\/2024\/08\/orig-1-min.png\" \/>\n\t<meta property=\"og:image:width\" content=\"800\" \/>\n\t<meta property=\"og:image:height\" content=\"470\" \/>\n\t<meta property=\"og:image:type\" content=\"image\/png\" \/>\n<meta name=\"twitter:card\" content=\"summary_large_image\" \/>\n<meta name=\"twitter:label1\" content=\"Est. tempo de leitura\" \/>\n\t<meta name=\"twitter:data1\" content=\"2 minutos\" \/>\n<script type=\"application\/ld+json\" class=\"yoast-schema-graph\">{\"@context\":\"https:\\\/\\\/schema.org\",\"@graph\":[{\"@type\":\"WebPage\",\"@id\":\"https:\\\/\\\/fruit-slots.com\\\/about-us\\\/\",\"url\":\"https:\\\/\\\/fruit-slots.com\\\/about-us\\\/\",\"name\":\"About Us - Fruit-Slots\",\"isPartOf\":{\"@id\":\"https:\\\/\\\/fruit-slots.com\\\/#website\"},\"primaryImageOfPage\":{\"@id\":\"https:\\\/\\\/fruit-slots.com\\\/about-us\\\/#primaryimage\"},\"image\":{\"@id\":\"https:\\\/\\\/fruit-slots.com\\\/about-us\\\/#primaryimage\"},\"thumbnailUrl\":\"https:\\\/\\\/fruit-slots.com\\\/wp-content\\\/uploads\\\/2024\\\/08\\\/orig-1-min.png\",\"datePublished\":\"2024-08-12T15:27:45+00:00\",\"dateModified\":\"2024-08-12T15:28:50+00:00\",\"breadcrumb\":{\"@id\":\"https:\\\/\\\/fruit-slots.com\\\/about-us\\\/#breadcrumb\"},\"inLanguage\":\"pt-BR\",\"potentialAction\":[{\"@type\":\"ReadAction\",\"target\":[\"https:\\\/\\\/fruit-slots.com\\\/about-us\\\/\"]}]},{\"@type\":\"ImageObject\",\"inLanguage\":\"pt-BR\",\"@id\":\"https:\\\/\\\/fruit-slots.com\\\/about-us\\\/#primaryimage\",\"url\":\"https:\\\/\\\/fruit-slots.com\\\/wp-content\\\/uploads\\\/2024\\\/08\\\/orig-1-min.png\",\"contentUrl\":\"https:\\\/\\\/fruit-slots.com\\\/wp-content\\\/uploads\\\/2024\\\/08\\\/orig-1-min.png\",\"width\":800,\"height\":470},{\"@type\":\"BreadcrumbList\",\"@id\":\"https:\\\/\\\/fruit-slots.com\\\/about-us\\\/#breadcrumb\",\"itemListElement\":[{\"@type\":\"ListItem\",\"position\":1,\"name\":\"Home\",\"item\":\"https:\\\/\\\/fruit-slots.com\\\/\"},{\"@type\":\"ListItem\",\"position\":2,\"name\":\"About Us\"}]},{\"@type\":\"WebSite\",\"@id\":\"https:\\\/\\\/fruit-slots.com\\\/#website\",\"url\":\"https:\\\/\\\/fruit-slots.com\\\/\",\"name\":\"Fruit-Slots\",\"description\":\"My WordPress Blog\",\"publisher\":{\"@id\":\"https:\\\/\\\/fruit-slots.com\\\/#organization\"},\"potentialAction\":[{\"@type\":\"SearchAction\",\"target\":{\"@type\":\"EntryPoint\",\"urlTemplate\":\"https:\\\/\\\/fruit-slots.com\\\/?s={search_term_string}\"},\"query-input\":{\"@type\":\"PropertyValueSpecification\",\"valueRequired\":true,\"valueName\":\"search_term_string\"}}],\"inLanguage\":\"pt-BR\"},{\"@type\":\"Organization\",\"@id\":\"https:\\\/\\\/fruit-slots.com\\\/#organization\",\"name\":\"Fruit-Slots\",\"url\":\"https:\\\/\\\/fruit-slots.com\\\/\",\"logo\":{\"@type\":\"ImageObject\",\"inLanguage\":\"pt-BR\",\"@id\":\"https:\\\/\\\/fruit-slots.com\\\/#\\\/schema\\\/logo\\\/image\\\/\",\"url\":\"https:\\\/\\\/fruit-slots.com\\\/wp-content\\\/uploads\\\/2024\\\/08\\\/58e0b7d4-f614-4c61-9f33-df43065133d0-min.png\",\"contentUrl\":\"https:\\\/\\\/fruit-slots.com\\\/wp-content\\\/uploads\\\/2024\\\/08\\\/58e0b7d4-f614-4c61-9f33-df43065133d0-min.png\",\"width\":994,\"height\":564,\"caption\":\"Fruit-Slots\"},\"image\":{\"@id\":\"https:\\\/\\\/fruit-slots.com\\\/#\\\/schema\\\/logo\\\/image\\\/\"}}]}<\/script>\n<!-- \/ Yoast SEO plugin. -->","yoast_head_json":{"title":"About Us - Fruit-Slots","robots":{"index":"index","follow":"follow","max-snippet":"max-snippet:-1","max-image-preview":"max-image-preview:large","max-video-preview":"max-video-preview:-1"},"canonical":"https:\/\/fruit-slots.com\/pt\/about-us\/","og_locale":"pt_BR","og_type":"article","og_title":"About Us - Fruit-Slots","og_description":"About Us Welcome to Fruit-Slots.com, your definitive source for detailed reviews and insights into the online slots landscape. With over six years of expertise in the realm of online gambling, we&#8217;re dedicated to guiding you through the vast world of online slot games, ensuring you find your next favorite game with ease and excitement. About [&hellip;]","og_url":"https:\/\/fruit-slots.com\/pt\/about-us\/","og_site_name":"Fruit-Slots","article_modified_time":"2024-08-12T15:28:50+00:00","og_image":[{"width":800,"height":470,"url":"https:\/\/fruit-slots.com\/wp-content\/uploads\/2024\/08\/orig-1-min.png","type":"image\/png"}],"twitter_card":"summary_large_image","twitter_misc":{"Est. tempo de leitura":"2 minutos"},"schema":{"@context":"https:\/\/schema.org","@graph":[{"@type":"WebPage","@id":"https:\/\/fruit-slots.com\/about-us\/","url":"https:\/\/fruit-slots.com\/about-us\/","name":"About Us - Fruit-Slots","isPartOf":{"@id":"https:\/\/fruit-slots.com\/#website"},"primaryImageOfPage":{"@id":"https:\/\/fruit-slots.com\/about-us\/#primaryimage"},"image":{"@id":"https:\/\/fruit-slots.com\/about-us\/#primaryimage"},"thumbnailUrl":"https:\/\/fruit-slots.com\/wp-content\/uploads\/2024\/08\/orig-1-min.png","datePublished":"2024-08-12T15:27:45+00:00","dateModified":"2024-08-12T15:28:50+00:00","breadcrumb":{"@id":"https:\/\/fruit-slots.com\/about-us\/#breadcrumb"},"inLanguage":"pt-BR","potentialAction":[{"@type":"ReadAction","target":["https:\/\/fruit-slots.com\/about-us\/"]}]},{"@type":"ImageObject","inLanguage":"pt-BR","@id":"https:\/\/fruit-slots.com\/about-us\/#primaryimage","url":"https:\/\/fruit-slots.com\/wp-content\/uploads\/2024\/08\/orig-1-min.png","contentUrl":"https:\/\/fruit-slots.com\/wp-content\/uploads\/2024\/08\/orig-1-min.png","width":800,"height":470},{"@type":"BreadcrumbList","@id":"https:\/\/fruit-slots.com\/about-us\/#breadcrumb","itemListElement":[{"@type":"ListItem","position":1,"name":"Home","item":"https:\/\/fruit-slots.com\/"},{"@type":"ListItem","position":2,"name":"About Us"}]},{"@type":"WebSite","@id":"https:\/\/fruit-slots.com\/#website","url":"https:\/\/fruit-slots.com\/","name":"Fruit-Slots","description":"My WordPress Blog","publisher":{"@id":"https:\/\/fruit-slots.com\/#organization"},"potentialAction":[{"@type":"SearchAction","target":{"@type":"EntryPoint","urlTemplate":"https:\/\/fruit-slots.com\/?s={search_term_string}"},"query-input":{"@type":"PropertyValueSpecification","valueRequired":true,"valueName":"search_term_string"}}],"inLanguage":"pt-BR"},{"@type":"Organization","@id":"https:\/\/fruit-slots.com\/#organization","name":"Fruit-Slots","url":"https:\/\/fruit-slots.com\/","logo":{"@type":"ImageObject","inLanguage":"pt-BR","@id":"https:\/\/fruit-slots.com\/#\/schema\/logo\/image\/","url":"https:\/\/fruit-slots.com\/wp-content\/uploads\/2024\/08\/58e0b7d4-f614-4c61-9f33-df43065133d0-min.png","contentUrl":"https:\/\/fruit-slots.com\/wp-content\/uploads\/2024\/08\/58e0b7d4-f614-4c61-9f33-df43065133d0-min.png","width":994,"height":564,"caption":"Fruit-Slots"},"image":{"@id":"https:\/\/fruit-slots.com\/#\/schema\/logo\/image\/"}}]}},"_links":{"self":[{"href":"https:\/\/fruit-slots.com\/pt\/wp-json\/wp\/v2\/pages\/1306","targetHints":{"allow":["GET"]}}],"collection":[{"href":"https:\/\/fruit-slots.com\/pt\/wp-json\/wp\/v2\/pages"}],"about":[{"href":"https:\/\/fruit-slots.com\/pt\/wp-json\/wp\/v2\/types\/page"}],"author":[{"embeddable":true,"href":"https:\/\/fruit-slots.com\/pt\/wp-json\/wp\/v2\/users\/1"}],"replies":[{"embeddable":true,"href":"https:\/\/fruit-slots.com\/pt\/wp-json\/wp\/v2\/comments?post=1306"}],"version-history":[{"count":0,"href":"https:\/\/fruit-slots.com\/pt\/wp-json\/wp\/v2\/pages\/1306\/revisions"}],"wp:featuredmedia":[{"embeddable":true,"href":"https:\/\/fruit-slots.com\/pt\/wp-json\/wp\/v2\/media\/1159"}],"wp:attachment":[{"href":"https:\/\/fruit-slots.com\/pt\/wp-json\/wp\/v2\/media?parent=1306"}],"curies":[{"name":"wp","href":"https:\/\/api.w.org\/{rel}","templated":true}]}}