{"id":1313,"date":"2024-08-12T15:32:04","date_gmt":"2024-08-12T15:32:04","guid":{"rendered":"https:\/\/fruit-slots.com\/?page_id=1313"},"modified":"2024-08-12T15:33:54","modified_gmt":"2024-08-12T15:33:54","slug":"contact-us","status":"publish","type":"page","link":"https:\/\/fruit-slots.com\/pt\/contact-us\/","title":{"rendered":"Entre em contato conosco"},"content":{"rendered":"<div data-elementor-type=\"wp-page\" data-elementor-id=\"1313\" class=\"elementor elementor-1313\">\n\t\t\t\t<div class=\"elementor-element elementor-element-87c6b94 e-flex e-con-boxed e-con e-parent\" data-id=\"87c6b94\" data-element_type=\"container\" data-e-type=\"container\" data-settings=\"{&quot;background_background&quot;:&quot;classic&quot;}\">\n\t\t\t\t\t<div class=\"e-con-inner\">\n\t\t<div class=\"elementor-element elementor-element-647302e e-con-full e-flex e-con e-child\" data-id=\"647302e\" data-element_type=\"container\" data-e-type=\"container\" data-settings=\"{&quot;background_background&quot;:&quot;classic&quot;}\">\n\t\t\t\t<div class=\"elementor-element elementor-element-5b1fbf7 elementor-widget-tablet__width-inherit elementor-widget elementor-widget-heading\" data-id=\"5b1fbf7\" data-element_type=\"widget\" data-e-type=\"widget\" data-widget_type=\"heading.default\">\n\t\t\t\t<div class=\"elementor-widget-container\">\n\t\t\t\t\t<h1 class=\"elementor-heading-title elementor-size-default\">Entre em contato conosco<\/h1>\t\t\t\t<\/div>\n\t\t\t\t<\/div>\n\t\t\t\t<div class=\"elementor-element elementor-element-9fd05f4 elementor-widget__width-initial elementor-widget-tablet__width-inherit elementor-widget elementor-widget-text-editor\" data-id=\"9fd05f4\" data-element_type=\"widget\" data-e-type=\"widget\" data-widget_type=\"text-editor.default\">\n\t\t\t\t<div class=\"elementor-widget-container\">\n\t\t\t\t\t\t\t\t\t<p><span style=\"font-weight: 400;\">N\u00f3s do Fruit-Slots.com estamos sempre ansiosos para ouvir nossos visitantes. Se voc\u00ea tiver d\u00favidas, coment\u00e1rios ou sugest\u00f5es, n\u00e3o hesite em entrar em contato conosco. Sua opini\u00e3o \u00e9 inestim\u00e1vel, pois nos ajuda a aprimorar nossos servi\u00e7os e a garantir que estamos atendendo \u00e0s suas necessidades da forma mais eficiente poss\u00edvel.<\/span><\/p><p><span style=\"font-weight: 400;\">Seu feedback \u00e9 fundamental para n\u00f3s. Caso tenha alguma sugest\u00e3o sobre como podemos melhorar ou se gostaria de ver mais recursos em nosso site, entre em contato conosco. Temos o compromisso de aprimorar continuamente nossos servi\u00e7os e fornecer a voc\u00ea as melhores informa\u00e7\u00f5es sobre ca\u00e7a-n\u00edqueis on-line.<\/span><\/p><h2><b>Como entrar em contato conosco<\/b><\/h2><p><span style=\"font-weight: 400;\">Envie-nos um e-mail:<\/span><\/p><p><span style=\"font-weight: 400;\">Para todas as perguntas, envie um e-mail para <\/span><a href=\"mailto:info@fruit-slots.com\"><span style=\"font-weight: 400;\">info@fruit-slots.com<\/span><\/a><span style=\"font-weight: 400;\"> . N\u00f3s nos esfor\u00e7amos para responder prontamente a todos os e-mails.<\/span><\/p><p><span style=\"font-weight: 400;\">Obrigado por escolher o Fruit-Slots.com. Esperamos ter not\u00edcias suas e ajud\u00e1-lo no que for poss\u00edvel!<\/span><\/p>\t\t\t\t\t\t\t\t<\/div>\n\t\t\t\t<\/div>\n\t\t\t\t<div class=\"elementor-element elementor-element-3943ddf elementor-widget elementor-widget-spacer\" data-id=\"3943ddf\" data-element_type=\"widget\" data-e-type=\"widget\" data-widget_type=\"spacer.default\">\n\t\t\t\t<div class=\"elementor-widget-container\">\n\t\t\t\t\t\t\t<div class=\"elementor-spacer\">\n\t\t\t<div class=\"elementor-spacer-inner\"><\/div>\n\t\t<\/div>\n\t\t\t\t\t\t<\/div>\n\t\t\t\t<\/div>\n\t\t\t\t<\/div>\n\t\t\t\t<div class=\"elementor-element elementor-element-a57b7d6 elementor-widget elementor-widget-wpforms\" data-id=\"a57b7d6\" data-element_type=\"widget\" data-e-type=\"widget\" data-widget_type=\"wpforms.default\">\n\t\t\t\t<div class=\"elementor-widget-container\">\n\t\t\t\t\t<div class=\"wpforms-container wpforms-render-modern\" id=\"wpforms-67\"><form id=\"wpforms-form-67\" class=\"wpforms-validate wpforms-form wpforms-ajax-form\" data-formid=\"67\" method=\"post\" enctype=\"multipart\/form-data\" action=\"\/pt\/wp-json\/wp\/v2\/pages\/1313\" data-token=\"4d6e4a4f55b6a2ddc44300cb5b43152c\" data-token-time=\"1776426774\" data-trp-original-action=\"\/pt\/wp-json\/wp\/v2\/pages\/1313\"><noscript class=\"wpforms-error-noscript\">Ative o JavaScript no seu navegador para preencher este formul\u00e1rio.<\/noscript><div id=\"wpforms-error-noscript\" style=\"display: none;\">Ative o JavaScript no seu navegador para preencher este formul\u00e1rio.<\/div><div class=\"wpforms-field-container\"><div id=\"wpforms-67-field_6-container\" class=\"wpforms-field wpforms-field-name\" data-field-id=\"6\"><fieldset><legend class=\"wpforms-field-label wpforms-label-hide\" aria-hidden=\"false\">Nome (c\u00f3pia) <span class=\"wpforms-required-label\" aria-hidden=\"true\">*<\/span><\/legend><div class=\"wpforms-field-row wpforms-field-large\"><div class=\"wpforms-field-row-block wpforms-first wpforms-one-half\"><input type=\"text\" id=\"wpforms-67-field_6\" class=\"wpforms-field-name-first wpforms-field-required\" name=\"wpforms[fields][6][first]\" placeholder=\"Primeiro nome *\" aria-errormessage=\"wpforms-67-field_6-error\" required><label for=\"wpforms-67-field_6\" class=\"wpforms-field-sublabel after wpforms-sublabel-hide\">Nome<\/label><\/div><div class=\"wpforms-field-row-block wpforms-one-half\"><input type=\"text\" id=\"wpforms-67-field_6-last\" class=\"wpforms-field-name-last wpforms-field-required\" name=\"wpforms[fields][6][last]\" placeholder=\"Sobrenome *\" aria-errormessage=\"wpforms-67-field_6-last-error\" required><label for=\"wpforms-67-field_6-last\" class=\"wpforms-field-sublabel after wpforms-sublabel-hide\">Sobrenome<\/label><\/div><\/div><\/fieldset><\/div><div id=\"wpforms-67-field_1-container\" class=\"wpforms-field wpforms-field-email wpforms-one-half wpforms-first\" data-field-id=\"1\"><label class=\"wpforms-field-label wpforms-label-hide\" for=\"wpforms-67-field_1\" aria-hidden=\"false\">E-mail <span class=\"wpforms-required-label\" aria-hidden=\"true\">*<\/span><\/label><input type=\"email\" id=\"wpforms-67-field_1\" class=\"wpforms-field-large wpforms-field-required\" name=\"wpforms[fields][1]\" placeholder=\"Seu e-mail *\" spellcheck=\"false\" aria-errormessage=\"wpforms-67-field_1-error\" required><\/div><div id=\"wpforms-67-field_2-container\" class=\"wpforms-field wpforms-field-textarea\" data-field-id=\"2\"><label class=\"wpforms-field-label wpforms-label-hide\" for=\"wpforms-67-field_2\" aria-hidden=\"false\">Coment\u00e1rio ou mensagem <span class=\"wpforms-required-label\" aria-hidden=\"true\">*<\/span><\/label><textarea id=\"wpforms-67-field_2\" class=\"wpforms-field-large wpforms-field-required\" name=\"wpforms[fields][2]\" placeholder=\"Mensagem *\" aria-errormessage=\"wpforms-67-field_2-error\" required><\/textarea><\/div><\/div><!-- .wpforms-field-container --><div class=\"wpforms-submit-container\" ><input type=\"hidden\" name=\"wpforms[id]\" value=\"67\"><input type=\"hidden\" name=\"page_title\" value=\"\"><input type=\"hidden\" name=\"page_url\" value=\"https:\/\/fruit-slots.com\/pt\/wp-json\/wp\/v2\/pages\/1313\"><input type=\"hidden\" name=\"url_referer\" value=\"\"><button type=\"submit\" name=\"wpforms[submit]\" id=\"wpforms-submit-67\" class=\"wpforms-submit\" data-alt-text=\"Sending...\" data-submit-text=\"Send Message\" aria-live=\"assertive\" value=\"wpforms-submit\">Enviar mensagem<\/button><img decoding=\"async\" src=\"https:\/\/fruit-slots.com\/wp-content\/plugins\/wpforms-lite\/assets\/images\/submit-spin.svg\" class=\"wpforms-submit-spinner\" style=\"display: none;\" width=\"26\" height=\"26\" alt=\"Carregando\"><\/div><input type=\"hidden\" name=\"trp-form-language\" value=\"pt\"\/><\/form><\/div>  <!-- .wpforms-container -->\t\t\t\t<\/div>\n\t\t\t\t<\/div>\n\t\t\t\t\t<\/div>\n\t\t\t\t<\/div>\n\t\t\t\t<\/div>","protected":false},"excerpt":{"rendered":"<p>Contact Us We at Fruit-Slots.com are always eager to hear from our visitors. Whether you have questions, feedback, or suggestions, please don&#8217;t hesitate to reach out. Your input is invaluable as it helps us enhance our services and ensure we are meeting your needs as effectively as possible. Your feedback is crucial to us. If [&hellip;]<\/p>","protected":false},"author":1,"featured_media":1159,"parent":0,"menu_order":0,"comment_status":"closed","ping_status":"closed","template":"","meta":{"footnotes":""},"class_list":["post-1313","page","type-page","status-publish","has-post-thumbnail","hentry"],"blocksy_meta":{"has_hero_section":"disabled","styles_descriptor":{"styles":{"desktop":"","tablet":"","mobile":""},"google_fonts":[],"version":6}},"yoast_head":"<!-- This site is optimized with the Yoast SEO plugin v27.4 - https:\/\/yoast.com\/product\/yoast-seo-wordpress\/ -->\n<title>Contact Us - Fruit-Slots<\/title>\n<meta name=\"robots\" content=\"index, follow, max-snippet:-1, max-image-preview:large, max-video-preview:-1\" \/>\n<link rel=\"canonical\" href=\"https:\/\/fruit-slots.com\/pt\/contact-us\/\" \/>\n<meta property=\"og:locale\" content=\"pt_BR\" \/>\n<meta property=\"og:type\" content=\"article\" \/>\n<meta property=\"og:title\" content=\"Contact Us - Fruit-Slots\" \/>\n<meta property=\"og:description\" content=\"Contact Us We at Fruit-Slots.com are always eager to hear from our visitors. Whether you have questions, feedback, or suggestions, please don&#8217;t hesitate to reach out. Your input is invaluable as it helps us enhance our services and ensure we are meeting your needs as effectively as possible. Your feedback is crucial to us. If [&hellip;]\" \/>\n<meta property=\"og:url\" content=\"https:\/\/fruit-slots.com\/pt\/contact-us\/\" \/>\n<meta property=\"og:site_name\" content=\"Fruit-Slots\" \/>\n<meta property=\"article:modified_time\" content=\"2024-08-12T15:33:54+00:00\" \/>\n<meta property=\"og:image\" content=\"https:\/\/fruit-slots.com\/wp-content\/uploads\/2024\/08\/orig-1-min.png\" \/>\n\t<meta property=\"og:image:width\" content=\"800\" \/>\n\t<meta property=\"og:image:height\" content=\"470\" \/>\n\t<meta property=\"og:image:type\" content=\"image\/png\" \/>\n<meta name=\"twitter:card\" content=\"summary_large_image\" \/>\n<meta name=\"twitter:label1\" content=\"Est. tempo de leitura\" \/>\n\t<meta name=\"twitter:data1\" content=\"1 minuto\" \/>\n<script type=\"application\/ld+json\" class=\"yoast-schema-graph\">{\"@context\":\"https:\\\/\\\/schema.org\",\"@graph\":[{\"@type\":\"WebPage\",\"@id\":\"https:\\\/\\\/fruit-slots.com\\\/contact-us\\\/\",\"url\":\"https:\\\/\\\/fruit-slots.com\\\/contact-us\\\/\",\"name\":\"Contact Us - Fruit-Slots\",\"isPartOf\":{\"@id\":\"https:\\\/\\\/fruit-slots.com\\\/#website\"},\"primaryImageOfPage\":{\"@id\":\"https:\\\/\\\/fruit-slots.com\\\/contact-us\\\/#primaryimage\"},\"image\":{\"@id\":\"https:\\\/\\\/fruit-slots.com\\\/contact-us\\\/#primaryimage\"},\"thumbnailUrl\":\"https:\\\/\\\/fruit-slots.com\\\/wp-content\\\/uploads\\\/2024\\\/08\\\/orig-1-min.png\",\"datePublished\":\"2024-08-12T15:32:04+00:00\",\"dateModified\":\"2024-08-12T15:33:54+00:00\",\"breadcrumb\":{\"@id\":\"https:\\\/\\\/fruit-slots.com\\\/contact-us\\\/#breadcrumb\"},\"inLanguage\":\"pt-BR\",\"potentialAction\":[{\"@type\":\"ReadAction\",\"target\":[\"https:\\\/\\\/fruit-slots.com\\\/contact-us\\\/\"]}]},{\"@type\":\"ImageObject\",\"inLanguage\":\"pt-BR\",\"@id\":\"https:\\\/\\\/fruit-slots.com\\\/contact-us\\\/#primaryimage\",\"url\":\"https:\\\/\\\/fruit-slots.com\\\/wp-content\\\/uploads\\\/2024\\\/08\\\/orig-1-min.png\",\"contentUrl\":\"https:\\\/\\\/fruit-slots.com\\\/wp-content\\\/uploads\\\/2024\\\/08\\\/orig-1-min.png\",\"width\":800,\"height\":470},{\"@type\":\"BreadcrumbList\",\"@id\":\"https:\\\/\\\/fruit-slots.com\\\/contact-us\\\/#breadcrumb\",\"itemListElement\":[{\"@type\":\"ListItem\",\"position\":1,\"name\":\"Home\",\"item\":\"https:\\\/\\\/fruit-slots.com\\\/\"},{\"@type\":\"ListItem\",\"position\":2,\"name\":\"Contact Us\"}]},{\"@type\":\"WebSite\",\"@id\":\"https:\\\/\\\/fruit-slots.com\\\/#website\",\"url\":\"https:\\\/\\\/fruit-slots.com\\\/\",\"name\":\"Fruit-Slots\",\"description\":\"My WordPress Blog\",\"publisher\":{\"@id\":\"https:\\\/\\\/fruit-slots.com\\\/#organization\"},\"potentialAction\":[{\"@type\":\"SearchAction\",\"target\":{\"@type\":\"EntryPoint\",\"urlTemplate\":\"https:\\\/\\\/fruit-slots.com\\\/?s={search_term_string}\"},\"query-input\":{\"@type\":\"PropertyValueSpecification\",\"valueRequired\":true,\"valueName\":\"search_term_string\"}}],\"inLanguage\":\"pt-BR\"},{\"@type\":\"Organization\",\"@id\":\"https:\\\/\\\/fruit-slots.com\\\/#organization\",\"name\":\"Fruit-Slots\",\"url\":\"https:\\\/\\\/fruit-slots.com\\\/\",\"logo\":{\"@type\":\"ImageObject\",\"inLanguage\":\"pt-BR\",\"@id\":\"https:\\\/\\\/fruit-slots.com\\\/#\\\/schema\\\/logo\\\/image\\\/\",\"url\":\"https:\\\/\\\/fruit-slots.com\\\/wp-content\\\/uploads\\\/2024\\\/08\\\/58e0b7d4-f614-4c61-9f33-df43065133d0-min.png\",\"contentUrl\":\"https:\\\/\\\/fruit-slots.com\\\/wp-content\\\/uploads\\\/2024\\\/08\\\/58e0b7d4-f614-4c61-9f33-df43065133d0-min.png\",\"width\":994,\"height\":564,\"caption\":\"Fruit-Slots\"},\"image\":{\"@id\":\"https:\\\/\\\/fruit-slots.com\\\/#\\\/schema\\\/logo\\\/image\\\/\"}}]}<\/script>\n<!-- \/ Yoast SEO plugin. -->","yoast_head_json":{"title":"Contact Us - Fruit-Slots","robots":{"index":"index","follow":"follow","max-snippet":"max-snippet:-1","max-image-preview":"max-image-preview:large","max-video-preview":"max-video-preview:-1"},"canonical":"https:\/\/fruit-slots.com\/pt\/contact-us\/","og_locale":"pt_BR","og_type":"article","og_title":"Contact Us - Fruit-Slots","og_description":"Contact Us We at Fruit-Slots.com are always eager to hear from our visitors. Whether you have questions, feedback, or suggestions, please don&#8217;t hesitate to reach out. Your input is invaluable as it helps us enhance our services and ensure we are meeting your needs as effectively as possible. Your feedback is crucial to us. If [&hellip;]","og_url":"https:\/\/fruit-slots.com\/pt\/contact-us\/","og_site_name":"Fruit-Slots","article_modified_time":"2024-08-12T15:33:54+00:00","og_image":[{"width":800,"height":470,"url":"https:\/\/fruit-slots.com\/wp-content\/uploads\/2024\/08\/orig-1-min.png","type":"image\/png"}],"twitter_card":"summary_large_image","twitter_misc":{"Est. tempo de leitura":"1 minuto"},"schema":{"@context":"https:\/\/schema.org","@graph":[{"@type":"WebPage","@id":"https:\/\/fruit-slots.com\/contact-us\/","url":"https:\/\/fruit-slots.com\/contact-us\/","name":"Contact Us - Fruit-Slots","isPartOf":{"@id":"https:\/\/fruit-slots.com\/#website"},"primaryImageOfPage":{"@id":"https:\/\/fruit-slots.com\/contact-us\/#primaryimage"},"image":{"@id":"https:\/\/fruit-slots.com\/contact-us\/#primaryimage"},"thumbnailUrl":"https:\/\/fruit-slots.com\/wp-content\/uploads\/2024\/08\/orig-1-min.png","datePublished":"2024-08-12T15:32:04+00:00","dateModified":"2024-08-12T15:33:54+00:00","breadcrumb":{"@id":"https:\/\/fruit-slots.com\/contact-us\/#breadcrumb"},"inLanguage":"pt-BR","potentialAction":[{"@type":"ReadAction","target":["https:\/\/fruit-slots.com\/contact-us\/"]}]},{"@type":"ImageObject","inLanguage":"pt-BR","@id":"https:\/\/fruit-slots.com\/contact-us\/#primaryimage","url":"https:\/\/fruit-slots.com\/wp-content\/uploads\/2024\/08\/orig-1-min.png","contentUrl":"https:\/\/fruit-slots.com\/wp-content\/uploads\/2024\/08\/orig-1-min.png","width":800,"height":470},{"@type":"BreadcrumbList","@id":"https:\/\/fruit-slots.com\/contact-us\/#breadcrumb","itemListElement":[{"@type":"ListItem","position":1,"name":"Home","item":"https:\/\/fruit-slots.com\/"},{"@type":"ListItem","position":2,"name":"Contact Us"}]},{"@type":"WebSite","@id":"https:\/\/fruit-slots.com\/#website","url":"https:\/\/fruit-slots.com\/","name":"Fruit-Slots","description":"My WordPress Blog","publisher":{"@id":"https:\/\/fruit-slots.com\/#organization"},"potentialAction":[{"@type":"SearchAction","target":{"@type":"EntryPoint","urlTemplate":"https:\/\/fruit-slots.com\/?s={search_term_string}"},"query-input":{"@type":"PropertyValueSpecification","valueRequired":true,"valueName":"search_term_string"}}],"inLanguage":"pt-BR"},{"@type":"Organization","@id":"https:\/\/fruit-slots.com\/#organization","name":"Fruit-Slots","url":"https:\/\/fruit-slots.com\/","logo":{"@type":"ImageObject","inLanguage":"pt-BR","@id":"https:\/\/fruit-slots.com\/#\/schema\/logo\/image\/","url":"https:\/\/fruit-slots.com\/wp-content\/uploads\/2024\/08\/58e0b7d4-f614-4c61-9f33-df43065133d0-min.png","contentUrl":"https:\/\/fruit-slots.com\/wp-content\/uploads\/2024\/08\/58e0b7d4-f614-4c61-9f33-df43065133d0-min.png","width":994,"height":564,"caption":"Fruit-Slots"},"image":{"@id":"https:\/\/fruit-slots.com\/#\/schema\/logo\/image\/"}}]}},"_links":{"self":[{"href":"https:\/\/fruit-slots.com\/pt\/wp-json\/wp\/v2\/pages\/1313","targetHints":{"allow":["GET"]}}],"collection":[{"href":"https:\/\/fruit-slots.com\/pt\/wp-json\/wp\/v2\/pages"}],"about":[{"href":"https:\/\/fruit-slots.com\/pt\/wp-json\/wp\/v2\/types\/page"}],"author":[{"embeddable":true,"href":"https:\/\/fruit-slots.com\/pt\/wp-json\/wp\/v2\/users\/1"}],"replies":[{"embeddable":true,"href":"https:\/\/fruit-slots.com\/pt\/wp-json\/wp\/v2\/comments?post=1313"}],"version-history":[{"count":0,"href":"https:\/\/fruit-slots.com\/pt\/wp-json\/wp\/v2\/pages\/1313\/revisions"}],"wp:featuredmedia":[{"embeddable":true,"href":"https:\/\/fruit-slots.com\/pt\/wp-json\/wp\/v2\/media\/1159"}],"wp:attachment":[{"href":"https:\/\/fruit-slots.com\/pt\/wp-json\/wp\/v2\/media?parent=1313"}],"curies":[{"name":"wp","href":"https:\/\/api.w.org\/{rel}","templated":true}]}}