{"id":1296,"date":"2024-08-12T15:19:36","date_gmt":"2024-08-12T15:19:36","guid":{"rendered":"https:\/\/fruit-slots.com\/?page_id=1296"},"modified":"2024-08-12T15:25:30","modified_gmt":"2024-08-12T15:25:30","slug":"privacy-policy","status":"publish","type":"page","link":"https:\/\/fruit-slots.com\/tr\/privacy-policy\/","title":{"rendered":"Gizlilik Politikas\u0131"},"content":{"rendered":"<div data-elementor-type=\"wp-page\" data-elementor-id=\"1296\" class=\"elementor elementor-1296\">\n\t\t\t\t<div class=\"elementor-element elementor-element-47783f9 e-flex e-con-boxed e-con e-parent\" data-id=\"47783f9\" data-element_type=\"container\" data-e-type=\"container\" data-settings=\"{&quot;background_background&quot;:&quot;classic&quot;}\">\n\t\t\t\t\t<div class=\"e-con-inner\">\n\t\t<div class=\"elementor-element elementor-element-97eb605 e-con-full e-flex e-con e-child\" data-id=\"97eb605\" data-element_type=\"container\" data-e-type=\"container\" data-settings=\"{&quot;background_background&quot;:&quot;classic&quot;}\">\n\t\t\t\t<div class=\"elementor-element elementor-element-bd17151 elementor-widget-tablet__width-inherit elementor-widget elementor-widget-heading\" data-id=\"bd17151\" data-element_type=\"widget\" data-e-type=\"widget\" data-widget_type=\"heading.default\">\n\t\t\t\t<div class=\"elementor-widget-container\">\n\t\t\t\t\t<h1 class=\"elementor-heading-title elementor-size-default\">Fruit-Slots.com i\u00e7in Gizlilik Politikas\u0131<\/h1>\t\t\t\t<\/div>\n\t\t\t\t<\/div>\n\t\t\t\t<div class=\"elementor-element elementor-element-ca9971a elementor-widget__width-initial elementor-widget-tablet__width-inherit elementor-widget elementor-widget-text-editor\" data-id=\"ca9971a\" data-element_type=\"widget\" data-e-type=\"widget\" data-widget_type=\"text-editor.default\">\n\t\t\t\t<div class=\"elementor-widget-container\">\n\t\t\t\t\t\t\t\t\t<p><i><span style=\"font-weight: 400;\">Son g\u00fcncelleme A\u011fustos 2024<\/span><\/i><\/p><h2><b>Giri\u015f<\/b><\/h2><p><span style=\"font-weight: 400;\">Fruit-Slots.com'da toplulu\u011fumuzun bir par\u00e7as\u0131 olmay\u0131 se\u00e7ti\u011finiz i\u00e7in te\u015fekk\u00fcr ederiz. Ki\u015fisel bilgilerinizi ve gizlilik hakk\u0131n\u0131z\u0131 korumaya kararl\u0131y\u0131z. Bu gizlilik politikas\u0131 veya ki\u015fisel bilgilerinizle ilgili uygulamalar\u0131m\u0131z hakk\u0131nda herhangi bir sorunuz veya endi\u015feniz varsa, l\u00fctfen support@fruit-slots.com adresinden bizimle ileti\u015fime ge\u00e7in.<\/span><\/p><p><span style=\"font-weight: 400;\">Web sitemizi ziyaret etti\u011finizde<\/span><a href=\"https:\/\/fruit-slots.com\/tr\/\"> <span style=\"font-weight: 400;\">https:\/\/fruit-slots.com<\/span><\/a><span style=\"font-weight: 400;\"> (\"Web Sitesi\") ve hizmetlerimizi kulland\u0131\u011f\u0131n\u0131zda, ki\u015fisel bilgileriniz konusunda bize g\u00fcvenmi\u015f olursunuz. Gizlili\u011finizi \u00e7ok ciddiye al\u0131yoruz. Bu gizlilik politikas\u0131nda, size hangi bilgileri toplad\u0131\u011f\u0131m\u0131z\u0131, bunlar\u0131 nas\u0131l kulland\u0131\u011f\u0131m\u0131z\u0131 ve bunlarla ilgili olarak hangi haklara sahip oldu\u011funuzu m\u00fcmk\u00fcn olan en a\u00e7\u0131k \u015fekilde a\u00e7\u0131klamaya \u00e7al\u0131\u015f\u0131yoruz. \u00d6nemli oldu\u011fu i\u00e7in dikkatlice okumak i\u00e7in biraz zaman ay\u0131rman\u0131z\u0131 umuyoruz.<\/span><\/p><h2><b>Toplad\u0131\u011f\u0131m\u0131z Bilgiler<\/b><\/h2><p><span style=\"font-weight: 400;\">Kumar slotlar\u0131n\u0131 incelemeye adanm\u0131\u015f bir web sitesi olarak, i\u00e7eri\u011fimizi sizin i\u00e7in uyarlamam\u0131za ve geli\u015ftirmemize yard\u0131mc\u0131 olacak bilgiler topluyoruz. Buna \u015funlar dahildir:<\/span><\/p><h3><b>Ki\u015fisel Olarak Tan\u0131mlanabilir Bilgiler<\/b><\/h3><ul><li style=\"font-weight: 400;\" aria-level=\"1\"><b>\u0130leti\u015fim bilgileri<\/b><span style=\"font-weight: 400;\">: b\u00fcltenimize kaydolursan\u0131z e-posta adresiniz gibi.<\/span><\/li><li style=\"font-weight: 400;\" aria-level=\"1\"><b>Geri bildirim ve kullan\u0131c\u0131 deneyimleri<\/b><span style=\"font-weight: 400;\">Hizmetlerimizle etkile\u015fime ge\u00e7ti\u011finizde tercihleriniz ve geri bildirimleriniz.<\/span><\/li><\/ul><h3><b>Ki\u015fisel Olarak Tan\u0131mlanamayan Bilgiler<\/b><\/h3><ul><li style=\"font-weight: 400;\" aria-level=\"1\"><b>Kullan\u0131m Verileri<\/b><span style=\"font-weight: 400;\">: \u0130nternet Protokol\u00fc adresiniz (IP adresi), taray\u0131c\u0131 t\u00fcr\u00fc, taray\u0131c\u0131 s\u00fcr\u00fcm\u00fc, sitemizin ziyaret etti\u011finiz sayfalar\u0131, ziyaretinizin saati ve tarihi, bu sayfalarda ge\u00e7irilen s\u00fcre, benzersiz cihaz tan\u0131mlay\u0131c\u0131lar\u0131 ve di\u011fer tan\u0131lama verileri gibi bilgiler.<\/span><\/li><li style=\"font-weight: 400;\" aria-level=\"1\"><b>\u0130zleme Teknolojileri ve \u00c7erezler<\/b><span style=\"font-weight: 400;\">: Web sitemizdeki etkinli\u011fi izlemek ve belirli bilgileri saklamak i\u00e7in \u00e7erezleri ve benzer izleme teknolojilerini kullan\u0131r\u0131z. \u00c7erezler, anonim benzersiz bir tan\u0131mlay\u0131c\u0131 i\u00e7erebilen az miktarda veri i\u00e7eren dosyalard\u0131r.<\/span><\/li><\/ul><h2><b>Bilgilerinizi Nas\u0131l Kullan\u0131yoruz<\/b><\/h2><p><span style=\"font-weight: 400;\">Toplad\u0131\u011f\u0131m\u0131z bilgileri a\u015fa\u011f\u0131dakiler de dahil olmak \u00fczere \u00e7e\u015fitli \u015fekillerde kullan\u0131r\u0131z:<\/span><\/p><ul><li style=\"font-weight: 400;\" aria-level=\"1\"><b>Web sitemizi sa\u011flamak, i\u015fletmek ve bak\u0131m\u0131n\u0131 yapmak<\/b><span style=\"font-weight: 400;\">: Sitemizin ilgi alanlar\u0131n\u0131zla en alakal\u0131 i\u00e7eri\u011fi sunmas\u0131n\u0131 ve sorunsuz \u00e7al\u0131\u015fmas\u0131n\u0131 sa\u011flamak.<\/span><\/li><li style=\"font-weight: 400;\" aria-level=\"1\"><b>Web sitemizi iyile\u015ftirmek, ki\u015fiselle\u015ftirmek ve geni\u015fletmek<\/b><span style=\"font-weight: 400;\">: Kullan\u0131c\u0131lar\u0131m\u0131z\u0131n siteyle nas\u0131l etkile\u015fime girdi\u011fini anlamak, kullan\u0131c\u0131 davran\u0131\u015f\u0131na ve tercihlerine dayal\u0131 \u00f6zellikler ve i\u015flevler ekleyerek kullan\u0131c\u0131 deneyimini geli\u015ftirmemize olanak tan\u0131r.<\/span><\/li><li style=\"font-weight: 400;\" aria-level=\"1\"><b>Web sitemizi nas\u0131l kulland\u0131\u011f\u0131n\u0131z\u0131 anlamak ve analiz etmek<\/b><span style=\"font-weight: 400;\">: Analizler, hangi makale ve incelemelerin en yararl\u0131 veya pop\u00fcler oldu\u011funu g\u00f6rmemize yard\u0131mc\u0131 olur ve i\u00e7erik stratejimizi y\u00f6nlendirir.<\/span><\/li><li style=\"font-weight: 400;\" aria-level=\"1\"><b>Yeni \u00fcr\u00fcnler, hizmetler, \u00f6zellikler ve i\u015flevler geli\u015ftirmek<\/b><span style=\"font-weight: 400;\">: Geri bildirim ve kullan\u0131m modelleri, geli\u015ftirme yol haritam\u0131z\u0131 do\u011frudan etkileyebilir.<\/span><\/li><li style=\"font-weight: 400;\" aria-level=\"1\"><b>Do\u011frudan veya ortaklar\u0131m\u0131zdan biri arac\u0131l\u0131\u011f\u0131yla sizinle ileti\u015fim kurmak<\/b><span style=\"font-weight: 400;\">: M\u00fc\u015fteri hizmetleri i\u00e7in, size web sitesi ile ilgili g\u00fcncellemeleri ve di\u011fer bilgileri sa\u011flamak ve pazarlama ve tan\u0131t\u0131m ama\u00e7lar\u0131 i\u00e7in.<\/span><\/li><li style=\"font-weight: 400;\" aria-level=\"1\"><b>Size e-posta g\u00f6ndermek<\/b><span style=\"font-weight: 400;\">: Yeni incelemeler ve \u00f6zellikler veya \u015fartlar, ko\u015fullar ve politikalar\u0131m\u0131zdaki de\u011fi\u015fikliklerden sizi haberdar etmek i\u00e7in.<\/span><\/li><li style=\"font-weight: 400;\" aria-level=\"1\"><b>Doland\u0131r\u0131c\u0131l\u0131\u011f\u0131 bulun ve \u00f6nleyin<\/b><span style=\"font-weight: 400;\">: T\u00fcm kullan\u0131c\u0131lar i\u00e7in g\u00fcvenli bir ortam sa\u011flamak.<\/span><\/li><\/ul><h2><b>Bilgilerinizi Payla\u015fma<\/b><\/h2><p><span style=\"font-weight: 400;\">Bize Ki\u015fisel Bilgilerinizi sa\u011flama konusundaki g\u00fcveninize de\u011fer veriyoruz, bu nedenle bunlar\u0131 korumak i\u00e7in ticari olarak kabul edilebilir ara\u00e7lar kullanmaya \u00e7al\u0131\u015f\u0131yoruz. Ancak, verilerinizi payla\u015fabilece\u011fimiz ko\u015fullar a\u015fa\u011f\u0131da belirtilmi\u015ftir:<\/span><\/p><ul><li style=\"font-weight: 400;\" aria-level=\"1\"><b>Hizmet Sa\u011flay\u0131c\u0131larla<\/b><span style=\"font-weight: 400;\">: Ki\u015fisel bilgilerinizi, Web Sitemizin kullan\u0131m\u0131n\u0131 izlemek ve analiz etmek, sizinle ileti\u015fim kurmak i\u00e7in hizmet sa\u011flay\u0131c\u0131larla payla\u015fabiliriz.<\/span><\/li><li style=\"font-weight: 400;\" aria-level=\"1\"><b>\u0130\u015fletme Transferleri \u0130\u00e7in<\/b><span style=\"font-weight: 400;\">: Bir birle\u015fme, devralma veya varl\u0131k sat\u0131\u015f\u0131na dahil olursak, Ki\u015fisel Bilgileriniz aktar\u0131labilir.<\/span><\/li><li style=\"font-weight: 400;\" aria-level=\"1\"><b>\u0130\u015ftirakler ile<\/b><span style=\"font-weight: 400;\">: Bilgilerinizi i\u015ftiraklerimizle payla\u015fabiliriz, bu durumda s\u00f6z konusu i\u015ftiraklerin bu Gizlilik Politikas\u0131na uymas\u0131n\u0131 zorunlu k\u0131lar\u0131z.<\/span><\/li><li style=\"font-weight: 400;\" aria-level=\"1\"><b>\u0130\u015f Ortaklar\u0131 ile<\/b><span style=\"font-weight: 400;\">: Size belirli \u00fcr\u00fcnler, hizmetler veya promosyonlar sunmak i\u00e7in bilgilerinizi i\u015f ortaklar\u0131m\u0131zla payla\u015fabiliriz.<\/span><\/li><li style=\"font-weight: 400;\" aria-level=\"1\"><b>Di\u011fer kullan\u0131c\u0131larla<\/b><span style=\"font-weight: 400;\">: Di\u011fer kullan\u0131c\u0131larla etkile\u015fime girerseniz veya bir \u00dc\u00e7\u00fcnc\u00fc Taraf Sosyal Medya Hizmeti arac\u0131l\u0131\u011f\u0131yla kaydolursan\u0131z, \u00dc\u00e7\u00fcnc\u00fc Taraf Sosyal Medya Hizmetindeki ki\u015fileriniz ad\u0131n\u0131z\u0131, profilinizi, resimlerinizi ve etkinli\u011finizin a\u00e7\u0131klamas\u0131n\u0131 g\u00f6rebilir.<\/span><\/li><li style=\"font-weight: 400;\" aria-level=\"1\"><b>Sizin Onay\u0131n\u0131zla<\/b><span style=\"font-weight: 400;\">: Ki\u015fisel bilgilerinizi sizin izninizle ba\u015fka herhangi bir ama\u00e7 i\u00e7in if\u015fa edebiliriz.<\/span><\/li><\/ul><h2><b>Bilgilerinizin G\u00fcvenli\u011fi<\/b><\/h2><p><span style=\"font-weight: 400;\">Ki\u015fisel bilgilerinizin g\u00fcvenli\u011fi bizim i\u00e7in \u00f6nemlidir, ancak \u0130nternet \u00fczerinden hi\u00e7bir iletim y\u00f6nteminin veya elektronik depolama y\u00f6nteminin 100% g\u00fcvenli olmad\u0131\u011f\u0131n\u0131 unutmay\u0131n. Ki\u015fisel bilgilerinizi korumak i\u00e7in ticari olarak kabul edilebilir ara\u00e7lar kullanmaya \u00e7al\u0131\u015fsak da, mutlak g\u00fcvenli\u011fini garanti edemeyiz.<\/span><\/p><h2><b>Gizlilik Haklar\u0131n\u0131z<\/b><\/h2><p><span style=\"font-weight: 400;\">Bulundu\u011funuz yere ba\u011fl\u0131 olarak (\u00f6zellikle Avrupa Ekonomik Alan\u0131'nda (AEA) ikamet ediyorsan\u0131z), belirli veri koruma haklar\u0131na sahipsiniz. Fruit-Slots.com, Ki\u015fisel Verilerinizin kullan\u0131m\u0131n\u0131 d\u00fczeltmenize, de\u011fi\u015ftirmenize, silmenize veya s\u0131n\u0131rland\u0131rman\u0131za izin vermek i\u00e7in makul ad\u0131mlar atmay\u0131 ama\u00e7lamaktad\u0131r.<\/span><\/p><p><span style=\"font-weight: 400;\">Hakk\u0131n\u0131zda hangi Ki\u015fisel Verileri tuttu\u011fumuz hakk\u0131nda bilgi almak ve sistemlerimizden kald\u0131r\u0131lmas\u0131n\u0131 istiyorsan\u0131z, l\u00fctfen bizimle ileti\u015fime ge\u00e7in.<\/span><\/p><h2><b>Di\u011fer Web Sitelerine Ba\u011flant\u0131lar<\/b><\/h2><p><span style=\"font-weight: 400;\">Web Sitemiz, taraf\u0131m\u0131zca i\u015fletilmeyen di\u011fer web sitelerine ba\u011flant\u0131lar i\u00e7erebilir. Bir \u00fc\u00e7\u00fcnc\u00fc taraf ba\u011flant\u0131s\u0131na t\u0131klarsan\u0131z, o \u00fc\u00e7\u00fcnc\u00fc taraf\u0131n sitesine y\u00f6nlendirilirsiniz. Ziyaret etti\u011finiz her sitenin Gizlilik Politikas\u0131n\u0131 incelemenizi \u00f6nemle tavsiye ederiz.<\/span><\/p><p><span style=\"font-weight: 400;\">\u00dc\u00e7\u00fcnc\u00fc taraf sitelerinin veya hizmetlerinin i\u00e7eri\u011fi, gizlilik politikalar\u0131 veya uygulamalar\u0131 \u00fczerinde hi\u00e7bir kontrol\u00fcm\u00fcz yoktur ve bunlar i\u00e7in hi\u00e7bir sorumluluk kabul etmiyoruz.<\/span><\/p><h2><b>Bu Gizlilik Politikas\u0131ndaki De\u011fi\u015fiklikler<\/b><\/h2><p><span style=\"font-weight: 400;\">Gizlilik Politikam\u0131z\u0131 zaman zaman g\u00fcncelleyebiliriz. Yeni Gizlilik Politikas\u0131n\u0131 bu sayfada yay\u0131nlayarak de\u011fi\u015fiklikleri size bildirece\u011fiz.<\/span><\/p><p><span style=\"font-weight: 400;\">De\u011fi\u015fikli\u011fin y\u00fcr\u00fcrl\u00fc\u011fe girmesinden ve bu Gizlilik Politikas\u0131n\u0131n \u00fcst k\u0131sm\u0131ndaki \"Son g\u00fcncelleme\" tarihinin g\u00fcncellenmesinden \u00f6nce e-posta ve\/veya Web Sitemizde g\u00f6ze \u00e7arpan bir bildirim yoluyla sizi bilgilendirece\u011fiz.<\/span><\/p><p><span style=\"font-weight: 400;\">Herhangi bir de\u011fi\u015fiklik i\u00e7in bu Gizlilik Politikas\u0131n\u0131 periyodik olarak g\u00f6zden ge\u00e7irmeniz tavsiye edilir. Bu Gizlilik Politikas\u0131nda yap\u0131lan de\u011fi\u015fiklikler, bu sayfada yay\u0131nland\u0131\u011f\u0131nda y\u00fcr\u00fcrl\u00fc\u011fe girer.<\/span><\/p><h2><b>Bize Ula\u015f\u0131n<\/b><\/h2><p><span style=\"font-weight: 400;\">Gizlilik Politikam\u0131z hakk\u0131nda herhangi bir sorunuz veya \u00f6neriniz varsa, info@fruit-slots.com adresinden bizimle ileti\u015fime ge\u00e7mekten \u00e7ekinmeyin.<\/span><\/p>\t\t\t\t\t\t\t\t<\/div>\n\t\t\t\t<\/div>\n\t\t\t\t<div class=\"elementor-element elementor-element-d1747cf elementor-widget elementor-widget-spacer\" data-id=\"d1747cf\" data-element_type=\"widget\" data-e-type=\"widget\" data-widget_type=\"spacer.default\">\n\t\t\t\t<div class=\"elementor-widget-container\">\n\t\t\t\t\t\t\t<div class=\"elementor-spacer\">\n\t\t\t<div class=\"elementor-spacer-inner\"><\/div>\n\t\t<\/div>\n\t\t\t\t\t\t<\/div>\n\t\t\t\t<\/div>\n\t\t\t\t<\/div>\n\t\t\t\t\t<\/div>\n\t\t\t\t<\/div>\n\t\t\t\t<\/div>","protected":false},"excerpt":{"rendered":"<p>Privacy Policy for Fruit-Slots.com Last updated: August 2024 Introduction Thank you for choosing to be part of our community at Fruit-Slots.com. We are committed to protecting your personal information and your right to privacy. If you have any questions or concerns about this privacy policy, or our practices with regards to your personal information, please [&hellip;]<\/p>","protected":false},"author":1,"featured_media":1159,"parent":0,"menu_order":0,"comment_status":"closed","ping_status":"closed","template":"","meta":{"footnotes":""},"class_list":["post-1296","page","type-page","status-publish","has-post-thumbnail","hentry"],"blocksy_meta":{"has_hero_section":"disabled","styles_descriptor":{"styles":{"desktop":"","tablet":"","mobile":""},"google_fonts":[],"version":6},"vertical_spacing_source":"custom"},"yoast_head":"<!-- This site is optimized with the Yoast SEO plugin v27.4 - https:\/\/yoast.com\/product\/yoast-seo-wordpress\/ -->\n<title>Privacy Policy - Fruit-Slots<\/title>\n<meta name=\"robots\" content=\"index, follow, max-snippet:-1, max-image-preview:large, max-video-preview:-1\" \/>\n<link rel=\"canonical\" href=\"https:\/\/fruit-slots.com\/tr\/privacy-policy\/\" \/>\n<meta property=\"og:locale\" content=\"tr_TR\" \/>\n<meta property=\"og:type\" content=\"article\" \/>\n<meta property=\"og:title\" content=\"Privacy Policy - Fruit-Slots\" \/>\n<meta property=\"og:description\" content=\"Privacy Policy for Fruit-Slots.com Last updated: August 2024 Introduction Thank you for choosing to be part of our community at Fruit-Slots.com. We are committed to protecting your personal information and your right to privacy. If you have any questions or concerns about this privacy policy, or our practices with regards to your personal information, please [&hellip;]\" \/>\n<meta property=\"og:url\" content=\"https:\/\/fruit-slots.com\/tr\/privacy-policy\/\" \/>\n<meta property=\"og:site_name\" content=\"Fruit-Slots\" \/>\n<meta property=\"article:modified_time\" content=\"2024-08-12T15:25:30+00:00\" \/>\n<meta property=\"og:image\" content=\"https:\/\/fruit-slots.com\/wp-content\/uploads\/2024\/08\/orig-1-min.png\" \/>\n\t<meta property=\"og:image:width\" content=\"800\" \/>\n\t<meta property=\"og:image:height\" content=\"470\" \/>\n\t<meta property=\"og:image:type\" content=\"image\/png\" \/>\n<meta name=\"twitter:card\" content=\"summary_large_image\" \/>\n<meta name=\"twitter:label1\" content=\"Tahmini okuma s\u00fcresi\" \/>\n\t<meta name=\"twitter:data1\" content=\"5 dakika\" \/>\n<script type=\"application\/ld+json\" class=\"yoast-schema-graph\">{\"@context\":\"https:\\\/\\\/schema.org\",\"@graph\":[{\"@type\":\"WebPage\",\"@id\":\"https:\\\/\\\/fruit-slots.com\\\/privacy-policy\\\/\",\"url\":\"https:\\\/\\\/fruit-slots.com\\\/privacy-policy\\\/\",\"name\":\"Privacy Policy - Fruit-Slots\",\"isPartOf\":{\"@id\":\"https:\\\/\\\/fruit-slots.com\\\/#website\"},\"primaryImageOfPage\":{\"@id\":\"https:\\\/\\\/fruit-slots.com\\\/privacy-policy\\\/#primaryimage\"},\"image\":{\"@id\":\"https:\\\/\\\/fruit-slots.com\\\/privacy-policy\\\/#primaryimage\"},\"thumbnailUrl\":\"https:\\\/\\\/fruit-slots.com\\\/wp-content\\\/uploads\\\/2024\\\/08\\\/orig-1-min.png\",\"datePublished\":\"2024-08-12T15:19:36+00:00\",\"dateModified\":\"2024-08-12T15:25:30+00:00\",\"breadcrumb\":{\"@id\":\"https:\\\/\\\/fruit-slots.com\\\/privacy-policy\\\/#breadcrumb\"},\"inLanguage\":\"tr\",\"potentialAction\":[{\"@type\":\"ReadAction\",\"target\":[\"https:\\\/\\\/fruit-slots.com\\\/privacy-policy\\\/\"]}]},{\"@type\":\"ImageObject\",\"inLanguage\":\"tr\",\"@id\":\"https:\\\/\\\/fruit-slots.com\\\/privacy-policy\\\/#primaryimage\",\"url\":\"https:\\\/\\\/fruit-slots.com\\\/wp-content\\\/uploads\\\/2024\\\/08\\\/orig-1-min.png\",\"contentUrl\":\"https:\\\/\\\/fruit-slots.com\\\/wp-content\\\/uploads\\\/2024\\\/08\\\/orig-1-min.png\",\"width\":800,\"height\":470},{\"@type\":\"BreadcrumbList\",\"@id\":\"https:\\\/\\\/fruit-slots.com\\\/privacy-policy\\\/#breadcrumb\",\"itemListElement\":[{\"@type\":\"ListItem\",\"position\":1,\"name\":\"Home\",\"item\":\"https:\\\/\\\/fruit-slots.com\\\/\"},{\"@type\":\"ListItem\",\"position\":2,\"name\":\"Privacy Policy\"}]},{\"@type\":\"WebSite\",\"@id\":\"https:\\\/\\\/fruit-slots.com\\\/#website\",\"url\":\"https:\\\/\\\/fruit-slots.com\\\/\",\"name\":\"Fruit-Slots\",\"description\":\"My WordPress Blog\",\"publisher\":{\"@id\":\"https:\\\/\\\/fruit-slots.com\\\/#organization\"},\"potentialAction\":[{\"@type\":\"SearchAction\",\"target\":{\"@type\":\"EntryPoint\",\"urlTemplate\":\"https:\\\/\\\/fruit-slots.com\\\/?s={search_term_string}\"},\"query-input\":{\"@type\":\"PropertyValueSpecification\",\"valueRequired\":true,\"valueName\":\"search_term_string\"}}],\"inLanguage\":\"tr\"},{\"@type\":\"Organization\",\"@id\":\"https:\\\/\\\/fruit-slots.com\\\/#organization\",\"name\":\"Fruit-Slots\",\"url\":\"https:\\\/\\\/fruit-slots.com\\\/\",\"logo\":{\"@type\":\"ImageObject\",\"inLanguage\":\"tr\",\"@id\":\"https:\\\/\\\/fruit-slots.com\\\/#\\\/schema\\\/logo\\\/image\\\/\",\"url\":\"https:\\\/\\\/fruit-slots.com\\\/wp-content\\\/uploads\\\/2024\\\/08\\\/58e0b7d4-f614-4c61-9f33-df43065133d0-min.png\",\"contentUrl\":\"https:\\\/\\\/fruit-slots.com\\\/wp-content\\\/uploads\\\/2024\\\/08\\\/58e0b7d4-f614-4c61-9f33-df43065133d0-min.png\",\"width\":994,\"height\":564,\"caption\":\"Fruit-Slots\"},\"image\":{\"@id\":\"https:\\\/\\\/fruit-slots.com\\\/#\\\/schema\\\/logo\\\/image\\\/\"}}]}<\/script>\n<!-- \/ Yoast SEO plugin. -->","yoast_head_json":{"title":"Privacy Policy - Fruit-Slots","robots":{"index":"index","follow":"follow","max-snippet":"max-snippet:-1","max-image-preview":"max-image-preview:large","max-video-preview":"max-video-preview:-1"},"canonical":"https:\/\/fruit-slots.com\/tr\/privacy-policy\/","og_locale":"tr_TR","og_type":"article","og_title":"Privacy Policy - Fruit-Slots","og_description":"Privacy Policy for Fruit-Slots.com Last updated: August 2024 Introduction Thank you for choosing to be part of our community at Fruit-Slots.com. We are committed to protecting your personal information and your right to privacy. If you have any questions or concerns about this privacy policy, or our practices with regards to your personal information, please [&hellip;]","og_url":"https:\/\/fruit-slots.com\/tr\/privacy-policy\/","og_site_name":"Fruit-Slots","article_modified_time":"2024-08-12T15:25:30+00:00","og_image":[{"width":800,"height":470,"url":"https:\/\/fruit-slots.com\/wp-content\/uploads\/2024\/08\/orig-1-min.png","type":"image\/png"}],"twitter_card":"summary_large_image","twitter_misc":{"Tahmini okuma s\u00fcresi":"5 dakika"},"schema":{"@context":"https:\/\/schema.org","@graph":[{"@type":"WebPage","@id":"https:\/\/fruit-slots.com\/privacy-policy\/","url":"https:\/\/fruit-slots.com\/privacy-policy\/","name":"Privacy Policy - Fruit-Slots","isPartOf":{"@id":"https:\/\/fruit-slots.com\/#website"},"primaryImageOfPage":{"@id":"https:\/\/fruit-slots.com\/privacy-policy\/#primaryimage"},"image":{"@id":"https:\/\/fruit-slots.com\/privacy-policy\/#primaryimage"},"thumbnailUrl":"https:\/\/fruit-slots.com\/wp-content\/uploads\/2024\/08\/orig-1-min.png","datePublished":"2024-08-12T15:19:36+00:00","dateModified":"2024-08-12T15:25:30+00:00","breadcrumb":{"@id":"https:\/\/fruit-slots.com\/privacy-policy\/#breadcrumb"},"inLanguage":"tr","potentialAction":[{"@type":"ReadAction","target":["https:\/\/fruit-slots.com\/privacy-policy\/"]}]},{"@type":"ImageObject","inLanguage":"tr","@id":"https:\/\/fruit-slots.com\/privacy-policy\/#primaryimage","url":"https:\/\/fruit-slots.com\/wp-content\/uploads\/2024\/08\/orig-1-min.png","contentUrl":"https:\/\/fruit-slots.com\/wp-content\/uploads\/2024\/08\/orig-1-min.png","width":800,"height":470},{"@type":"BreadcrumbList","@id":"https:\/\/fruit-slots.com\/privacy-policy\/#breadcrumb","itemListElement":[{"@type":"ListItem","position":1,"name":"Home","item":"https:\/\/fruit-slots.com\/"},{"@type":"ListItem","position":2,"name":"Privacy Policy"}]},{"@type":"WebSite","@id":"https:\/\/fruit-slots.com\/#website","url":"https:\/\/fruit-slots.com\/","name":"Fruit-Slots","description":"My WordPress Blog","publisher":{"@id":"https:\/\/fruit-slots.com\/#organization"},"potentialAction":[{"@type":"SearchAction","target":{"@type":"EntryPoint","urlTemplate":"https:\/\/fruit-slots.com\/?s={search_term_string}"},"query-input":{"@type":"PropertyValueSpecification","valueRequired":true,"valueName":"search_term_string"}}],"inLanguage":"tr"},{"@type":"Organization","@id":"https:\/\/fruit-slots.com\/#organization","name":"Fruit-Slots","url":"https:\/\/fruit-slots.com\/","logo":{"@type":"ImageObject","inLanguage":"tr","@id":"https:\/\/fruit-slots.com\/#\/schema\/logo\/image\/","url":"https:\/\/fruit-slots.com\/wp-content\/uploads\/2024\/08\/58e0b7d4-f614-4c61-9f33-df43065133d0-min.png","contentUrl":"https:\/\/fruit-slots.com\/wp-content\/uploads\/2024\/08\/58e0b7d4-f614-4c61-9f33-df43065133d0-min.png","width":994,"height":564,"caption":"Fruit-Slots"},"image":{"@id":"https:\/\/fruit-slots.com\/#\/schema\/logo\/image\/"}}]}},"_links":{"self":[{"href":"https:\/\/fruit-slots.com\/tr\/wp-json\/wp\/v2\/pages\/1296","targetHints":{"allow":["GET"]}}],"collection":[{"href":"https:\/\/fruit-slots.com\/tr\/wp-json\/wp\/v2\/pages"}],"about":[{"href":"https:\/\/fruit-slots.com\/tr\/wp-json\/wp\/v2\/types\/page"}],"author":[{"embeddable":true,"href":"https:\/\/fruit-slots.com\/tr\/wp-json\/wp\/v2\/users\/1"}],"replies":[{"embeddable":true,"href":"https:\/\/fruit-slots.com\/tr\/wp-json\/wp\/v2\/comments?post=1296"}],"version-history":[{"count":0,"href":"https:\/\/fruit-slots.com\/tr\/wp-json\/wp\/v2\/pages\/1296\/revisions"}],"wp:featuredmedia":[{"embeddable":true,"href":"https:\/\/fruit-slots.com\/tr\/wp-json\/wp\/v2\/media\/1159"}],"wp:attachment":[{"href":"https:\/\/fruit-slots.com\/tr\/wp-json\/wp\/v2\/media?parent=1296"}],"curies":[{"name":"wp","href":"https:\/\/api.w.org\/{rel}","templated":true}]}}