{"id":1306,"date":"2024-08-12T15:27:45","date_gmt":"2024-08-12T15:27:45","guid":{"rendered":"https:\/\/fruit-slots.com\/?page_id=1306"},"modified":"2024-08-12T15:28:50","modified_gmt":"2024-08-12T15:28:50","slug":"about-us","status":"publish","type":"page","link":"https:\/\/fruit-slots.com\/tr\/about-us\/","title":{"rendered":"Hakk\u0131m\u0131zda"},"content":{"rendered":"<div data-elementor-type=\"wp-page\" data-elementor-id=\"1306\" class=\"elementor elementor-1306\">\n\t\t\t\t<div class=\"elementor-element elementor-element-f8639cc e-flex e-con-boxed e-con e-parent\" data-id=\"f8639cc\" data-element_type=\"container\" data-e-type=\"container\" data-settings=\"{&quot;background_background&quot;:&quot;classic&quot;}\">\n\t\t\t\t\t<div class=\"e-con-inner\">\n\t\t<div class=\"elementor-element elementor-element-aac303b e-con-full e-flex e-con e-child\" data-id=\"aac303b\" data-element_type=\"container\" data-e-type=\"container\" data-settings=\"{&quot;background_background&quot;:&quot;classic&quot;}\">\n\t\t\t\t<div class=\"elementor-element elementor-element-293f1ef elementor-widget-tablet__width-inherit elementor-widget elementor-widget-heading\" data-id=\"293f1ef\" data-element_type=\"widget\" data-e-type=\"widget\" data-widget_type=\"heading.default\">\n\t\t\t\t<div class=\"elementor-widget-container\">\n\t\t\t\t\t<h1 class=\"elementor-heading-title elementor-size-default\">Hakk\u0131m\u0131zda<\/h1>\t\t\t\t<\/div>\n\t\t\t\t<\/div>\n\t\t\t\t<div class=\"elementor-element elementor-element-96f36a2 elementor-widget__width-initial elementor-widget-tablet__width-inherit elementor-widget elementor-widget-text-editor\" data-id=\"96f36a2\" data-element_type=\"widget\" data-e-type=\"widget\" data-widget_type=\"text-editor.default\">\n\t\t\t\t<div class=\"elementor-widget-container\">\n\t\t\t\t\t\t\t\t\t<p><span style=\"font-weight: 400;\">Online slot oyunlar\u0131na ili\u015fkin detayl\u0131 incelemeler ve g\u00f6r\u00fc\u015fler i\u00e7in kesin kayna\u011f\u0131n\u0131z olan Fruit-Slots.com'a ho\u015f geldiniz. \u00c7evrimi\u00e7i kumar alan\u0131nda alt\u0131 y\u0131l\u0131 a\u015fk\u0131n uzmanl\u0131\u011f\u0131m\u0131zla, \u00e7evrimi\u00e7i slot oyunlar\u0131n\u0131n geni\u015f d\u00fcnyas\u0131nda size rehberlik etmeye, bir sonraki favori oyununuzu kolayl\u0131kla ve heyecanla bulman\u0131z\u0131 sa\u011flamaya kendimizi adad\u0131k.<\/span><\/p><h2><b>Uzmanl\u0131\u011f\u0131m\u0131z Hakk\u0131nda<\/b><\/h2><p><span style=\"font-weight: 400;\">Online slotlar\u0131n pop\u00fclaritesi artmaya devam ederken, size piyasadaki en iyi slot oyunlar\u0131n\u0131n yetkili ve kapsaml\u0131 de\u011ferlendirmelerini sunmaya kararl\u0131y\u0131z. Fruit-Slots.com'da, size en keyifli ve g\u00fcvenli oyun deneyimlerini sunmak i\u00e7in grafiklerin kalitesine, kullan\u0131c\u0131 deneyimine, oyun mekani\u011fine, bonus \u00f6zelliklere ve adalete odaklan\u0131yoruz.<\/span><\/p><p><span style=\"font-weight: 400;\">D\u00fcnya \u00e7ap\u0131nda mevcut olan slot oyunlar\u0131n\u0131 inceleyerek harika e\u011flence, g\u00fcvenlik ve adalet sunan oyunlar\u0131 tespit etmeyi ama\u00e7l\u0131yoruz. Hevesli oyun uzmanlar\u0131ndan olu\u015fan ekibimiz, \u00f6nerilerimizin hem g\u00fcvenilir hem de anlay\u0131\u015fl\u0131 olmas\u0131n\u0131 sa\u011flamak i\u00e7in durmaks\u0131z\u0131n en iyi \u00e7evrimi\u00e7i slotlar\u0131 ar\u0131yor.<\/span><\/p><h2><b>Misyonumuz<\/b><\/h2><p><span style=\"font-weight: 400;\">Fruit-Slots.com, \u00e7evrimi\u00e7i slotlarla ilgili deneyiminizi geli\u015ftirmeye kendini adam\u0131\u015ft\u0131r. T\u00fcm slot oyunu merakl\u0131lar\u0131 i\u00e7in yard\u0131mc\u0131 ve destekleyici bir kaynak olmay\u0131 hedefliyoruz. Sitemizde yanl\u0131\u015f veya g\u00fcncel olmayan herhangi bir bilgi bulursan\u0131z, \u00f6z\u00fcr dileriz ve d\u00fczeltmeler i\u00e7in bizimle ileti\u015fime ge\u00e7menizi \u00f6neririz. \u0130ncelemelerimizin iyi ara\u015ft\u0131r\u0131lm\u0131\u015f ve g\u00fcvenilir olmas\u0131n\u0131 sa\u011fl\u0131yor, yaln\u0131zca en g\u00fcvenli ve en e\u011flenceli slot oyunlar\u0131n\u0131 tan\u0131t\u0131yoruz.<\/span><\/p><p><span style=\"font-weight: 400;\">Web sitemizde kolay gezinme ve kullan\u0131c\u0131 dostu bir tasar\u0131ma \u00f6ncelik vererek, gerekli bilgilere eri\u015fmenizi ve yeni slot oyunlar\u0131 hakk\u0131nda bilin\u00e7li kararlar vermenizi kolayla\u015ft\u0131r\u0131yoruz. Detayl\u0131 ve d\u00fcr\u00fcst incelemelerimiz, sizin i\u00e7in do\u011fru oyunu se\u00e7meniz i\u00e7in ihtiyac\u0131n\u0131z olan t\u00fcm bilgileri sa\u011flamak \u00fczere tasarlanm\u0131\u015ft\u0131r.<\/span><\/p><h2><b>Ekibimiz Hakk\u0131nda<\/b><\/h2><p><span style=\"font-weight: 400;\">Fruit-Slots.com, farkl\u0131 ge\u00e7mi\u015flerden gelen ve hepsi \u00e7evrimi\u00e7i oyun sevgisiyle birle\u015fmi\u015f bilgili ve tutkulu bireylerden olu\u015fan \u00e7e\u015fitli bir grup taraf\u0131ndan desteklenmektedir. \u00c7evrimi\u00e7i slot oyunlar\u0131 d\u00fcnyas\u0131ndaki en son promosyonlar\u0131, teklifleri ve haberleri sunma konusunda m\u00fckemmeliz. Bizi farkl\u0131 k\u0131lan, daha geni\u015f bir \u00e7evrimi\u00e7i oyun e\u011flencesi yelpazesini kapsayacak \u015fekilde yaln\u0131zca slot incelemelerinin \u00f6tesine uzanan geni\u015f bir vizyona olan ba\u011fl\u0131l\u0131\u011f\u0131m\u0131zd\u0131r.<\/span><\/p><p><span style=\"font-weight: 400;\">Fruit-Slots.com'da g\u00fcvenli, e\u011flenceli ve \u00f6d\u00fcllendirici bir oyun deneyimi sa\u011flamaya y\u00f6nelik uzmanl\u0131\u011f\u0131m\u0131z ve ba\u011fl\u0131l\u0131\u011f\u0131m\u0131z rehberli\u011finde \u00e7evrimi\u00e7i slotlar\u0131n heyecan verici d\u00fcnyas\u0131n\u0131 ke\u015ffetmek ve keyfini \u00e7\u0131karmak i\u00e7in bize kat\u0131l\u0131n.<\/span><\/p>\t\t\t\t\t\t\t\t<\/div>\n\t\t\t\t<\/div>\n\t\t\t\t<div class=\"elementor-element elementor-element-7507df9 elementor-widget elementor-widget-spacer\" data-id=\"7507df9\" data-element_type=\"widget\" data-e-type=\"widget\" data-widget_type=\"spacer.default\">\n\t\t\t\t<div class=\"elementor-widget-container\">\n\t\t\t\t\t\t\t<div class=\"elementor-spacer\">\n\t\t\t<div class=\"elementor-spacer-inner\"><\/div>\n\t\t<\/div>\n\t\t\t\t\t\t<\/div>\n\t\t\t\t<\/div>\n\t\t\t\t<\/div>\n\t\t\t\t\t<\/div>\n\t\t\t\t<\/div>\n\t\t\t\t<\/div>","protected":false},"excerpt":{"rendered":"<p>About Us Welcome to Fruit-Slots.com, your definitive source for detailed reviews and insights into the online slots landscape. With over six years of expertise in the realm of online gambling, we&#8217;re dedicated to guiding you through the vast world of online slot games, ensuring you find your next favorite game with ease and excitement. About [&hellip;]<\/p>","protected":false},"author":1,"featured_media":1159,"parent":0,"menu_order":0,"comment_status":"closed","ping_status":"closed","template":"","meta":{"footnotes":""},"class_list":["post-1306","page","type-page","status-publish","has-post-thumbnail","hentry"],"blocksy_meta":{"has_hero_section":"disabled","styles_descriptor":{"styles":{"desktop":"","tablet":"","mobile":""},"google_fonts":[],"version":6}},"yoast_head":"<!-- This site is optimized with the Yoast SEO plugin v27.6 - https:\/\/yoast.com\/product\/yoast-seo-wordpress\/ -->\n<title>About Us - Fruit-Slots<\/title>\n<meta name=\"robots\" content=\"index, follow, max-snippet:-1, max-image-preview:large, max-video-preview:-1\" \/>\n<link rel=\"canonical\" href=\"https:\/\/fruit-slots.com\/tr\/about-us\/\" \/>\n<meta property=\"og:locale\" content=\"tr_TR\" \/>\n<meta property=\"og:type\" content=\"article\" \/>\n<meta property=\"og:title\" content=\"About Us - Fruit-Slots\" \/>\n<meta property=\"og:description\" content=\"About Us Welcome to Fruit-Slots.com, your definitive source for detailed reviews and insights into the online slots landscape. With over six years of expertise in the realm of online gambling, we&#8217;re dedicated to guiding you through the vast world of online slot games, ensuring you find your next favorite game with ease and excitement. About [&hellip;]\" \/>\n<meta property=\"og:url\" content=\"https:\/\/fruit-slots.com\/tr\/about-us\/\" \/>\n<meta property=\"og:site_name\" content=\"Fruit-Slots\" \/>\n<meta property=\"article:modified_time\" content=\"2024-08-12T15:28:50+00:00\" \/>\n<meta property=\"og:image\" content=\"https:\/\/fruit-slots.com\/wp-content\/uploads\/2024\/08\/orig-1-min.png\" \/>\n\t<meta property=\"og:image:width\" content=\"800\" \/>\n\t<meta property=\"og:image:height\" content=\"470\" \/>\n\t<meta property=\"og:image:type\" content=\"image\/png\" \/>\n<meta name=\"twitter:card\" content=\"summary_large_image\" \/>\n<meta name=\"twitter:label1\" content=\"Tahmini okuma s\u00fcresi\" \/>\n\t<meta name=\"twitter:data1\" content=\"2 dakika\" \/>\n<script type=\"application\/ld+json\" class=\"yoast-schema-graph\">{\"@context\":\"https:\\\/\\\/schema.org\",\"@graph\":[{\"@type\":\"WebPage\",\"@id\":\"https:\\\/\\\/fruit-slots.com\\\/about-us\\\/\",\"url\":\"https:\\\/\\\/fruit-slots.com\\\/about-us\\\/\",\"name\":\"About Us - Fruit-Slots\",\"isPartOf\":{\"@id\":\"https:\\\/\\\/fruit-slots.com\\\/#website\"},\"primaryImageOfPage\":{\"@id\":\"https:\\\/\\\/fruit-slots.com\\\/about-us\\\/#primaryimage\"},\"image\":{\"@id\":\"https:\\\/\\\/fruit-slots.com\\\/about-us\\\/#primaryimage\"},\"thumbnailUrl\":\"https:\\\/\\\/fruit-slots.com\\\/wp-content\\\/uploads\\\/2024\\\/08\\\/orig-1-min.png\",\"datePublished\":\"2024-08-12T15:27:45+00:00\",\"dateModified\":\"2024-08-12T15:28:50+00:00\",\"breadcrumb\":{\"@id\":\"https:\\\/\\\/fruit-slots.com\\\/about-us\\\/#breadcrumb\"},\"inLanguage\":\"tr\",\"potentialAction\":[{\"@type\":\"ReadAction\",\"target\":[\"https:\\\/\\\/fruit-slots.com\\\/about-us\\\/\"]}]},{\"@type\":\"ImageObject\",\"inLanguage\":\"tr\",\"@id\":\"https:\\\/\\\/fruit-slots.com\\\/about-us\\\/#primaryimage\",\"url\":\"https:\\\/\\\/fruit-slots.com\\\/wp-content\\\/uploads\\\/2024\\\/08\\\/orig-1-min.png\",\"contentUrl\":\"https:\\\/\\\/fruit-slots.com\\\/wp-content\\\/uploads\\\/2024\\\/08\\\/orig-1-min.png\",\"width\":800,\"height\":470},{\"@type\":\"BreadcrumbList\",\"@id\":\"https:\\\/\\\/fruit-slots.com\\\/about-us\\\/#breadcrumb\",\"itemListElement\":[{\"@type\":\"ListItem\",\"position\":1,\"name\":\"Home\",\"item\":\"https:\\\/\\\/fruit-slots.com\\\/\"},{\"@type\":\"ListItem\",\"position\":2,\"name\":\"About Us\"}]},{\"@type\":\"WebSite\",\"@id\":\"https:\\\/\\\/fruit-slots.com\\\/#website\",\"url\":\"https:\\\/\\\/fruit-slots.com\\\/\",\"name\":\"Fruit-Slots\",\"description\":\"My WordPress Blog\",\"publisher\":{\"@id\":\"https:\\\/\\\/fruit-slots.com\\\/#organization\"},\"potentialAction\":[{\"@type\":\"SearchAction\",\"target\":{\"@type\":\"EntryPoint\",\"urlTemplate\":\"https:\\\/\\\/fruit-slots.com\\\/?s={search_term_string}\"},\"query-input\":{\"@type\":\"PropertyValueSpecification\",\"valueRequired\":true,\"valueName\":\"search_term_string\"}}],\"inLanguage\":\"tr\"},{\"@type\":\"Organization\",\"@id\":\"https:\\\/\\\/fruit-slots.com\\\/#organization\",\"name\":\"Fruit-Slots\",\"url\":\"https:\\\/\\\/fruit-slots.com\\\/\",\"logo\":{\"@type\":\"ImageObject\",\"inLanguage\":\"tr\",\"@id\":\"https:\\\/\\\/fruit-slots.com\\\/#\\\/schema\\\/logo\\\/image\\\/\",\"url\":\"https:\\\/\\\/fruit-slots.com\\\/wp-content\\\/uploads\\\/2024\\\/08\\\/58e0b7d4-f614-4c61-9f33-df43065133d0-min.png\",\"contentUrl\":\"https:\\\/\\\/fruit-slots.com\\\/wp-content\\\/uploads\\\/2024\\\/08\\\/58e0b7d4-f614-4c61-9f33-df43065133d0-min.png\",\"width\":994,\"height\":564,\"caption\":\"Fruit-Slots\"},\"image\":{\"@id\":\"https:\\\/\\\/fruit-slots.com\\\/#\\\/schema\\\/logo\\\/image\\\/\"}}]}<\/script>\n<!-- \/ Yoast SEO plugin. -->","yoast_head_json":{"title":"About Us - Fruit-Slots","robots":{"index":"index","follow":"follow","max-snippet":"max-snippet:-1","max-image-preview":"max-image-preview:large","max-video-preview":"max-video-preview:-1"},"canonical":"https:\/\/fruit-slots.com\/tr\/about-us\/","og_locale":"tr_TR","og_type":"article","og_title":"About Us - Fruit-Slots","og_description":"About Us Welcome to Fruit-Slots.com, your definitive source for detailed reviews and insights into the online slots landscape. With over six years of expertise in the realm of online gambling, we&#8217;re dedicated to guiding you through the vast world of online slot games, ensuring you find your next favorite game with ease and excitement. About [&hellip;]","og_url":"https:\/\/fruit-slots.com\/tr\/about-us\/","og_site_name":"Fruit-Slots","article_modified_time":"2024-08-12T15:28:50+00:00","og_image":[{"width":800,"height":470,"url":"https:\/\/fruit-slots.com\/wp-content\/uploads\/2024\/08\/orig-1-min.png","type":"image\/png"}],"twitter_card":"summary_large_image","twitter_misc":{"Tahmini okuma s\u00fcresi":"2 dakika"},"schema":{"@context":"https:\/\/schema.org","@graph":[{"@type":"WebPage","@id":"https:\/\/fruit-slots.com\/about-us\/","url":"https:\/\/fruit-slots.com\/about-us\/","name":"About Us - Fruit-Slots","isPartOf":{"@id":"https:\/\/fruit-slots.com\/#website"},"primaryImageOfPage":{"@id":"https:\/\/fruit-slots.com\/about-us\/#primaryimage"},"image":{"@id":"https:\/\/fruit-slots.com\/about-us\/#primaryimage"},"thumbnailUrl":"https:\/\/fruit-slots.com\/wp-content\/uploads\/2024\/08\/orig-1-min.png","datePublished":"2024-08-12T15:27:45+00:00","dateModified":"2024-08-12T15:28:50+00:00","breadcrumb":{"@id":"https:\/\/fruit-slots.com\/about-us\/#breadcrumb"},"inLanguage":"tr","potentialAction":[{"@type":"ReadAction","target":["https:\/\/fruit-slots.com\/about-us\/"]}]},{"@type":"ImageObject","inLanguage":"tr","@id":"https:\/\/fruit-slots.com\/about-us\/#primaryimage","url":"https:\/\/fruit-slots.com\/wp-content\/uploads\/2024\/08\/orig-1-min.png","contentUrl":"https:\/\/fruit-slots.com\/wp-content\/uploads\/2024\/08\/orig-1-min.png","width":800,"height":470},{"@type":"BreadcrumbList","@id":"https:\/\/fruit-slots.com\/about-us\/#breadcrumb","itemListElement":[{"@type":"ListItem","position":1,"name":"Home","item":"https:\/\/fruit-slots.com\/"},{"@type":"ListItem","position":2,"name":"About Us"}]},{"@type":"WebSite","@id":"https:\/\/fruit-slots.com\/#website","url":"https:\/\/fruit-slots.com\/","name":"Fruit-Slots","description":"My WordPress Blog","publisher":{"@id":"https:\/\/fruit-slots.com\/#organization"},"potentialAction":[{"@type":"SearchAction","target":{"@type":"EntryPoint","urlTemplate":"https:\/\/fruit-slots.com\/?s={search_term_string}"},"query-input":{"@type":"PropertyValueSpecification","valueRequired":true,"valueName":"search_term_string"}}],"inLanguage":"tr"},{"@type":"Organization","@id":"https:\/\/fruit-slots.com\/#organization","name":"Fruit-Slots","url":"https:\/\/fruit-slots.com\/","logo":{"@type":"ImageObject","inLanguage":"tr","@id":"https:\/\/fruit-slots.com\/#\/schema\/logo\/image\/","url":"https:\/\/fruit-slots.com\/wp-content\/uploads\/2024\/08\/58e0b7d4-f614-4c61-9f33-df43065133d0-min.png","contentUrl":"https:\/\/fruit-slots.com\/wp-content\/uploads\/2024\/08\/58e0b7d4-f614-4c61-9f33-df43065133d0-min.png","width":994,"height":564,"caption":"Fruit-Slots"},"image":{"@id":"https:\/\/fruit-slots.com\/#\/schema\/logo\/image\/"}}]}},"_links":{"self":[{"href":"https:\/\/fruit-slots.com\/tr\/wp-json\/wp\/v2\/pages\/1306","targetHints":{"allow":["GET"]}}],"collection":[{"href":"https:\/\/fruit-slots.com\/tr\/wp-json\/wp\/v2\/pages"}],"about":[{"href":"https:\/\/fruit-slots.com\/tr\/wp-json\/wp\/v2\/types\/page"}],"author":[{"embeddable":true,"href":"https:\/\/fruit-slots.com\/tr\/wp-json\/wp\/v2\/users\/1"}],"replies":[{"embeddable":true,"href":"https:\/\/fruit-slots.com\/tr\/wp-json\/wp\/v2\/comments?post=1306"}],"version-history":[{"count":0,"href":"https:\/\/fruit-slots.com\/tr\/wp-json\/wp\/v2\/pages\/1306\/revisions"}],"wp:featuredmedia":[{"embeddable":true,"href":"https:\/\/fruit-slots.com\/tr\/wp-json\/wp\/v2\/media\/1159"}],"wp:attachment":[{"href":"https:\/\/fruit-slots.com\/tr\/wp-json\/wp\/v2\/media?parent=1306"}],"curies":[{"name":"wp","href":"https:\/\/api.w.org\/{rel}","templated":true}]}}